{"id":62783,"date":"2025-09-23T16:09:31","date_gmt":"2025-09-23T15:09:31","guid":{"rendered":"https:\/\/noniussolutions.com\/?page_id=62783"},"modified":"2026-03-16T16:49:23","modified_gmt":"2026-03-16T16:49:23","slug":"cookies-regelung","status":"publish","type":"page","link":"https:\/\/noniussolutions.com\/de\/cookies-regelung\/","title":{"rendered":"Cookies-Regelung"},"content":{"rendered":"[vc_row type=&#8220;in_container&#8220; full_screen_row_position=&#8220;middle&#8220; column_margin=&#8220;default&#8220; column_direction=&#8220;default&#8220; column_direction_tablet=&#8220;default&#8220; column_direction_phone=&#8220;default&#8220; scene_position=&#8220;center&#8220; text_color=&#8220;dark&#8220; text_align=&#8220;left&#8220; row_border_radius=&#8220;none&#8220; row_border_radius_applies=&#8220;bg&#8220; overflow=&#8220;visible&#8220; overlay_strength=&#8220;0.3&#8243; gradient_direction=&#8220;left_to_right&#8220; shape_divider_position=&#8220;bottom&#8220; bg_image_animation=&#8220;none&#8220;][vc_column column_padding=&#8220;no-extra-padding&#8220; column_padding_tablet=&#8220;inherit&#8220; column_padding_phone=&#8220;inherit&#8220; column_padding_position=&#8220;all&#8220; column_element_direction_desktop=&#8220;default&#8220; column_element_spacing=&#8220;default&#8220; desktop_text_alignment=&#8220;default&#8220; tablet_text_alignment=&#8220;default&#8220; phone_text_alignment=&#8220;default&#8220; background_color_opacity=&#8220;1&#8243; background_hover_color_opacity=&#8220;1&#8243; column_backdrop_filter=&#8220;none&#8220; column_shadow=&#8220;none&#8220; column_border_radius=&#8220;none&#8220; column_link_target=&#8220;_self&#8220; column_position=&#8220;default&#8220; gradient_direction=&#8220;left_to_right&#8220; overlay_strength=&#8220;0.3&#8243; width=&#8220;1\/1&#8243; tablet_width_inherit=&#8220;default&#8220; animation_type=&#8220;default&#8220; bg_image_animation=&#8220;none&#8220; border_type=&#8220;simple&#8220; column_border_width=&#8220;none&#8220; column_border_style=&#8220;solid&#8220;][vc_column_text css=&#8220;&#8220; text_direction=&#8220;default&#8220;]\n<h1>Cookies Policy<\/h1>\n<p>&nbsp;<\/p>\n<p>Cookies sind kleine Textdateien, die von den von Ihnen besuchten Websites auf Ihrem Computer gespeichert werden. Sie werden h\u00e4ufig verwendet, um Websites funktionsf\u00e4hig zu machen oder effizienter zu gestalten und um den Eigent\u00fcmern der Website Informationen zur Verf\u00fcgung zu stellen. <\/p>\n<p><strong>Welche Art von Cookies verwenden wir?<\/strong><\/p>\n<p>Die von uns verwendeten Cookies k\u00f6nnen sein:<br \/>Sitzungscookies \u2013 diese sind tempor\u00e4r und bleiben nur in der Cookie-Datei, bis Sie die Website verlassen. Die erhaltenen Informationen erm\u00f6glichen es uns, Verkehrsmuster zu analysieren, die bei der Identifizierung von Problemen helfen und ein besseres Surferlebnis bieten.<br \/>Dauerhafte Cookies \u2013 werden im Browser des Ger\u00e4ts gespeichert, bis Sie sie manuell l\u00f6schen oder das Verfallsdatum erreicht ist. Sie helfen Websites, sich an Ihre Informationen und Einstellungen zu erinnern, wenn Sie sie in Zukunft besuchen. Dies f\u00fchrt zu einem schnelleren und bequemeren Zugang.   <\/p>\n<p><strong>Unsere Cookies haben unterschiedliche Funktionen:<\/strong><br \/>Analytische Cookies \u2013 diese Cookies erm\u00f6glichen es uns zu analysieren, wie die Nutzer die Website nutzen, und die Leistung der Website zu \u00fcberwachen. Sie erm\u00f6glichen es uns, eine hohe Qualit\u00e4t zu bieten und auftretende Probleme schnell zu erkennen und zu beheben.<br \/>Funktionalit\u00e4ts-Cookies \u2013 erm\u00f6glichen es, sich an Benutzerpr\u00e4ferenzen zu erinnern. Zum Beispiel vermeiden Cookies, dass Sie bei jedem Zugriff auf die Website Ihren Namen eingeben m\u00fcssen.<br \/>Cookies von Drittanbietern \u2013 erm\u00f6glichen die Messung des Erfolgs von Anwendungen und k\u00f6nnen verwendet werden, um Schaltfl\u00e4chen, Men\u00fcs, Symbole und andere Komponenten der grafischen Benutzeroberfl\u00e4che mit Benutzerdaten anzupassen.  <\/p>\n<p>Die meisten Webbrowser erlauben eine gewisse Kontrolle der meisten Cookies \u00fcber die Browsereinstellungen. Um mehr \u00fcber Cookies zu erfahren, einschlie\u00dflich der Frage, wie Sie sehen k\u00f6nnen, welche Cookies gesetzt wurden und wie Sie sie verwalten und l\u00f6schen k\u00f6nnen, besuchen Sie<a href=\"https:\/\/allaboutcookies.org\/\" target=\"_blank\" rel=\"noopener\"> www.allaboutcookies.org<\/a>.[\/vc_column_text][\/vc_column][\/vc_row]\n","protected":false},"excerpt":{"rendered":"<p>[vc_row type=&#8220;in_container&#8220; full_screen_row_position=&#8220;middle&#8220; column_margin=&#8220;default&#8220; column_direction=&#8220;default&#8220; column_direction_tablet=&#8220;default&#8220; column_direction_phone=&#8220;default&#8220; scene_position=&#8220;center&#8220; text_color=&#8220;dark&#8220; text_align=&#8220;left&#8220; row_border_radius=&#8220;none&#8220; row_border_radius_applies=&#8220;bg&#8220; overflow=&#8220;visible&#8220; overlay_strength=&#8220;0.3&#8243; gradient_direction=&#8220;left_to_right&#8220; shape_divider_position=&#8220;bottom&#8220; bg_image_animation=&#8220;none&#8220;][vc_column column_padding=&#8220;no-extra-padding&#8220; column_padding_tablet=&#8220;inherit&#8220; column_padding_phone=&#8220;inherit&#8220; column_padding_position=&#8220;all&#8220; column_element_direction_desktop=&#8220;default&#8220; column_element_spacing=&#8220;default&#8220; desktop_text_alignment=&#8220;default&#8220; tablet_text_alignment=&#8220;default&#8220; phone_text_alignment=&#8220;default&#8220; background_color_opacity=&#8220;1&#8243; background_hover_color_opacity=&#8220;1&#8243; column_backdrop_filter=&#8220;none&#8220; column_shadow=&#8220;none&#8220;&#8230;<\/p>\n","protected":false},"author":1,"featured_media":0,"parent":0,"menu_order":0,"comment_status":"closed","ping_status":"closed","template":"","meta":{"footnotes":"","_wp_rev_ctl_limit":""},"class_list":["post-62783","page","type-page","status-publish"],"yoast_head":"<!-- This site is optimized with the Yoast SEO plugin v27.3 - https:\/\/yoast.com\/product\/yoast-seo-wordpress\/ -->\n<title>Cookies-Regelung &#8211; Nonius<\/title>\n<meta name=\"robots\" content=\"index, follow, max-snippet:-1, max-image-preview:large, max-video-preview:-1\" \/>\n<link rel=\"canonical\" href=\"https:\/\/noniussolutions.com\/de\/cookies-regelung\/\" \/>\n<meta property=\"og:locale\" content=\"de_DE\" \/>\n<meta property=\"og:type\" content=\"article\" \/>\n<meta property=\"og:title\" content=\"Cookies-Regelung &#8211; Nonius\" \/>\n<meta property=\"og:description\" content=\"[vc_row type=&#8220;in_container&#8220; full_screen_row_position=&#8220;middle&#8220; column_margin=&#8220;default&#8220; column_direction=&#8220;default&#8220; column_direction_tablet=&#8220;default&#8220; column_direction_phone=&#8220;default&#8220; scene_position=&#8220;center&#8220; text_color=&#8220;dark&#8220; text_align=&#8220;left&#8220; row_border_radius=&#8220;none&#8220; row_border_radius_applies=&#8220;bg&#8220; overflow=&#8220;visible&#8220; overlay_strength=&#8220;0.3&#8243; gradient_direction=&#8220;left_to_right&#8220; shape_divider_position=&#8220;bottom&#8220; bg_image_animation=&#8220;none&#8220;][vc_column column_padding=&#8220;no-extra-padding&#8220; column_padding_tablet=&#8220;inherit&#8220; column_padding_phone=&#8220;inherit&#8220; column_padding_position=&#8220;all&#8220; column_element_direction_desktop=&#8220;default&#8220; column_element_spacing=&#8220;default&#8220; desktop_text_alignment=&#8220;default&#8220; tablet_text_alignment=&#8220;default&#8220; phone_text_alignment=&#8220;default&#8220; background_color_opacity=&#8220;1&#8243; background_hover_color_opacity=&#8220;1&#8243; column_backdrop_filter=&#8220;none&#8220; column_shadow=&#8220;none&#8220;...\" \/>\n<meta property=\"og:url\" content=\"https:\/\/noniussolutions.com\/de\/cookies-regelung\/\" \/>\n<meta property=\"og:site_name\" content=\"Nonius\" \/>\n<meta property=\"article:publisher\" content=\"https:\/\/www.facebook.com\/noniussoftware\/\" \/>\n<meta property=\"article:modified_time\" content=\"2026-03-16T16:49:23+00:00\" \/>\n<meta name=\"twitter:card\" content=\"summary_large_image\" \/>\n<meta name=\"twitter:label1\" content=\"Gesch\u00e4tzte Lesezeit\" \/>\n\t<meta name=\"twitter:data1\" content=\"2\u00a0Minuten\" \/>\n<script type=\"application\/ld+json\" class=\"yoast-schema-graph\">{\"@context\":\"https:\\\/\\\/schema.org\",\"@graph\":[{\"@type\":\"WebPage\",\"@id\":\"https:\\\/\\\/noniussolutions.com\\\/de\\\/cookies-regelung\\\/\",\"url\":\"https:\\\/\\\/noniussolutions.com\\\/de\\\/cookies-regelung\\\/\",\"name\":\"Cookies-Regelung &#8211; Nonius\",\"isPartOf\":{\"@id\":\"https:\\\/\\\/noniussolutions.com\\\/de\\\/#website\"},\"datePublished\":\"2025-09-23T15:09:31+00:00\",\"dateModified\":\"2026-03-16T16:49:23+00:00\",\"breadcrumb\":{\"@id\":\"https:\\\/\\\/noniussolutions.com\\\/de\\\/cookies-regelung\\\/#breadcrumb\"},\"inLanguage\":\"de\",\"potentialAction\":[{\"@type\":\"ReadAction\",\"target\":[\"https:\\\/\\\/noniussolutions.com\\\/de\\\/cookies-regelung\\\/\"]}]},{\"@type\":\"BreadcrumbList\",\"@id\":\"https:\\\/\\\/noniussolutions.com\\\/de\\\/cookies-regelung\\\/#breadcrumb\",\"itemListElement\":[{\"@type\":\"ListItem\",\"position\":1,\"name\":\"Home\",\"item\":\"https:\\\/\\\/noniussolutions.com\\\/de\\\/\"},{\"@type\":\"ListItem\",\"position\":2,\"name\":\"Cookies-Regelung\"}]},{\"@type\":\"WebSite\",\"@id\":\"https:\\\/\\\/noniussolutions.com\\\/de\\\/#website\",\"url\":\"https:\\\/\\\/noniussolutions.com\\\/de\\\/\",\"name\":\"Nonius\",\"description\":\"Hospitality Technology\",\"publisher\":{\"@id\":\"https:\\\/\\\/noniussolutions.com\\\/de\\\/#organization\"},\"potentialAction\":[{\"@type\":\"SearchAction\",\"target\":{\"@type\":\"EntryPoint\",\"urlTemplate\":\"https:\\\/\\\/noniussolutions.com\\\/de\\\/?s={search_term_string}\"},\"query-input\":{\"@type\":\"PropertyValueSpecification\",\"valueRequired\":true,\"valueName\":\"search_term_string\"}}],\"inLanguage\":\"de\"},{\"@type\":\"Organization\",\"@id\":\"https:\\\/\\\/noniussolutions.com\\\/de\\\/#organization\",\"name\":\"Nonius\",\"url\":\"https:\\\/\\\/noniussolutions.com\\\/de\\\/\",\"logo\":{\"@type\":\"ImageObject\",\"inLanguage\":\"de\",\"@id\":\"https:\\\/\\\/noniussolutions.com\\\/de\\\/#\\\/schema\\\/logo\\\/image\\\/\",\"url\":\"https:\\\/\\\/noniussolutions.com\\\/wp-content\\\/uploads\\\/2025\\\/11\\\/logo-N.png\",\"contentUrl\":\"https:\\\/\\\/noniussolutions.com\\\/wp-content\\\/uploads\\\/2025\\\/11\\\/logo-N.png\",\"width\":500,\"height\":500,\"caption\":\"Nonius\"},\"image\":{\"@id\":\"https:\\\/\\\/noniussolutions.com\\\/de\\\/#\\\/schema\\\/logo\\\/image\\\/\"},\"sameAs\":[\"https:\\\/\\\/www.facebook.com\\\/noniussoftware\\\/\",\"https:\\\/\\\/www.linkedin.com\\\/company\\\/nonius\\\/\",\"https:\\\/\\\/www.youtube.com\\\/user\\\/NoniusSoft\",\"https:\\\/\\\/www.instagram.com\\\/noniussolutions\\\/\"]}]}<\/script>\n<!-- \/ Yoast SEO plugin. -->","yoast_head_json":{"title":"Cookies-Regelung &#8211; Nonius","robots":{"index":"index","follow":"follow","max-snippet":"max-snippet:-1","max-image-preview":"max-image-preview:large","max-video-preview":"max-video-preview:-1"},"canonical":"https:\/\/noniussolutions.com\/de\/cookies-regelung\/","og_locale":"de_DE","og_type":"article","og_title":"Cookies-Regelung &#8211; Nonius","og_description":"[vc_row type=&#8220;in_container&#8220; full_screen_row_position=&#8220;middle&#8220; column_margin=&#8220;default&#8220; column_direction=&#8220;default&#8220; column_direction_tablet=&#8220;default&#8220; column_direction_phone=&#8220;default&#8220; scene_position=&#8220;center&#8220; text_color=&#8220;dark&#8220; text_align=&#8220;left&#8220; row_border_radius=&#8220;none&#8220; row_border_radius_applies=&#8220;bg&#8220; overflow=&#8220;visible&#8220; overlay_strength=&#8220;0.3&#8243; gradient_direction=&#8220;left_to_right&#8220; shape_divider_position=&#8220;bottom&#8220; bg_image_animation=&#8220;none&#8220;][vc_column column_padding=&#8220;no-extra-padding&#8220; column_padding_tablet=&#8220;inherit&#8220; column_padding_phone=&#8220;inherit&#8220; column_padding_position=&#8220;all&#8220; column_element_direction_desktop=&#8220;default&#8220; column_element_spacing=&#8220;default&#8220; desktop_text_alignment=&#8220;default&#8220; tablet_text_alignment=&#8220;default&#8220; phone_text_alignment=&#8220;default&#8220; background_color_opacity=&#8220;1&#8243; background_hover_color_opacity=&#8220;1&#8243; column_backdrop_filter=&#8220;none&#8220; column_shadow=&#8220;none&#8220;...","og_url":"https:\/\/noniussolutions.com\/de\/cookies-regelung\/","og_site_name":"Nonius","article_publisher":"https:\/\/www.facebook.com\/noniussoftware\/","article_modified_time":"2026-03-16T16:49:23+00:00","twitter_card":"summary_large_image","twitter_misc":{"Gesch\u00e4tzte Lesezeit":"2\u00a0Minuten"},"schema":{"@context":"https:\/\/schema.org","@graph":[{"@type":"WebPage","@id":"https:\/\/noniussolutions.com\/de\/cookies-regelung\/","url":"https:\/\/noniussolutions.com\/de\/cookies-regelung\/","name":"Cookies-Regelung &#8211; Nonius","isPartOf":{"@id":"https:\/\/noniussolutions.com\/de\/#website"},"datePublished":"2025-09-23T15:09:31+00:00","dateModified":"2026-03-16T16:49:23+00:00","breadcrumb":{"@id":"https:\/\/noniussolutions.com\/de\/cookies-regelung\/#breadcrumb"},"inLanguage":"de","potentialAction":[{"@type":"ReadAction","target":["https:\/\/noniussolutions.com\/de\/cookies-regelung\/"]}]},{"@type":"BreadcrumbList","@id":"https:\/\/noniussolutions.com\/de\/cookies-regelung\/#breadcrumb","itemListElement":[{"@type":"ListItem","position":1,"name":"Home","item":"https:\/\/noniussolutions.com\/de\/"},{"@type":"ListItem","position":2,"name":"Cookies-Regelung"}]},{"@type":"WebSite","@id":"https:\/\/noniussolutions.com\/de\/#website","url":"https:\/\/noniussolutions.com\/de\/","name":"Nonius","description":"Hospitality Technology","publisher":{"@id":"https:\/\/noniussolutions.com\/de\/#organization"},"potentialAction":[{"@type":"SearchAction","target":{"@type":"EntryPoint","urlTemplate":"https:\/\/noniussolutions.com\/de\/?s={search_term_string}"},"query-input":{"@type":"PropertyValueSpecification","valueRequired":true,"valueName":"search_term_string"}}],"inLanguage":"de"},{"@type":"Organization","@id":"https:\/\/noniussolutions.com\/de\/#organization","name":"Nonius","url":"https:\/\/noniussolutions.com\/de\/","logo":{"@type":"ImageObject","inLanguage":"de","@id":"https:\/\/noniussolutions.com\/de\/#\/schema\/logo\/image\/","url":"https:\/\/noniussolutions.com\/wp-content\/uploads\/2025\/11\/logo-N.png","contentUrl":"https:\/\/noniussolutions.com\/wp-content\/uploads\/2025\/11\/logo-N.png","width":500,"height":500,"caption":"Nonius"},"image":{"@id":"https:\/\/noniussolutions.com\/de\/#\/schema\/logo\/image\/"},"sameAs":["https:\/\/www.facebook.com\/noniussoftware\/","https:\/\/www.linkedin.com\/company\/nonius\/","https:\/\/www.youtube.com\/user\/NoniusSoft","https:\/\/www.instagram.com\/noniussolutions\/"]}]}},"_links":{"self":[{"href":"https:\/\/noniussolutions.com\/de\/wp-json\/wp\/v2\/pages\/62783","targetHints":{"allow":["GET"]}}],"collection":[{"href":"https:\/\/noniussolutions.com\/de\/wp-json\/wp\/v2\/pages"}],"about":[{"href":"https:\/\/noniussolutions.com\/de\/wp-json\/wp\/v2\/types\/page"}],"author":[{"embeddable":true,"href":"https:\/\/noniussolutions.com\/de\/wp-json\/wp\/v2\/users\/1"}],"replies":[{"embeddable":true,"href":"https:\/\/noniussolutions.com\/de\/wp-json\/wp\/v2\/comments?post=62783"}],"version-history":[{"count":0,"href":"https:\/\/noniussolutions.com\/de\/wp-json\/wp\/v2\/pages\/62783\/revisions"}],"wp:attachment":[{"href":"https:\/\/noniussolutions.com\/de\/wp-json\/wp\/v2\/media?parent=62783"}],"curies":[{"name":"wp","href":"https:\/\/api.w.org\/{rel}","templated":true}]}}