{"id":62805,"date":"2025-09-26T09:42:45","date_gmt":"2025-09-26T08:42:45","guid":{"rendered":"https:\/\/noniussolutions.com\/?page_id=62805"},"modified":"2026-03-16T16:49:52","modified_gmt":"2026-03-16T16:49:52","slug":"gdpr","status":"publish","type":"page","link":"https:\/\/noniussolutions.com\/de\/gdpr\/","title":{"rendered":"Nonius Einhaltung der GDPR"},"content":{"rendered":"[vc_row type=&#8220;in_container&#8220; full_screen_row_position=&#8220;middle&#8220; column_margin=&#8220;default&#8220; column_direction=&#8220;default&#8220; column_direction_tablet=&#8220;default&#8220; column_direction_phone=&#8220;default&#8220; scene_position=&#8220;center&#8220; text_color=&#8220;dark&#8220; text_align=&#8220;left&#8220; row_border_radius=&#8220;none&#8220; row_border_radius_applies=&#8220;bg&#8220; overflow=&#8220;visible&#8220; overlay_strength=&#8220;0.3&#8243; gradient_direction=&#8220;left_to_right&#8220; shape_divider_position=&#8220;bottom&#8220; bg_image_animation=&#8220;none&#8220;][vc_column column_padding=&#8220;no-extra-padding&#8220; column_padding_tablet=&#8220;inherit&#8220; column_padding_phone=&#8220;inherit&#8220; column_padding_position=&#8220;all&#8220; column_element_direction_desktop=&#8220;default&#8220; column_element_spacing=&#8220;default&#8220; desktop_text_alignment=&#8220;default&#8220; tablet_text_alignment=&#8220;default&#8220; phone_text_alignment=&#8220;default&#8220; background_color_opacity=&#8220;1&#8243; background_hover_color_opacity=&#8220;1&#8243; column_backdrop_filter=&#8220;none&#8220; column_shadow=&#8220;none&#8220; column_border_radius=&#8220;none&#8220; column_link_target=&#8220;_self&#8220; column_position=&#8220;default&#8220; gradient_direction=&#8220;left_to_right&#8220; overlay_strength=&#8220;0.3&#8243; width=&#8220;1\/1&#8243; tablet_width_inherit=&#8220;default&#8220; animation_type=&#8220;default&#8220; bg_image_animation=&#8220;none&#8220; border_type=&#8220;simple&#8220; column_border_width=&#8220;none&#8220; column_border_style=&#8220;solid&#8220;][vc_column_text css=&#8220;&#8220; text_direction=&#8220;default&#8220;]\n<h1>Nonius Einhaltung der GDPR<\/h1>\n<p>&nbsp;<\/p>\n<p>Nonius ist ein Integrator und Hersteller von Software und Netzwerkger\u00e4ten f\u00fcr das Gastgewerbe. Die von Nonius gelieferten Produkte verarbeiten und speichern viele Arten von Daten. Die Produkte von Nonius sind <a href=\"https:\/\/ec.europa.eu\/info\/law\/law-topic\/data-protection\/reform\/rules-business-and-organisations\/obligations\/controller-processor\/what-data-controller-or-data-processor_en\" target=\"_blank\" rel=\"noopener\">Datenverarbeiter<\/a>, und die Kunden von Nonius sind die f\u00fcr die Verarbeitung <a href=\"https:\/\/ec.europa.eu\/info\/law\/law-topic\/data-protection\/reform\/rules-business-and-organisations\/obligations\/controller-processor\/what-data-controller-or-data-processor_en\" target=\"_blank\" rel=\"noopener\">Verantwortlichen <\/a>dieser Daten. Die f\u00fcr die Verarbeitung Verantwortlichen k\u00f6nnen entscheiden, welchen Parteien sie Zugang zu den Daten gew\u00e4hren, aber das ist allein die Entscheidung unseres Kunden, des Eigent\u00fcmers.  <\/p>\n<p>Die Verpflichtung von Nonius zum Schutz der personenbezogenen Daten der Nutzer und zur Einhaltung der Datenschutzgrundverordnung (GDPR) ist jedoch folgende:<\/p>\n<p><strong>1.<\/strong> Nonius hat niemals <a href=\"https:\/\/ec.europa.eu\/info\/law\/law-topic\/data-protection\/reform\/what-personal-data_en\" target=\"_blank\" rel=\"noopener\">personenbezogene Daten<\/a>, die von Nonius-Produkten verarbeitet werden, weitergegeben und wird dies auch in Zukunft nicht tun. Nur Kunden, d. h. die Unternehmen, die Nonius-Produkte vor Ort besitzen oder Nonius-Cloud-Dienste nutzen, d\u00fcrfen personenbezogene Daten, die von den Nonius-Produkten erfasst werden, weitergeben. Nonius unterst\u00fctzt seine Kunden jedoch aktiv bei der Einhaltung der GDPR, indem es ihnen Tools zur Verf\u00fcgung stellt, mit denen sie Dienste implementieren k\u00f6nnen, die mit der GDPR konform sind. Nonius-Kunden k\u00f6nnen selbst entscheiden, was sie mit den Daten machen wollen, und mit den zur Verf\u00fcgung gestellten Werkzeugen bleiben sie konform.   <\/p>\n<p><strong>2.<\/strong> Nonius verwendet einige Daten, um die Effizienz von Produkten und Dienstleistungen zu verbessern und Kunden und Endverbrauchern einen besseren Support zu bieten. Nonius wird diese Daten im berechtigten Interesse seiner Kunden und Endnutzer weiter verwenden. Die Call-Center-Agenten des G\u00e4ste- oder Hotelsupports haben und werden auch weiterhin Zugang zu personenbezogenen Daten, wie dem Namen des Kunden, haben, und zwar ausschlie\u00dflich zu dem Zweck, bei der Behebung von Problemen zu helfen und die Effizienz der Prozesse zu verbessern.  <\/p>\n<p><strong>3.<\/strong> Nonius beschr\u00e4nkt die Erhebung und \u00dcbermittlung personenbezogener Daten auf das zur Erf\u00fcllung der Supportaufgaben und zur Verbesserung der Systemeffizienz erforderliche Minimum. Konkret <a href=\"https:\/\/ec.europa.eu\/info\/law\/law-topic\/data-protection\/reform\/what-personal-data_en\" target=\"_blank\" rel=\"noopener\">werden die von<\/a> den verschiedenen Nonius-Produkten verarbeiteten und gespeicherten personenbezogenen Daten der Nutzer dazu verwendet, den Aufenthalt im Hotel zu vereinfachen und zu verbessern, und es werden in der Regel folgende Daten gespeichert: Zimmernummer, Nachname, E-Mail-Adresse, Datum des Check-in\/Check-out, im TV und in der mobilen App get\u00e4tigte Eink\u00e4ufe, MAC- und IP-Adressen der Ger\u00e4te der Nutzer usw. Nonius beschr\u00e4nkt die Daten, die verarbeitet werden, auf die Daten, <a href=\"https:\/\/ec.europa.eu\/info\/law\/law-topic\/data-protection\/reform\/rules-business-and-organisations\/principles-gdpr\/how-much-data-can-be-collected_en\" target=\"_blank\" rel=\"noopener\">die f\u00fcr den Gesch\u00e4ftsprozess wesentlich und relevant sind.<\/a> <\/p>\n<p><strong>4.<\/strong> Nonius entwickelt st\u00e4ndig neue Produkte und erwirbt Unternehmen, die neue Produkte und Dienstleistungen in das Portfolio der Gruppe einbringen. Nonius ist bestrebt, auf alle Produkte die gleichen Regeln anzuwenden, und verpflichtet sich, seinen Kunden gegen\u00fcber transparent zu sein, falls einige der Produkte und Dienstleistungen im Hinblick auf den sicheren Umgang mit personenbezogenen Daten weiterentwickelt werden m\u00fcssen. <\/p>\n<p><strong>5.<\/strong> Nonius h\u00e4lt sich an die Anforderungen der GDPR und informiert die betroffenen Kunden und Endnutzer rechtzeitig \u00fcber <a href=\"https:\/\/ec.europa.eu\/info\/law\/law-topic\/data-protection\/reform\/rules-business-and-organisations\/obligations\/what-data-breach-and-what-do-we-have-do-case-data-breach_en\" target=\"_blank\" rel=\"noopener\">Datenschutzverletzungen<\/a>. Alle On-Premises- und Cloud-basierten Produkte sind Bedrohungen ausgesetzt und k\u00f6nnen kompromittiert werden, insbesondere die Systeme, die dem Internet ausgesetzt sind, was bei den meisten Nonius-Produkten der Fall ist. Nonius testet regelm\u00e4\u00dfig alle Cloud-Server und On-Premises-Ger\u00e4te auf Sicherheitsl\u00fccken, um Sicherheitsm\u00e4ngel zu vermeiden.  <\/p>\n<p><strong>6.<\/strong> Nonius speichert die Daten von EU-B\u00fcrgern innerhalb des Europ\u00e4ischen Wirtschaftsraums (EWR). Nonius bietet Produkte an, die sowohl vor Ort als auch in der Cloud genutzt werden k\u00f6nnen. Die Cloud-basierten Produkte von Nonius wurden unter Ber\u00fccksichtigung des Datenschutzes entwickelt und ihre Architektur beschr\u00e4nkt die Menge an personenbezogenen Daten, die von jedem Kundenger\u00e4t an die Nonius Cloud \u00fcbertragen werden, auf ein Minimum. Nonius Cloud-basierte Produkte sind f\u00fcr den Betrieb auf Servern in der EU konfiguriert.   <\/p>\n<p><strong>7.<\/strong> Nonius stellt sicher, dass auch die Netzwerkmanagement-Informationen und Backups nur <a href=\"https:\/\/ec.europa.eu\/info\/law\/law-topic\/data-protection\/data-transfers-outside-eu\/rules-international-transfers-personal-data_en\" target=\"_blank\" rel=\"noopener\">innerhalb des EWR gespeichert werden<\/a>. Die Nonius-Server sind in regionalen Clustern organisiert, und der Speicher wird f\u00fcr maximale Zuverl\u00e4ssigkeit gesichert, und Nonius garantiert, dass selbst im Falle einer Sicherung f\u00fcr die Wiederherstellung im Katastrophenfall die Daten innerhalb des EWR aufbewahrt werden. <\/p>\n<p><strong>8.<\/strong> Nonius, das an Kunden in der ganzen Welt verkauft, wird sich bem\u00fchen, die GDPR als Grundlage f\u00fcr den Datenschutz f\u00fcr alle Menschen auf der ganzen Welt zu nutzen und nicht nur f\u00fcr europ\u00e4ische Einwohner.<\/p>\n<p>Nonius ist bestrebt, vollst\u00e4ndig <a href=\"https:\/\/ec.europa.eu\/info\/law\/law-topic\/data-protection_en\" target=\"_blank\" rel=\"noopener\">GDPR<\/a>-konform zu sein. Dies umfasst nicht nur die Konformit\u00e4t unserer Produkte, sondern auch die Konformit\u00e4t des Unternehmens als Ganzes. Nonius hat bereits ein einheitliches Datenschutz- und Sicherheitsniveau in seinen Produkten implementiert und wird seine Produkte und Prozesse im Einklang mit den Anforderungen der GDPR verbessern.  <\/p>\n<p>Alle Fragen im Zusammenhang mit der GDPR k\u00f6nnen an den Datenschutzbeauftragten von Nonius gerichtet werden: <a href=\"mailto:dpo@noniussoftware.com\">dpo@noniussoftware.com<\/a>.[\/vc_column_text][\/vc_column][\/vc_row]\n","protected":false},"excerpt":{"rendered":"<p>[vc_row type=&#8220;in_container&#8220; full_screen_row_position=&#8220;middle&#8220; column_margin=&#8220;default&#8220; column_direction=&#8220;default&#8220; column_direction_tablet=&#8220;default&#8220; column_direction_phone=&#8220;default&#8220; scene_position=&#8220;center&#8220; text_color=&#8220;dark&#8220; text_align=&#8220;left&#8220; row_border_radius=&#8220;none&#8220; row_border_radius_applies=&#8220;bg&#8220; overflow=&#8220;visible&#8220; overlay_strength=&#8220;0.3&#8243; gradient_direction=&#8220;left_to_right&#8220; shape_divider_position=&#8220;bottom&#8220; bg_image_animation=&#8220;none&#8220;][vc_column column_padding=&#8220;no-extra-padding&#8220; column_padding_tablet=&#8220;inherit&#8220; column_padding_phone=&#8220;inherit&#8220; column_padding_position=&#8220;all&#8220; column_element_direction_desktop=&#8220;default&#8220; column_element_spacing=&#8220;default&#8220; desktop_text_alignment=&#8220;default&#8220; tablet_text_alignment=&#8220;default&#8220; phone_text_alignment=&#8220;default&#8220; background_color_opacity=&#8220;1&#8243; background_hover_color_opacity=&#8220;1&#8243; column_backdrop_filter=&#8220;none&#8220; column_shadow=&#8220;none&#8220;&#8230;<\/p>\n","protected":false},"author":1,"featured_media":0,"parent":0,"menu_order":0,"comment_status":"closed","ping_status":"closed","template":"","meta":{"footnotes":"","_wp_rev_ctl_limit":""},"class_list":["post-62805","page","type-page","status-publish"],"yoast_head":"<!-- This site is optimized with the Yoast SEO plugin v27.3 - https:\/\/yoast.com\/product\/yoast-seo-wordpress\/ -->\n<title>Nonius Einhaltung der GDPR &#8211; Nonius<\/title>\n<meta name=\"robots\" content=\"index, follow, max-snippet:-1, max-image-preview:large, max-video-preview:-1\" \/>\n<link rel=\"canonical\" href=\"https:\/\/noniussolutions.com\/de\/gdpr\/\" \/>\n<meta property=\"og:locale\" content=\"de_DE\" \/>\n<meta property=\"og:type\" content=\"article\" \/>\n<meta property=\"og:title\" content=\"Nonius Einhaltung der GDPR &#8211; Nonius\" \/>\n<meta property=\"og:description\" content=\"[vc_row type=&#8220;in_container&#8220; full_screen_row_position=&#8220;middle&#8220; column_margin=&#8220;default&#8220; column_direction=&#8220;default&#8220; column_direction_tablet=&#8220;default&#8220; column_direction_phone=&#8220;default&#8220; scene_position=&#8220;center&#8220; text_color=&#8220;dark&#8220; text_align=&#8220;left&#8220; row_border_radius=&#8220;none&#8220; row_border_radius_applies=&#8220;bg&#8220; overflow=&#8220;visible&#8220; overlay_strength=&#8220;0.3&#8243; gradient_direction=&#8220;left_to_right&#8220; shape_divider_position=&#8220;bottom&#8220; bg_image_animation=&#8220;none&#8220;][vc_column column_padding=&#8220;no-extra-padding&#8220; column_padding_tablet=&#8220;inherit&#8220; column_padding_phone=&#8220;inherit&#8220; column_padding_position=&#8220;all&#8220; column_element_direction_desktop=&#8220;default&#8220; column_element_spacing=&#8220;default&#8220; desktop_text_alignment=&#8220;default&#8220; tablet_text_alignment=&#8220;default&#8220; phone_text_alignment=&#8220;default&#8220; background_color_opacity=&#8220;1&#8243; background_hover_color_opacity=&#8220;1&#8243; column_backdrop_filter=&#8220;none&#8220; column_shadow=&#8220;none&#8220;...\" \/>\n<meta property=\"og:url\" content=\"https:\/\/noniussolutions.com\/de\/gdpr\/\" \/>\n<meta property=\"og:site_name\" content=\"Nonius\" \/>\n<meta property=\"article:publisher\" content=\"https:\/\/www.facebook.com\/noniussoftware\/\" \/>\n<meta property=\"article:modified_time\" content=\"2026-03-16T16:49:52+00:00\" \/>\n<meta name=\"twitter:card\" content=\"summary_large_image\" \/>\n<meta name=\"twitter:label1\" content=\"Gesch\u00e4tzte Lesezeit\" \/>\n\t<meta name=\"twitter:data1\" content=\"5\u00a0Minuten\" \/>\n<script type=\"application\/ld+json\" class=\"yoast-schema-graph\">{\"@context\":\"https:\\\/\\\/schema.org\",\"@graph\":[{\"@type\":\"WebPage\",\"@id\":\"https:\\\/\\\/noniussolutions.com\\\/de\\\/gdpr\\\/\",\"url\":\"https:\\\/\\\/noniussolutions.com\\\/de\\\/gdpr\\\/\",\"name\":\"Nonius Einhaltung der GDPR &#8211; Nonius\",\"isPartOf\":{\"@id\":\"https:\\\/\\\/noniussolutions.com\\\/de\\\/#website\"},\"datePublished\":\"2025-09-26T08:42:45+00:00\",\"dateModified\":\"2026-03-16T16:49:52+00:00\",\"breadcrumb\":{\"@id\":\"https:\\\/\\\/noniussolutions.com\\\/de\\\/gdpr\\\/#breadcrumb\"},\"inLanguage\":\"de\",\"potentialAction\":[{\"@type\":\"ReadAction\",\"target\":[\"https:\\\/\\\/noniussolutions.com\\\/de\\\/gdpr\\\/\"]}]},{\"@type\":\"BreadcrumbList\",\"@id\":\"https:\\\/\\\/noniussolutions.com\\\/de\\\/gdpr\\\/#breadcrumb\",\"itemListElement\":[{\"@type\":\"ListItem\",\"position\":1,\"name\":\"Home\",\"item\":\"https:\\\/\\\/noniussolutions.com\\\/de\\\/\"},{\"@type\":\"ListItem\",\"position\":2,\"name\":\"Nonius Einhaltung der GDPR\"}]},{\"@type\":\"WebSite\",\"@id\":\"https:\\\/\\\/noniussolutions.com\\\/de\\\/#website\",\"url\":\"https:\\\/\\\/noniussolutions.com\\\/de\\\/\",\"name\":\"Nonius\",\"description\":\"Hospitality Technology\",\"publisher\":{\"@id\":\"https:\\\/\\\/noniussolutions.com\\\/de\\\/#organization\"},\"potentialAction\":[{\"@type\":\"SearchAction\",\"target\":{\"@type\":\"EntryPoint\",\"urlTemplate\":\"https:\\\/\\\/noniussolutions.com\\\/de\\\/?s={search_term_string}\"},\"query-input\":{\"@type\":\"PropertyValueSpecification\",\"valueRequired\":true,\"valueName\":\"search_term_string\"}}],\"inLanguage\":\"de\"},{\"@type\":\"Organization\",\"@id\":\"https:\\\/\\\/noniussolutions.com\\\/de\\\/#organization\",\"name\":\"Nonius\",\"url\":\"https:\\\/\\\/noniussolutions.com\\\/de\\\/\",\"logo\":{\"@type\":\"ImageObject\",\"inLanguage\":\"de\",\"@id\":\"https:\\\/\\\/noniussolutions.com\\\/de\\\/#\\\/schema\\\/logo\\\/image\\\/\",\"url\":\"https:\\\/\\\/noniussolutions.com\\\/wp-content\\\/uploads\\\/2025\\\/11\\\/logo-N.png\",\"contentUrl\":\"https:\\\/\\\/noniussolutions.com\\\/wp-content\\\/uploads\\\/2025\\\/11\\\/logo-N.png\",\"width\":500,\"height\":500,\"caption\":\"Nonius\"},\"image\":{\"@id\":\"https:\\\/\\\/noniussolutions.com\\\/de\\\/#\\\/schema\\\/logo\\\/image\\\/\"},\"sameAs\":[\"https:\\\/\\\/www.facebook.com\\\/noniussoftware\\\/\",\"https:\\\/\\\/www.linkedin.com\\\/company\\\/nonius\\\/\",\"https:\\\/\\\/www.youtube.com\\\/user\\\/NoniusSoft\",\"https:\\\/\\\/www.instagram.com\\\/noniussolutions\\\/\"]}]}<\/script>\n<!-- \/ Yoast SEO plugin. -->","yoast_head_json":{"title":"Nonius Einhaltung der GDPR &#8211; Nonius","robots":{"index":"index","follow":"follow","max-snippet":"max-snippet:-1","max-image-preview":"max-image-preview:large","max-video-preview":"max-video-preview:-1"},"canonical":"https:\/\/noniussolutions.com\/de\/gdpr\/","og_locale":"de_DE","og_type":"article","og_title":"Nonius Einhaltung der GDPR &#8211; Nonius","og_description":"[vc_row type=&#8220;in_container&#8220; full_screen_row_position=&#8220;middle&#8220; column_margin=&#8220;default&#8220; column_direction=&#8220;default&#8220; column_direction_tablet=&#8220;default&#8220; column_direction_phone=&#8220;default&#8220; scene_position=&#8220;center&#8220; text_color=&#8220;dark&#8220; text_align=&#8220;left&#8220; row_border_radius=&#8220;none&#8220; row_border_radius_applies=&#8220;bg&#8220; overflow=&#8220;visible&#8220; overlay_strength=&#8220;0.3&#8243; gradient_direction=&#8220;left_to_right&#8220; shape_divider_position=&#8220;bottom&#8220; bg_image_animation=&#8220;none&#8220;][vc_column column_padding=&#8220;no-extra-padding&#8220; column_padding_tablet=&#8220;inherit&#8220; column_padding_phone=&#8220;inherit&#8220; column_padding_position=&#8220;all&#8220; column_element_direction_desktop=&#8220;default&#8220; column_element_spacing=&#8220;default&#8220; desktop_text_alignment=&#8220;default&#8220; tablet_text_alignment=&#8220;default&#8220; phone_text_alignment=&#8220;default&#8220; background_color_opacity=&#8220;1&#8243; background_hover_color_opacity=&#8220;1&#8243; column_backdrop_filter=&#8220;none&#8220; column_shadow=&#8220;none&#8220;...","og_url":"https:\/\/noniussolutions.com\/de\/gdpr\/","og_site_name":"Nonius","article_publisher":"https:\/\/www.facebook.com\/noniussoftware\/","article_modified_time":"2026-03-16T16:49:52+00:00","twitter_card":"summary_large_image","twitter_misc":{"Gesch\u00e4tzte Lesezeit":"5\u00a0Minuten"},"schema":{"@context":"https:\/\/schema.org","@graph":[{"@type":"WebPage","@id":"https:\/\/noniussolutions.com\/de\/gdpr\/","url":"https:\/\/noniussolutions.com\/de\/gdpr\/","name":"Nonius Einhaltung der GDPR &#8211; Nonius","isPartOf":{"@id":"https:\/\/noniussolutions.com\/de\/#website"},"datePublished":"2025-09-26T08:42:45+00:00","dateModified":"2026-03-16T16:49:52+00:00","breadcrumb":{"@id":"https:\/\/noniussolutions.com\/de\/gdpr\/#breadcrumb"},"inLanguage":"de","potentialAction":[{"@type":"ReadAction","target":["https:\/\/noniussolutions.com\/de\/gdpr\/"]}]},{"@type":"BreadcrumbList","@id":"https:\/\/noniussolutions.com\/de\/gdpr\/#breadcrumb","itemListElement":[{"@type":"ListItem","position":1,"name":"Home","item":"https:\/\/noniussolutions.com\/de\/"},{"@type":"ListItem","position":2,"name":"Nonius Einhaltung der GDPR"}]},{"@type":"WebSite","@id":"https:\/\/noniussolutions.com\/de\/#website","url":"https:\/\/noniussolutions.com\/de\/","name":"Nonius","description":"Hospitality Technology","publisher":{"@id":"https:\/\/noniussolutions.com\/de\/#organization"},"potentialAction":[{"@type":"SearchAction","target":{"@type":"EntryPoint","urlTemplate":"https:\/\/noniussolutions.com\/de\/?s={search_term_string}"},"query-input":{"@type":"PropertyValueSpecification","valueRequired":true,"valueName":"search_term_string"}}],"inLanguage":"de"},{"@type":"Organization","@id":"https:\/\/noniussolutions.com\/de\/#organization","name":"Nonius","url":"https:\/\/noniussolutions.com\/de\/","logo":{"@type":"ImageObject","inLanguage":"de","@id":"https:\/\/noniussolutions.com\/de\/#\/schema\/logo\/image\/","url":"https:\/\/noniussolutions.com\/wp-content\/uploads\/2025\/11\/logo-N.png","contentUrl":"https:\/\/noniussolutions.com\/wp-content\/uploads\/2025\/11\/logo-N.png","width":500,"height":500,"caption":"Nonius"},"image":{"@id":"https:\/\/noniussolutions.com\/de\/#\/schema\/logo\/image\/"},"sameAs":["https:\/\/www.facebook.com\/noniussoftware\/","https:\/\/www.linkedin.com\/company\/nonius\/","https:\/\/www.youtube.com\/user\/NoniusSoft","https:\/\/www.instagram.com\/noniussolutions\/"]}]}},"_links":{"self":[{"href":"https:\/\/noniussolutions.com\/de\/wp-json\/wp\/v2\/pages\/62805","targetHints":{"allow":["GET"]}}],"collection":[{"href":"https:\/\/noniussolutions.com\/de\/wp-json\/wp\/v2\/pages"}],"about":[{"href":"https:\/\/noniussolutions.com\/de\/wp-json\/wp\/v2\/types\/page"}],"author":[{"embeddable":true,"href":"https:\/\/noniussolutions.com\/de\/wp-json\/wp\/v2\/users\/1"}],"replies":[{"embeddable":true,"href":"https:\/\/noniussolutions.com\/de\/wp-json\/wp\/v2\/comments?post=62805"}],"version-history":[{"count":0,"href":"https:\/\/noniussolutions.com\/de\/wp-json\/wp\/v2\/pages\/62805\/revisions"}],"wp:attachment":[{"href":"https:\/\/noniussolutions.com\/de\/wp-json\/wp\/v2\/media?parent=62805"}],"curies":[{"name":"wp","href":"https:\/\/api.w.org\/{rel}","templated":true}]}}