{"id":62847,"date":"2025-09-24T11:27:02","date_gmt":"2025-09-24T10:27:02","guid":{"rendered":"https:\/\/noniussolutions.com\/?page_id=62847"},"modified":"2026-03-16T16:49:15","modified_gmt":"2026-03-16T16:49:15","slug":"benutzungsbedingungen","status":"publish","type":"page","link":"https:\/\/noniussolutions.com\/de\/benutzungsbedingungen\/","title":{"rendered":"Benutzungsbedingungen"},"content":{"rendered":"[vc_row type=&#8220;in_container&#8220; full_screen_row_position=&#8220;middle&#8220; column_margin=&#8220;default&#8220; column_direction=&#8220;default&#8220; column_direction_tablet=&#8220;default&#8220; column_direction_phone=&#8220;default&#8220; scene_position=&#8220;center&#8220; text_color=&#8220;dark&#8220; text_align=&#8220;left&#8220; row_border_radius=&#8220;none&#8220; row_border_radius_applies=&#8220;bg&#8220; overflow=&#8220;visible&#8220; overlay_strength=&#8220;0.3&#8243; gradient_direction=&#8220;left_to_right&#8220; shape_divider_position=&#8220;bottom&#8220; bg_image_animation=&#8220;none&#8220;][vc_column column_padding=&#8220;no-extra-padding&#8220; column_padding_tablet=&#8220;inherit&#8220; column_padding_phone=&#8220;inherit&#8220; column_padding_position=&#8220;all&#8220; column_element_direction_desktop=&#8220;default&#8220; column_element_spacing=&#8220;default&#8220; desktop_text_alignment=&#8220;default&#8220; tablet_text_alignment=&#8220;default&#8220; phone_text_alignment=&#8220;default&#8220; background_color_opacity=&#8220;1&#8243; background_hover_color_opacity=&#8220;1&#8243; column_backdrop_filter=&#8220;none&#8220; column_shadow=&#8220;none&#8220; column_border_radius=&#8220;none&#8220; column_link_target=&#8220;_self&#8220; column_position=&#8220;default&#8220; gradient_direction=&#8220;left_to_right&#8220; overlay_strength=&#8220;0.3&#8243; width=&#8220;1\/1&#8243; tablet_width_inherit=&#8220;default&#8220; animation_type=&#8220;default&#8220; bg_image_animation=&#8220;none&#8220; border_type=&#8220;simple&#8220; column_border_width=&#8220;none&#8220; column_border_style=&#8220;solid&#8220;][vc_column_text css=&#8220;&#8220; text_direction=&#8220;default&#8220;]\n<h1>Benutzungsbedingungen<\/h1>\n<p>&nbsp;<\/p>\n<p>Der Inhalt dieser Website, einschlie\u00dflich der Texte, Grafiken und anderer Informationen, ist Eigentum von Nonius, das alle Rechte daran besitzt, mit Ausnahme der Inhalte, die von anderen mit deren Erlaubnis zur Ver\u00f6ffentlichung zur Verf\u00fcgung gestellt wurden und die eindeutig als solche gekennzeichnet sind.<\/p>\n<p>Nonius Software ist nicht verantwortlich f\u00fcr den Inhalt von Websites, auf die \u00fcber einen Hyperlink verwiesen wird. Die hier dargestellten Hypertext-Links dienen lediglich dem Zweck der Information, und die Aufnahme eines Links bedeutet nicht, dass die betreffende Website bef\u00fcrwortet wird. <\/p>\n<p>Der urheberrechtliche Schutz der Inhalte von Nonius Software erstreckt sich auf alle Reproduktionen oder Kopien, die aus den Inhalten dieser Website erstellt werden. Das Design und das Konzept der Website sind ebenfalls Eigentum von Nonius Software. <\/p>\n<p>Der Nutzer ist berechtigt, die Inhalte nur f\u00fcr rein pers\u00f6nliche Zwecke zu nutzen, wobei es ihm ausdr\u00fccklich untersagt ist, die Inhalte zu ver\u00f6ffentlichen, zu vervielf\u00e4ltigen, zu verbreiten, zu vertreiben oder anderweitig anderen zu Zwecken der \u00f6ffentlichen Kommunikation oder des Marketings zur Verf\u00fcgung zu stellen, einschlie\u00dflich der Bereitstellung in einem anderen Online-Dienst oder in Papierform. Der Nutzer ist nicht berechtigt, \u00c4nderungen an den Inhalten vorzunehmen. Ausgenommen von diesem Verbot sind die gesetzlich erlaubten Verwendungen, einschlie\u00dflich des Zitierrechts, jedoch nur unter eindeutiger Angabe der Quelle  <\/p>\n<p>Diebstahl, F\u00e4lschung, missbr\u00e4uchliche oder gef\u00e4lschte Nutzung der Inhalte, unrechtm\u00e4\u00dfige Identifizierung und unfairer Wettbewerb werden gesetzlich geahndet. Es ist dem Nutzer auch ausdr\u00fccklich untersagt, Viren oder Programme zu erstellen oder einzuf\u00fcgen, die diese Website besch\u00e4digen oder verunreinigen k\u00f6nnen, oder anderen dazu zu raten, dies zu tun. <\/p>\n<p>Unsere Website kann Links zu Websites Dritter enthalten. Wir weisen darauf hin, dass wir nicht f\u00fcr die Sammlung, Verwendung, Pflege, Weitergabe oder Offenlegung von Daten und Informationen durch diese Dritten verantwortlich sind.<br \/>Wenn Sie Informationen auf Websites Dritter bereitstellen, gelten die Datenschutzrichtlinien und Nutzungsbedingungen dieser Websites. Wir empfehlen Ihnen, die Datenschutzrichtlinien der besuchten Websites zu lesen, bevor Sie pers\u00f6nliche Daten \u00fcbermitteln.  <\/p>\n<p>Der Inhalt dieser Website dient ausschlie\u00dflich zu Informationszwecken. Der Inhalt dieser Website begr\u00fcndet kein Vertragsverh\u00e4ltnis. Nonius Software haftet nicht f\u00fcr direkte oder indirekte Verluste oder Sch\u00e4den, die einem Benutzer durch die auf dieser Website enthaltenen Informationen entstehen. Nonius Software garantiert nicht, dass die auf dieser Website angebotenen Dienste ohne Unterbrechung funktionieren oder dass sie frei von Fehlern, Viren oder anderen sch\u00e4dlichen Elementen sind.   <\/p>\n<p>Der Benutzer erkl\u00e4rt sich durch die weitere Nutzung dieser Website ausdr\u00fccklich mit den oben beschriebenen Bedingungen einverstanden.[\/vc_column_text][\/vc_column][\/vc_row]\n","protected":false},"excerpt":{"rendered":"<p>[vc_row type=&#8220;in_container&#8220; full_screen_row_position=&#8220;middle&#8220; column_margin=&#8220;default&#8220; column_direction=&#8220;default&#8220; column_direction_tablet=&#8220;default&#8220; column_direction_phone=&#8220;default&#8220; scene_position=&#8220;center&#8220; text_color=&#8220;dark&#8220; text_align=&#8220;left&#8220; row_border_radius=&#8220;none&#8220; row_border_radius_applies=&#8220;bg&#8220; overflow=&#8220;visible&#8220; overlay_strength=&#8220;0.3&#8243; gradient_direction=&#8220;left_to_right&#8220; shape_divider_position=&#8220;bottom&#8220; bg_image_animation=&#8220;none&#8220;][vc_column column_padding=&#8220;no-extra-padding&#8220; column_padding_tablet=&#8220;inherit&#8220; column_padding_phone=&#8220;inherit&#8220; column_padding_position=&#8220;all&#8220; column_element_direction_desktop=&#8220;default&#8220; column_element_spacing=&#8220;default&#8220; desktop_text_alignment=&#8220;default&#8220; tablet_text_alignment=&#8220;default&#8220; phone_text_alignment=&#8220;default&#8220; background_color_opacity=&#8220;1&#8243; background_hover_color_opacity=&#8220;1&#8243; column_backdrop_filter=&#8220;none&#8220; column_shadow=&#8220;none&#8220;&#8230;<\/p>\n","protected":false},"author":1,"featured_media":0,"parent":0,"menu_order":0,"comment_status":"closed","ping_status":"closed","template":"","meta":{"footnotes":"","_wp_rev_ctl_limit":""},"class_list":["post-62847","page","type-page","status-publish"],"yoast_head":"<!-- This site is optimized with the Yoast SEO plugin v27.3 - https:\/\/yoast.com\/product\/yoast-seo-wordpress\/ -->\n<title>Benutzungsbedingungen &#8211; Nonius<\/title>\n<meta name=\"robots\" content=\"index, follow, max-snippet:-1, max-image-preview:large, max-video-preview:-1\" \/>\n<link rel=\"canonical\" href=\"https:\/\/noniussolutions.com\/de\/benutzungsbedingungen\/\" \/>\n<meta property=\"og:locale\" content=\"de_DE\" \/>\n<meta property=\"og:type\" content=\"article\" \/>\n<meta property=\"og:title\" content=\"Benutzungsbedingungen &#8211; Nonius\" \/>\n<meta property=\"og:description\" content=\"[vc_row type=&#8220;in_container&#8220; full_screen_row_position=&#8220;middle&#8220; column_margin=&#8220;default&#8220; column_direction=&#8220;default&#8220; column_direction_tablet=&#8220;default&#8220; column_direction_phone=&#8220;default&#8220; scene_position=&#8220;center&#8220; text_color=&#8220;dark&#8220; text_align=&#8220;left&#8220; row_border_radius=&#8220;none&#8220; row_border_radius_applies=&#8220;bg&#8220; overflow=&#8220;visible&#8220; overlay_strength=&#8220;0.3&#8243; gradient_direction=&#8220;left_to_right&#8220; shape_divider_position=&#8220;bottom&#8220; bg_image_animation=&#8220;none&#8220;][vc_column column_padding=&#8220;no-extra-padding&#8220; column_padding_tablet=&#8220;inherit&#8220; column_padding_phone=&#8220;inherit&#8220; column_padding_position=&#8220;all&#8220; column_element_direction_desktop=&#8220;default&#8220; column_element_spacing=&#8220;default&#8220; desktop_text_alignment=&#8220;default&#8220; tablet_text_alignment=&#8220;default&#8220; phone_text_alignment=&#8220;default&#8220; background_color_opacity=&#8220;1&#8243; background_hover_color_opacity=&#8220;1&#8243; column_backdrop_filter=&#8220;none&#8220; column_shadow=&#8220;none&#8220;...\" \/>\n<meta property=\"og:url\" content=\"https:\/\/noniussolutions.com\/de\/benutzungsbedingungen\/\" \/>\n<meta property=\"og:site_name\" content=\"Nonius\" \/>\n<meta property=\"article:publisher\" content=\"https:\/\/www.facebook.com\/noniussoftware\/\" \/>\n<meta property=\"article:modified_time\" content=\"2026-03-16T16:49:15+00:00\" \/>\n<meta name=\"twitter:card\" content=\"summary_large_image\" \/>\n<meta name=\"twitter:label1\" content=\"Gesch\u00e4tzte Lesezeit\" \/>\n\t<meta name=\"twitter:data1\" content=\"3\u00a0Minuten\" \/>\n<script type=\"application\/ld+json\" class=\"yoast-schema-graph\">{\"@context\":\"https:\\\/\\\/schema.org\",\"@graph\":[{\"@type\":\"WebPage\",\"@id\":\"https:\\\/\\\/noniussolutions.com\\\/de\\\/benutzungsbedingungen\\\/\",\"url\":\"https:\\\/\\\/noniussolutions.com\\\/de\\\/benutzungsbedingungen\\\/\",\"name\":\"Benutzungsbedingungen &#8211; Nonius\",\"isPartOf\":{\"@id\":\"https:\\\/\\\/noniussolutions.com\\\/de\\\/#website\"},\"datePublished\":\"2025-09-24T10:27:02+00:00\",\"dateModified\":\"2026-03-16T16:49:15+00:00\",\"breadcrumb\":{\"@id\":\"https:\\\/\\\/noniussolutions.com\\\/de\\\/benutzungsbedingungen\\\/#breadcrumb\"},\"inLanguage\":\"de\",\"potentialAction\":[{\"@type\":\"ReadAction\",\"target\":[\"https:\\\/\\\/noniussolutions.com\\\/de\\\/benutzungsbedingungen\\\/\"]}]},{\"@type\":\"BreadcrumbList\",\"@id\":\"https:\\\/\\\/noniussolutions.com\\\/de\\\/benutzungsbedingungen\\\/#breadcrumb\",\"itemListElement\":[{\"@type\":\"ListItem\",\"position\":1,\"name\":\"Home\",\"item\":\"https:\\\/\\\/noniussolutions.com\\\/de\\\/\"},{\"@type\":\"ListItem\",\"position\":2,\"name\":\"Benutzungsbedingungen\"}]},{\"@type\":\"WebSite\",\"@id\":\"https:\\\/\\\/noniussolutions.com\\\/de\\\/#website\",\"url\":\"https:\\\/\\\/noniussolutions.com\\\/de\\\/\",\"name\":\"Nonius\",\"description\":\"Hospitality Technology\",\"publisher\":{\"@id\":\"https:\\\/\\\/noniussolutions.com\\\/de\\\/#organization\"},\"potentialAction\":[{\"@type\":\"SearchAction\",\"target\":{\"@type\":\"EntryPoint\",\"urlTemplate\":\"https:\\\/\\\/noniussolutions.com\\\/de\\\/?s={search_term_string}\"},\"query-input\":{\"@type\":\"PropertyValueSpecification\",\"valueRequired\":true,\"valueName\":\"search_term_string\"}}],\"inLanguage\":\"de\"},{\"@type\":\"Organization\",\"@id\":\"https:\\\/\\\/noniussolutions.com\\\/de\\\/#organization\",\"name\":\"Nonius\",\"url\":\"https:\\\/\\\/noniussolutions.com\\\/de\\\/\",\"logo\":{\"@type\":\"ImageObject\",\"inLanguage\":\"de\",\"@id\":\"https:\\\/\\\/noniussolutions.com\\\/de\\\/#\\\/schema\\\/logo\\\/image\\\/\",\"url\":\"https:\\\/\\\/noniussolutions.com\\\/wp-content\\\/uploads\\\/2025\\\/11\\\/logo-N.png\",\"contentUrl\":\"https:\\\/\\\/noniussolutions.com\\\/wp-content\\\/uploads\\\/2025\\\/11\\\/logo-N.png\",\"width\":500,\"height\":500,\"caption\":\"Nonius\"},\"image\":{\"@id\":\"https:\\\/\\\/noniussolutions.com\\\/de\\\/#\\\/schema\\\/logo\\\/image\\\/\"},\"sameAs\":[\"https:\\\/\\\/www.facebook.com\\\/noniussoftware\\\/\",\"https:\\\/\\\/www.linkedin.com\\\/company\\\/nonius\\\/\",\"https:\\\/\\\/www.youtube.com\\\/user\\\/NoniusSoft\",\"https:\\\/\\\/www.instagram.com\\\/noniussolutions\\\/\"]}]}<\/script>\n<!-- \/ Yoast SEO plugin. -->","yoast_head_json":{"title":"Benutzungsbedingungen &#8211; Nonius","robots":{"index":"index","follow":"follow","max-snippet":"max-snippet:-1","max-image-preview":"max-image-preview:large","max-video-preview":"max-video-preview:-1"},"canonical":"https:\/\/noniussolutions.com\/de\/benutzungsbedingungen\/","og_locale":"de_DE","og_type":"article","og_title":"Benutzungsbedingungen &#8211; Nonius","og_description":"[vc_row type=&#8220;in_container&#8220; full_screen_row_position=&#8220;middle&#8220; column_margin=&#8220;default&#8220; column_direction=&#8220;default&#8220; column_direction_tablet=&#8220;default&#8220; column_direction_phone=&#8220;default&#8220; scene_position=&#8220;center&#8220; text_color=&#8220;dark&#8220; text_align=&#8220;left&#8220; row_border_radius=&#8220;none&#8220; row_border_radius_applies=&#8220;bg&#8220; overflow=&#8220;visible&#8220; overlay_strength=&#8220;0.3&#8243; gradient_direction=&#8220;left_to_right&#8220; shape_divider_position=&#8220;bottom&#8220; bg_image_animation=&#8220;none&#8220;][vc_column column_padding=&#8220;no-extra-padding&#8220; column_padding_tablet=&#8220;inherit&#8220; column_padding_phone=&#8220;inherit&#8220; column_padding_position=&#8220;all&#8220; column_element_direction_desktop=&#8220;default&#8220; column_element_spacing=&#8220;default&#8220; desktop_text_alignment=&#8220;default&#8220; tablet_text_alignment=&#8220;default&#8220; phone_text_alignment=&#8220;default&#8220; background_color_opacity=&#8220;1&#8243; background_hover_color_opacity=&#8220;1&#8243; column_backdrop_filter=&#8220;none&#8220; column_shadow=&#8220;none&#8220;...","og_url":"https:\/\/noniussolutions.com\/de\/benutzungsbedingungen\/","og_site_name":"Nonius","article_publisher":"https:\/\/www.facebook.com\/noniussoftware\/","article_modified_time":"2026-03-16T16:49:15+00:00","twitter_card":"summary_large_image","twitter_misc":{"Gesch\u00e4tzte Lesezeit":"3\u00a0Minuten"},"schema":{"@context":"https:\/\/schema.org","@graph":[{"@type":"WebPage","@id":"https:\/\/noniussolutions.com\/de\/benutzungsbedingungen\/","url":"https:\/\/noniussolutions.com\/de\/benutzungsbedingungen\/","name":"Benutzungsbedingungen &#8211; Nonius","isPartOf":{"@id":"https:\/\/noniussolutions.com\/de\/#website"},"datePublished":"2025-09-24T10:27:02+00:00","dateModified":"2026-03-16T16:49:15+00:00","breadcrumb":{"@id":"https:\/\/noniussolutions.com\/de\/benutzungsbedingungen\/#breadcrumb"},"inLanguage":"de","potentialAction":[{"@type":"ReadAction","target":["https:\/\/noniussolutions.com\/de\/benutzungsbedingungen\/"]}]},{"@type":"BreadcrumbList","@id":"https:\/\/noniussolutions.com\/de\/benutzungsbedingungen\/#breadcrumb","itemListElement":[{"@type":"ListItem","position":1,"name":"Home","item":"https:\/\/noniussolutions.com\/de\/"},{"@type":"ListItem","position":2,"name":"Benutzungsbedingungen"}]},{"@type":"WebSite","@id":"https:\/\/noniussolutions.com\/de\/#website","url":"https:\/\/noniussolutions.com\/de\/","name":"Nonius","description":"Hospitality Technology","publisher":{"@id":"https:\/\/noniussolutions.com\/de\/#organization"},"potentialAction":[{"@type":"SearchAction","target":{"@type":"EntryPoint","urlTemplate":"https:\/\/noniussolutions.com\/de\/?s={search_term_string}"},"query-input":{"@type":"PropertyValueSpecification","valueRequired":true,"valueName":"search_term_string"}}],"inLanguage":"de"},{"@type":"Organization","@id":"https:\/\/noniussolutions.com\/de\/#organization","name":"Nonius","url":"https:\/\/noniussolutions.com\/de\/","logo":{"@type":"ImageObject","inLanguage":"de","@id":"https:\/\/noniussolutions.com\/de\/#\/schema\/logo\/image\/","url":"https:\/\/noniussolutions.com\/wp-content\/uploads\/2025\/11\/logo-N.png","contentUrl":"https:\/\/noniussolutions.com\/wp-content\/uploads\/2025\/11\/logo-N.png","width":500,"height":500,"caption":"Nonius"},"image":{"@id":"https:\/\/noniussolutions.com\/de\/#\/schema\/logo\/image\/"},"sameAs":["https:\/\/www.facebook.com\/noniussoftware\/","https:\/\/www.linkedin.com\/company\/nonius\/","https:\/\/www.youtube.com\/user\/NoniusSoft","https:\/\/www.instagram.com\/noniussolutions\/"]}]}},"_links":{"self":[{"href":"https:\/\/noniussolutions.com\/de\/wp-json\/wp\/v2\/pages\/62847","targetHints":{"allow":["GET"]}}],"collection":[{"href":"https:\/\/noniussolutions.com\/de\/wp-json\/wp\/v2\/pages"}],"about":[{"href":"https:\/\/noniussolutions.com\/de\/wp-json\/wp\/v2\/types\/page"}],"author":[{"embeddable":true,"href":"https:\/\/noniussolutions.com\/de\/wp-json\/wp\/v2\/users\/1"}],"replies":[{"embeddable":true,"href":"https:\/\/noniussolutions.com\/de\/wp-json\/wp\/v2\/comments?post=62847"}],"version-history":[{"count":0,"href":"https:\/\/noniussolutions.com\/de\/wp-json\/wp\/v2\/pages\/62847\/revisions"}],"wp:attachment":[{"href":"https:\/\/noniussolutions.com\/de\/wp-json\/wp\/v2\/media?parent=62847"}],"curies":[{"name":"wp","href":"https:\/\/api.w.org\/{rel}","templated":true}]}}