{"id":63263,"date":"2025-09-23T16:09:31","date_gmt":"2025-09-23T15:09:31","guid":{"rendered":"https:\/\/noniussolutions.com\/?page_id=63263"},"modified":"2026-05-05T12:02:01","modified_gmt":"2026-05-05T11:02:01","slug":"politica-de-cookies","status":"publish","type":"page","link":"https:\/\/noniussolutions.com\/es-mx\/politica-de-cookies\/","title":{"rendered":"Pol\u00edtica de Cookies"},"content":{"rendered":"[vc_row type=&#8221;in_container&#8221; full_screen_row_position=&#8221;middle&#8221; column_margin=&#8221;default&#8221; column_direction=&#8221;default&#8221; column_direction_tablet=&#8221;default&#8221; column_direction_phone=&#8221;default&#8221; scene_position=&#8221;center&#8221; text_color=&#8221;dark&#8221; text_align=&#8221;left&#8221; row_border_radius=&#8221;none&#8221; row_border_radius_applies=&#8221;bg&#8221; overflow=&#8221;visible&#8221; overlay_strength=&#8221;0.3&#8243; gradient_direction=&#8221;left_to_right&#8221; shape_divider_position=&#8221;bottom&#8221; bg_image_animation=&#8221;none&#8221;][vc_column column_padding=&#8221;no-extra-padding&#8221; column_padding_tablet=&#8221;inherit&#8221; column_padding_phone=&#8221;inherit&#8221; column_padding_position=&#8221;all&#8221; column_element_direction_desktop=&#8221;default&#8221; column_element_spacing=&#8221;default&#8221; desktop_text_alignment=&#8221;default&#8221; tablet_text_alignment=&#8221;default&#8221; phone_text_alignment=&#8221;default&#8221; background_color_opacity=&#8221;1&#8243; background_hover_color_opacity=&#8221;1&#8243; column_backdrop_filter=&#8221;none&#8221; column_shadow=&#8221;none&#8221; column_border_radius=&#8221;none&#8221; column_link_target=&#8221;_self&#8221; column_position=&#8221;default&#8221; gradient_direction=&#8221;left_to_right&#8221; overlay_strength=&#8221;0.3&#8243; width=&#8221;1\/1&#8243; tablet_width_inherit=&#8221;default&#8221; animation_type=&#8221;default&#8221; bg_image_animation=&#8221;none&#8221; border_type=&#8221;simple&#8221; column_border_width=&#8221;none&#8221; column_border_style=&#8221;solid&#8221;][vc_column_text css=&#8221;&#8221; text_direction=&#8221;default&#8221;]\n<h1>Pol\u00edtica de Cookies<\/h1>\n<p>&nbsp;<\/p>\n<p>Los cookies son peque\u00f1os archivos de texto que los sitios web que visita colocan en su ordenador. Se utilizan ampliamente para que los sitios web funcionen o funcionen de manera m\u00e1s eficiente, as\u00ed como para proporcionar informaci\u00f3n a los propietarios del sitio.  <\/p>\n<p><strong>Que tipo de cookies utilizamos?<\/strong><\/p>\n<p>Los cookies que utilizamos pueden ser:<br \/>Cookies de sesi\u00f3n: son temporales y solo permanecen en el archivo de cookies hasta que abandona el sitio. La informaci\u00f3n obtenida nos permite analizar patrones de tr\u00e1fico, lo que ayuda a identificar problemas y proporciona una mejor experiencia de navegaci\u00f3n.<br \/>Cookies permanentes: se almacenan en el navegador del dispositivo hasta que las borra manualmente o hasta la fecha de vencimiento. Ayudan a los sitios web a recordar su informaci\u00f3n y configuraci\u00f3n cuando los visite en el futuro. Esto da como resultado un acceso m\u00e1s r\u00e1pido y conveniente.    <\/p>\n<p>Nuestros cookies tienen diferentes funciones:<br \/>Cookies anal\u00edticas: estas cookies nos permiten analizar c\u00f3mo los usuarios usan el sitio web y monitorizar su desempe\u00f1o. Nos permite brindar una experiencia de alta calidad e identificar y solucionar r\u00e1pidamente cualquier problema que surja.<br \/>Cookies de funcionalidad: permiten recordar las preferencias del usuario. Por ejemplo, las cookies evitan escribir su nombre cada vez que accede al sitio.<br \/>Cookies de terceros: permiten medir el \u00e9xito de las aplicaciones y se pueden utilizar para personalizar botones, men\u00fas, iconos y otros componentes de la interfaz gr\u00e1fica de usuario con datos del usuario. La mayor\u00eda de los navegadores web permiten cierto control de la mayor\u00eda de las cookies a trav\u00e9s de la configuraci\u00f3n del navegador.    <\/p>\n<p>Para obtener m\u00e1s informaci\u00f3n sobre los cookies, incluido c\u00f3mo ver qu\u00e9 cookies se han configurado y c\u00f3mo administrarlas y eliminarlas, visite <a href=\"https:\/\/allaboutcookies.org\/\" target=\"_blank\" rel=\"noopener\">www.allaboutcookies.org<\/a>.[\/vc_column_text][\/vc_column][\/vc_row]\n","protected":false},"excerpt":{"rendered":"<p>[vc_row type=&#8221;in_container&#8221; full_screen_row_position=&#8221;middle&#8221; column_margin=&#8221;default&#8221; column_direction=&#8221;default&#8221; column_direction_tablet=&#8221;default&#8221; column_direction_phone=&#8221;default&#8221; scene_position=&#8221;center&#8221; text_color=&#8221;dark&#8221; text_align=&#8221;left&#8221; row_border_radius=&#8221;none&#8221; row_border_radius_applies=&#8221;bg&#8221; overflow=&#8221;visible&#8221; overlay_strength=&#8221;0.3&#8243; gradient_direction=&#8221;left_to_right&#8221; shape_divider_position=&#8221;bottom&#8221; bg_image_animation=&#8221;none&#8221;][vc_column column_padding=&#8221;no-extra-padding&#8221; column_padding_tablet=&#8221;inherit&#8221; column_padding_phone=&#8221;inherit&#8221; column_padding_position=&#8221;all&#8221; column_element_direction_desktop=&#8221;default&#8221; column_element_spacing=&#8221;default&#8221; desktop_text_alignment=&#8221;default&#8221; tablet_text_alignment=&#8221;default&#8221; phone_text_alignment=&#8221;default&#8221; background_color_opacity=&#8221;1&#8243; background_hover_color_opacity=&#8221;1&#8243; column_backdrop_filter=&#8221;none&#8221; column_shadow=&#8221;none&#8221;&#8230;<\/p>\n","protected":false},"author":1,"featured_media":0,"parent":0,"menu_order":0,"comment_status":"closed","ping_status":"closed","template":"","meta":{"footnotes":"","_wp_rev_ctl_limit":""},"class_list":["post-63263","page","type-page","status-publish"],"yoast_head":"<!-- This site is optimized with the Yoast SEO plugin v27.5 - https:\/\/yoast.com\/product\/yoast-seo-wordpress\/ -->\n<title>Pol\u00edtica de Cookies &#8211; Nonius<\/title>\n<meta name=\"robots\" content=\"index, follow, max-snippet:-1, max-image-preview:large, max-video-preview:-1\" \/>\n<link rel=\"canonical\" href=\"https:\/\/noniussolutions.com\/es-mx\/politica-de-cookies\/\" \/>\n<meta property=\"og:locale\" content=\"es_MX\" \/>\n<meta property=\"og:type\" content=\"article\" \/>\n<meta property=\"og:title\" content=\"Pol\u00edtica de Cookies &#8211; Nonius\" \/>\n<meta property=\"og:description\" content=\"[vc_row type=&#8221;in_container&#8221; full_screen_row_position=&#8221;middle&#8221; column_margin=&#8221;default&#8221; column_direction=&#8221;default&#8221; column_direction_tablet=&#8221;default&#8221; column_direction_phone=&#8221;default&#8221; scene_position=&#8221;center&#8221; text_color=&#8221;dark&#8221; text_align=&#8221;left&#8221; row_border_radius=&#8221;none&#8221; row_border_radius_applies=&#8221;bg&#8221; overflow=&#8221;visible&#8221; overlay_strength=&#8221;0.3&#8243; gradient_direction=&#8221;left_to_right&#8221; shape_divider_position=&#8221;bottom&#8221; bg_image_animation=&#8221;none&#8221;][vc_column column_padding=&#8221;no-extra-padding&#8221; column_padding_tablet=&#8221;inherit&#8221; column_padding_phone=&#8221;inherit&#8221; column_padding_position=&#8221;all&#8221; column_element_direction_desktop=&#8221;default&#8221; column_element_spacing=&#8221;default&#8221; desktop_text_alignment=&#8221;default&#8221; tablet_text_alignment=&#8221;default&#8221; phone_text_alignment=&#8221;default&#8221; background_color_opacity=&#8221;1&#8243; background_hover_color_opacity=&#8221;1&#8243; column_backdrop_filter=&#8221;none&#8221; column_shadow=&#8221;none&#8221;...\" \/>\n<meta property=\"og:url\" content=\"https:\/\/noniussolutions.com\/es-mx\/politica-de-cookies\/\" \/>\n<meta property=\"og:site_name\" content=\"Nonius\" \/>\n<meta property=\"article:publisher\" content=\"https:\/\/www.facebook.com\/noniussoftware\/\" \/>\n<meta property=\"article:modified_time\" content=\"2026-05-05T11:02:01+00:00\" \/>\n<meta property=\"og:image\" content=\"https:\/\/noniussolutions.com\/wp-content\/uploads\/2026\/04\/Logo-Nonius_Yoast.png\" \/>\n\t<meta property=\"og:image:width\" content=\"1200\" \/>\n\t<meta property=\"og:image:height\" content=\"675\" \/>\n\t<meta property=\"og:image:type\" content=\"image\/png\" \/>\n<meta name=\"twitter:card\" content=\"summary_large_image\" \/>\n<meta name=\"twitter:label1\" content=\"Tiempo de lectura\" \/>\n\t<meta name=\"twitter:data1\" content=\"2 minutos\" \/>\n<script type=\"application\/ld+json\" class=\"yoast-schema-graph\">{\"@context\":\"https:\\\/\\\/schema.org\",\"@graph\":[{\"@type\":\"WebPage\",\"@id\":\"https:\\\/\\\/noniussolutions.com\\\/es-mx\\\/politica-de-cookies\\\/\",\"url\":\"https:\\\/\\\/noniussolutions.com\\\/es-mx\\\/politica-de-cookies\\\/\",\"name\":\"Pol\u00edtica de Cookies &#8211; Nonius\",\"isPartOf\":{\"@id\":\"https:\\\/\\\/noniussolutions.com\\\/es-mx\\\/#website\"},\"datePublished\":\"2025-09-23T15:09:31+00:00\",\"dateModified\":\"2026-05-05T11:02:01+00:00\",\"breadcrumb\":{\"@id\":\"https:\\\/\\\/noniussolutions.com\\\/es-mx\\\/politica-de-cookies\\\/#breadcrumb\"},\"inLanguage\":\"es\",\"potentialAction\":[{\"@type\":\"ReadAction\",\"target\":[\"https:\\\/\\\/noniussolutions.com\\\/es-mx\\\/politica-de-cookies\\\/\"]}]},{\"@type\":\"BreadcrumbList\",\"@id\":\"https:\\\/\\\/noniussolutions.com\\\/es-mx\\\/politica-de-cookies\\\/#breadcrumb\",\"itemListElement\":[{\"@type\":\"ListItem\",\"position\":1,\"name\":\"Home\",\"item\":\"https:\\\/\\\/noniussolutions.com\\\/es-mx\\\/\"},{\"@type\":\"ListItem\",\"position\":2,\"name\":\"Pol\u00edtica de Cookies\"}]},{\"@type\":\"WebSite\",\"@id\":\"https:\\\/\\\/noniussolutions.com\\\/es-mx\\\/#website\",\"url\":\"https:\\\/\\\/noniussolutions.com\\\/es-mx\\\/\",\"name\":\"Nonius\",\"description\":\"Hospitality Technology\",\"publisher\":{\"@id\":\"https:\\\/\\\/noniussolutions.com\\\/es-mx\\\/#organization\"},\"potentialAction\":[{\"@type\":\"SearchAction\",\"target\":{\"@type\":\"EntryPoint\",\"urlTemplate\":\"https:\\\/\\\/noniussolutions.com\\\/es-mx\\\/?s={search_term_string}\"},\"query-input\":{\"@type\":\"PropertyValueSpecification\",\"valueRequired\":true,\"valueName\":\"search_term_string\"}}],\"inLanguage\":\"es\"},{\"@type\":\"Organization\",\"@id\":\"https:\\\/\\\/noniussolutions.com\\\/es-mx\\\/#organization\",\"name\":\"Nonius\",\"url\":\"https:\\\/\\\/noniussolutions.com\\\/es-mx\\\/\",\"logo\":{\"@type\":\"ImageObject\",\"inLanguage\":\"es\",\"@id\":\"https:\\\/\\\/noniussolutions.com\\\/es-mx\\\/#\\\/schema\\\/logo\\\/image\\\/\",\"url\":\"https:\\\/\\\/noniussolutions.com\\\/wp-content\\\/uploads\\\/2025\\\/11\\\/logo-N.png\",\"contentUrl\":\"https:\\\/\\\/noniussolutions.com\\\/wp-content\\\/uploads\\\/2025\\\/11\\\/logo-N.png\",\"width\":500,\"height\":500,\"caption\":\"Nonius\"},\"image\":{\"@id\":\"https:\\\/\\\/noniussolutions.com\\\/es-mx\\\/#\\\/schema\\\/logo\\\/image\\\/\"},\"sameAs\":[\"https:\\\/\\\/www.facebook.com\\\/noniussoftware\\\/\",\"https:\\\/\\\/www.linkedin.com\\\/company\\\/nonius\\\/\",\"https:\\\/\\\/www.youtube.com\\\/user\\\/NoniusSoft\",\"https:\\\/\\\/www.instagram.com\\\/noniussolutions\\\/\"]}]}<\/script>\n<!-- \/ Yoast SEO plugin. -->","yoast_head_json":{"title":"Pol\u00edtica de Cookies &#8211; Nonius","robots":{"index":"index","follow":"follow","max-snippet":"max-snippet:-1","max-image-preview":"max-image-preview:large","max-video-preview":"max-video-preview:-1"},"canonical":"https:\/\/noniussolutions.com\/es-mx\/politica-de-cookies\/","og_locale":"es_MX","og_type":"article","og_title":"Pol\u00edtica de Cookies &#8211; Nonius","og_description":"[vc_row type=&#8221;in_container&#8221; full_screen_row_position=&#8221;middle&#8221; column_margin=&#8221;default&#8221; column_direction=&#8221;default&#8221; column_direction_tablet=&#8221;default&#8221; column_direction_phone=&#8221;default&#8221; scene_position=&#8221;center&#8221; text_color=&#8221;dark&#8221; text_align=&#8221;left&#8221; row_border_radius=&#8221;none&#8221; row_border_radius_applies=&#8221;bg&#8221; overflow=&#8221;visible&#8221; overlay_strength=&#8221;0.3&#8243; gradient_direction=&#8221;left_to_right&#8221; shape_divider_position=&#8221;bottom&#8221; bg_image_animation=&#8221;none&#8221;][vc_column column_padding=&#8221;no-extra-padding&#8221; column_padding_tablet=&#8221;inherit&#8221; column_padding_phone=&#8221;inherit&#8221; column_padding_position=&#8221;all&#8221; column_element_direction_desktop=&#8221;default&#8221; column_element_spacing=&#8221;default&#8221; desktop_text_alignment=&#8221;default&#8221; tablet_text_alignment=&#8221;default&#8221; phone_text_alignment=&#8221;default&#8221; background_color_opacity=&#8221;1&#8243; background_hover_color_opacity=&#8221;1&#8243; column_backdrop_filter=&#8221;none&#8221; column_shadow=&#8221;none&#8221;...","og_url":"https:\/\/noniussolutions.com\/es-mx\/politica-de-cookies\/","og_site_name":"Nonius","article_publisher":"https:\/\/www.facebook.com\/noniussoftware\/","article_modified_time":"2026-05-05T11:02:01+00:00","og_image":[{"width":1200,"height":675,"url":"https:\/\/noniussolutions.com\/wp-content\/uploads\/2026\/04\/Logo-Nonius_Yoast.png","type":"image\/png"}],"twitter_card":"summary_large_image","twitter_misc":{"Tiempo de lectura":"2 minutos"},"schema":{"@context":"https:\/\/schema.org","@graph":[{"@type":"WebPage","@id":"https:\/\/noniussolutions.com\/es-mx\/politica-de-cookies\/","url":"https:\/\/noniussolutions.com\/es-mx\/politica-de-cookies\/","name":"Pol\u00edtica de Cookies &#8211; Nonius","isPartOf":{"@id":"https:\/\/noniussolutions.com\/es-mx\/#website"},"datePublished":"2025-09-23T15:09:31+00:00","dateModified":"2026-05-05T11:02:01+00:00","breadcrumb":{"@id":"https:\/\/noniussolutions.com\/es-mx\/politica-de-cookies\/#breadcrumb"},"inLanguage":"es","potentialAction":[{"@type":"ReadAction","target":["https:\/\/noniussolutions.com\/es-mx\/politica-de-cookies\/"]}]},{"@type":"BreadcrumbList","@id":"https:\/\/noniussolutions.com\/es-mx\/politica-de-cookies\/#breadcrumb","itemListElement":[{"@type":"ListItem","position":1,"name":"Home","item":"https:\/\/noniussolutions.com\/es-mx\/"},{"@type":"ListItem","position":2,"name":"Pol\u00edtica de Cookies"}]},{"@type":"WebSite","@id":"https:\/\/noniussolutions.com\/es-mx\/#website","url":"https:\/\/noniussolutions.com\/es-mx\/","name":"Nonius","description":"Hospitality Technology","publisher":{"@id":"https:\/\/noniussolutions.com\/es-mx\/#organization"},"potentialAction":[{"@type":"SearchAction","target":{"@type":"EntryPoint","urlTemplate":"https:\/\/noniussolutions.com\/es-mx\/?s={search_term_string}"},"query-input":{"@type":"PropertyValueSpecification","valueRequired":true,"valueName":"search_term_string"}}],"inLanguage":"es"},{"@type":"Organization","@id":"https:\/\/noniussolutions.com\/es-mx\/#organization","name":"Nonius","url":"https:\/\/noniussolutions.com\/es-mx\/","logo":{"@type":"ImageObject","inLanguage":"es","@id":"https:\/\/noniussolutions.com\/es-mx\/#\/schema\/logo\/image\/","url":"https:\/\/noniussolutions.com\/wp-content\/uploads\/2025\/11\/logo-N.png","contentUrl":"https:\/\/noniussolutions.com\/wp-content\/uploads\/2025\/11\/logo-N.png","width":500,"height":500,"caption":"Nonius"},"image":{"@id":"https:\/\/noniussolutions.com\/es-mx\/#\/schema\/logo\/image\/"},"sameAs":["https:\/\/www.facebook.com\/noniussoftware\/","https:\/\/www.linkedin.com\/company\/nonius\/","https:\/\/www.youtube.com\/user\/NoniusSoft","https:\/\/www.instagram.com\/noniussolutions\/"]}]}},"_links":{"self":[{"href":"https:\/\/noniussolutions.com\/es-mx\/wp-json\/wp\/v2\/pages\/63263","targetHints":{"allow":["GET"]}}],"collection":[{"href":"https:\/\/noniussolutions.com\/es-mx\/wp-json\/wp\/v2\/pages"}],"about":[{"href":"https:\/\/noniussolutions.com\/es-mx\/wp-json\/wp\/v2\/types\/page"}],"author":[{"embeddable":true,"href":"https:\/\/noniussolutions.com\/es-mx\/wp-json\/wp\/v2\/users\/1"}],"replies":[{"embeddable":true,"href":"https:\/\/noniussolutions.com\/es-mx\/wp-json\/wp\/v2\/comments?post=63263"}],"version-history":[{"count":1,"href":"https:\/\/noniussolutions.com\/es-mx\/wp-json\/wp\/v2\/pages\/63263\/revisions"}],"predecessor-version":[{"id":66076,"href":"https:\/\/noniussolutions.com\/es-mx\/wp-json\/wp\/v2\/pages\/63263\/revisions\/66076"}],"wp:attachment":[{"href":"https:\/\/noniussolutions.com\/es-mx\/wp-json\/wp\/v2\/media?parent=63263"}],"curies":[{"name":"wp","href":"https:\/\/api.w.org\/{rel}","templated":true}]}}