{"id":63656,"date":"2025-09-26T09:29:17","date_gmt":"2025-09-26T08:29:17","guid":{"rendered":"https:\/\/noniussolutions.com\/?page_id=63656"},"modified":"2026-03-23T15:11:19","modified_gmt":"2026-03-23T15:11:19","slug":"casos-de-exito","status":"publish","type":"page","link":"https:\/\/noniussolutions.com\/es-mx\/casos-de-exito\/","title":{"rendered":"Historias de \u00e9xito"},"content":{"rendered":"[vc_row type=&#8221;full_width_content&#8221; full_screen_row_position=&#8221;middle&#8221; column_margin=&#8221;default&#8221; column_direction=&#8221;default&#8221; column_direction_tablet=&#8221;default&#8221; column_direction_phone=&#8221;default&#8221; scene_position=&#8221;center&#8221; text_color=&#8221;dark&#8221; text_align=&#8221;left&#8221; row_border_radius=&#8221;none&#8221; row_border_radius_applies=&#8221;bg&#8221; row_position_desktop=&#8221;default&#8221; row_position_tablet=&#8221;inherit&#8221; row_position_phone=&#8221;inherit&#8221; overflow=&#8221;visible&#8221; overlay_strength=&#8221;0.3&#8243; gradient_direction=&#8221;left_to_right&#8221; shape_divider_position=&#8221;bottom&#8221; bg_image_animation=&#8221;none&#8221; shape_type=&#8221;&#8221; gradient_type=&#8221;default&#8221;][vc_column column_padding=&#8221;no-extra-padding&#8221; column_padding_tablet=&#8221;inherit&#8221; column_padding_phone=&#8221;inherit&#8221; column_padding_position=&#8221;all&#8221; flex_gap_desktop=&#8221;10px&#8221; column_element_direction_desktop=&#8221;default&#8221; column_element_spacing=&#8221;default&#8221; desktop_text_alignment=&#8221;default&#8221; tablet_text_alignment=&#8221;default&#8221; phone_text_alignment=&#8221;default&#8221; background_color_opacity=&#8221;1&#8243; background_hover_color_opacity=&#8221;1&#8243; column_backdrop_filter=&#8221;none&#8221; column_shadow=&#8221;none&#8221; column_border_radius=&#8221;none&#8221; column_link_target=&#8221;_self&#8221; column_position=&#8221;default&#8221; gradient_direction=&#8221;left_to_right&#8221; overlay_strength=&#8221;0.3&#8243; width=&#8221;1\/1&#8243; tablet_width_inherit=&#8221;default&#8221; animation_type=&#8221;default&#8221; bg_image_animation=&#8221;none&#8221; border_type=&#8221;simple&#8221; column_border_width=&#8221;none&#8221; column_border_style=&#8221;solid&#8221;][recent_posts style=&#8221;single_large_featured&#8221; large_featured_padding=&#8221;10%&#8221; button_color=&#8221;Accent-Color&#8221; button_arrow_style=&#8221;curved&#8221; load_in_animation=&#8221;none&#8221; single_large_featured_content_side_spacing=&#8221;default&#8221; single_large_featured_content_alignment=&#8221;middle&#8221; large_featured_content_max_width=&#8221;default&#8221; bg_overlay=&#8221;solid_color&#8221; large_featured_heading_tag=&#8221;h2&#8243; category=&#8221;&#8221; order=&#8221;DESC&#8221; orderby=&#8221;date&#8221; image_loading=&#8221;lazy-load&#8221; blog_remove_post_date=&#8221;true&#8221; blog_remove_post_author=&#8221;true&#8221; blog_remove_post_comment_number=&#8221;true&#8221; blog_remove_post_nectar_love=&#8221;true&#8221; single_large_featured_content_side-spacing=&#8221;&#8221; large_featured_font_size=&#8221;8vw&#8221; font_size_phone=&#8221;26px&#8221;][\/vc_column][\/vc_row][vc_row type=&#8221;full_width_content&#8221; full_screen_row_position=&#8221;middle&#8221; column_margin=&#8221;default&#8221; column_direction=&#8221;default&#8221; column_direction_tablet=&#8221;default&#8221; column_direction_phone=&#8221;default&#8221; scene_position=&#8221;center&#8221; top_padding=&#8221;3%&#8221; left_padding_desktop=&#8221;7%&#8221; constrain_group_2=&#8221;yes&#8221; right_padding_desktop=&#8221;7%&#8221; left_padding_phone=&#8221;1%&#8221; constrain_group_6=&#8221;yes&#8221; right_padding_phone=&#8221;1%&#8221; text_color=&#8221;dark&#8221; text_align=&#8221;left&#8221; row_border_radius=&#8221;none&#8221; row_border_radius_applies=&#8221;bg&#8221; row_position_desktop=&#8221;default&#8221; row_position_tablet=&#8221;inherit&#8221; row_position_phone=&#8221;inherit&#8221; overflow=&#8221;visible&#8221; overlay_strength=&#8221;0.3&#8243; gradient_direction=&#8221;left_to_right&#8221; shape_divider_position=&#8221;bottom&#8221; bg_image_animation=&#8221;none&#8221; gradient_type=&#8221;default&#8221; shape_type=&#8221;&#8221;][vc_column column_padding=&#8221;no-extra-padding&#8221; column_padding_tablet=&#8221;inherit&#8221; column_padding_phone=&#8221;inherit&#8221; column_padding_position=&#8221;all&#8221; flex_gap_desktop=&#8221;10px&#8221; column_element_direction_desktop=&#8221;default&#8221; column_element_spacing=&#8221;default&#8221; desktop_text_alignment=&#8221;default&#8221; tablet_text_alignment=&#8221;default&#8221; phone_text_alignment=&#8221;default&#8221; background_color_opacity=&#8221;1&#8243; background_hover_color_opacity=&#8221;1&#8243; column_backdrop_filter=&#8221;none&#8221; column_shadow=&#8221;none&#8221; column_border_radius=&#8221;none&#8221; column_link_target=&#8221;_self&#8221; column_position=&#8221;default&#8221; gradient_direction=&#8221;left_to_right&#8221; overlay_strength=&#8221;0.3&#8243; width=&#8221;1\/1&#8243; tablet_width_inherit=&#8221;default&#8221; animation_type=&#8221;default&#8221; bg_image_animation=&#8221;none&#8221; border_type=&#8221;simple&#8221; column_border_width=&#8221;none&#8221; column_border_style=&#8221;solid&#8221;][nectar_post_grid post_type=&#8221;post&#8221; blog_category=&#8221;success-stories&#8221; blog_starting_category=&#8221;all&#8221; order=&#8221;DESC&#8221; orderby=&#8221;date&#8221; pagination=&#8221;none&#8221; columns=&#8221;2&#8243; columns_tablet=&#8221;default&#8221; columns_phone=&#8221;default&#8221; grid_item_spacing=&#8221;25px&#8221; grid_item_height=&#8221;40vh&#8221; 2_col_masonry_layout=&#8221;default&#8221; image_size=&#8221;full&#8221; image_loading=&#8221;lazy-load&#8221; animation=&#8221;fade-in-from-bottom&#8221; animation_stagger=&#8221;90&#8243; animation_easing=&#8221;default&#8221; heading_tag=&#8221;h4&#8243; heading_tag_render=&#8221;p&#8221; category_position=&#8221;default&#8221; display_date=&#8221;yes&#8221; additional_meta_size=&#8221;default&#8221; custom_fields_location=&#8221;before_post_meta&#8221; grid_style=&#8221;content_overlaid&#8221; text_content_layout=&#8221;all_bottom_left_shadow&#8221; color_overlay=&#8221;#3f3f3f&#8221; color_overlay_opacity=&#8221;0.4&#8243; color_overlay_hover_opacity=&#8221;0.6&#8243; text_color=&#8221;light&#8221; text_color_hover=&#8221;light&#8221; text_opacity=&#8221;1&#8243; text_hover_opacity=&#8221;1&#8243; hover_effect=&#8221;slow_zoom&#8221; border_radius=&#8221;10px&#8221; shadow_on_hover=&#8221;yes&#8221; posts_per_page=&#8221;8&#8243; post_offset=&#8221;1&#8243; display_type=&#8221;grid&#8221; custom_font_size=&#8221;20px&#8221;][\/vc_column][\/vc_row][vc_row type=&#8221;full_width_background&#8221; full_screen_row_position=&#8221;middle&#8221; column_margin=&#8221;default&#8221; column_direction=&#8221;default&#8221; column_direction_tablet=&#8221;default&#8221; column_direction_phone=&#8221;default&#8221; scene_position=&#8221;center&#8221; bottom_padding=&#8221;3%&#8221; text_color=&#8221;dark&#8221; text_align=&#8221;left&#8221; row_border_radius=&#8221;15px&#8221; row_border_radius_applies=&#8221;bg&#8221; row_position_desktop=&#8221;default&#8221; row_position_tablet=&#8221;inherit&#8221; row_position_phone=&#8221;inherit&#8221; overflow=&#8221;visible&#8221; overlay_strength=&#8221;0.3&#8243; gradient_direction=&#8221;left_to_right&#8221; enable_shape_divider=&#8221;true&#8221; shape_divider_color=&#8221;#ffffff&#8221; shape_divider_position=&#8221;bottom&#8221; shape_divider_height=&#8221;50%&#8221; bg_image_animation=&#8221;none&#8221; shape_type=&#8221;straight_section&#8221; gradient_type=&#8221;default&#8221;][vc_column top_padding_desktop=&#8221;6%&#8221; constrain_group_100=&#8221;yes&#8221; bottom_padding_desktop=&#8221;6%&#8221; left_padding_desktop=&#8221;6%&#8221; constrain_group_101=&#8221;yes&#8221; right_padding_desktop=&#8221;6%&#8221; flex_gap_desktop=&#8221;10px&#8221; column_element_direction_desktop=&#8221;default&#8221; column_element_spacing=&#8221;default&#8221; centered_text=&#8221;true&#8221; desktop_text_alignment=&#8221;default&#8221; tablet_text_alignment=&#8221;default&#8221; phone_text_alignment=&#8221;default&#8221; background_color=&#8221;#c9c9c9&#8243; background_color_opacity=&#8221;0.6&#8243; background_hover_color_opacity=&#8221;1&#8243; column_backdrop_filter=&#8221;none&#8221; column_shadow=&#8221;none&#8221; column_border_radius=&#8221;15px&#8221; column_link_target=&#8221;_self&#8221; column_position=&#8221;default&#8221; gradient_direction=&#8221;left_to_right&#8221; overlay_strength=&#8221;0.3&#8243; width=&#8221;1\/1&#8243; tablet_width_inherit=&#8221;default&#8221; animation_type=&#8221;default&#8221; bg_image_animation=&#8221;none&#8221; border_type=&#8221;simple&#8221; column_border_width=&#8221;none&#8221; column_border_style=&#8221;solid&#8221; column_padding_type=&#8221;advanced&#8221; gradient_type=&#8221;default&#8221;][nectar_lottie trigger_type=&#8221;play&#8221; mobile_func=&#8221;default&#8221; loop=&#8221;true&#8221; trigger_offset=&#8221;0.00,100.00&#8243; frame_constraint=&#8221;0.00,100.00&#8243; width_desktop=&#8221;50&#8243; alignment=&#8221;center&#8221; preserve_aspect_ratio=&#8221;xMidYMid meet&#8221; json_url=&#8221;https:\/\/assets1.lottiefiles.com\/packages\/lf20_UyIC2q.json&#8221;][vc_row_inner column_margin=&#8221;default&#8221; column_direction=&#8221;default&#8221; column_direction_tablet=&#8221;default&#8221; column_direction_phone=&#8221;default&#8221; top_padding=&#8221;20&#8243; left_padding_desktop=&#8221;4%&#8221; constrain_group_2=&#8221;yes&#8221; right_padding_desktop=&#8221;4%&#8221; left_padding_phone=&#8221;13%&#8221; constrain_group_6=&#8221;yes&#8221; right_padding_phone=&#8221;13%&#8221; text_align=&#8221;left&#8221; row_position=&#8221;default&#8221; row_position_tablet=&#8221;inherit&#8221; row_position_phone=&#8221;inherit&#8221; overflow=&#8221;visible&#8221; pointer_events=&#8221;all&#8221;][vc_column_inner column_padding=&#8221;no-extra-padding&#8221; column_padding_tablet=&#8221;inherit&#8221; column_padding_phone=&#8221;inherit&#8221; column_padding_position=&#8221;all&#8221; flex_gap_desktop=&#8221;10px&#8221; column_element_direction_desktop=&#8221;default&#8221; column_element_spacing=&#8221;default&#8221; desktop_text_alignment=&#8221;default&#8221; tablet_text_alignment=&#8221;default&#8221; phone_text_alignment=&#8221;default&#8221; background_color_opacity=&#8221;1&#8243; background_hover_color_opacity=&#8221;1&#8243; column_backdrop_filter=&#8221;none&#8221; column_shadow=&#8221;none&#8221; column_border_radius=&#8221;none&#8221; column_link_target=&#8221;_self&#8221; overflow=&#8221;visible&#8221; gradient_direction=&#8221;left_to_right&#8221; overlay_strength=&#8221;0.3&#8243; width=&#8221;1\/1&#8243; tablet_width_inherit=&#8221;default&#8221; animation_type=&#8221;default&#8221; bg_image_animation=&#8221;none&#8221; border_type=&#8221;simple&#8221; column_border_width=&#8221;none&#8221; column_border_style=&#8221;solid&#8221;][nectar_responsive_text inherited_font_style=&#8221;default&#8221; font_line_height=&#8221;1.3&#8243; text_direction=&#8221;default&#8221;]\n<h3>\u00a1Suscr\u00edbase para estar al tanto de las \u00faltimas noticias sobre hosteler\u00eda, anuncios de productos y estudios de casos!<\/h3>\n[\/nectar_responsive_text][\/vc_column_inner][\/vc_row_inner][vc_row_inner column_margin=&#8221;default&#8221; column_direction=&#8221;default&#8221; column_direction_tablet=&#8221;default&#8221; column_direction_phone=&#8221;default&#8221; left_padding_desktop=&#8221;25%&#8221; constrain_group_2=&#8221;yes&#8221; right_padding_desktop=&#8221;25%&#8221; left_padding_tablet=&#8221;0&#8243; constrain_group_4=&#8221;yes&#8221; right_padding_tablet=&#8221;0&#8243; left_padding_phone=&#8221;0&#8243; constrain_group_6=&#8221;yes&#8221; right_padding_phone=&#8221;0&#8243; text_align=&#8221;left&#8221; row_position=&#8221;default&#8221; row_position_tablet=&#8221;inherit&#8221; row_position_phone=&#8221;inherit&#8221; overflow=&#8221;visible&#8221; pointer_events=&#8221;all&#8221;][vc_column_inner column_padding=&#8221;no-extra-padding&#8221; column_padding_tablet=&#8221;inherit&#8221; column_padding_phone=&#8221;inherit&#8221; column_padding_position=&#8221;all&#8221; flex_gap_desktop=&#8221;10px&#8221; column_element_direction_desktop=&#8221;default&#8221; column_element_spacing=&#8221;default&#8221; desktop_text_alignment=&#8221;default&#8221; tablet_text_alignment=&#8221;default&#8221; phone_text_alignment=&#8221;default&#8221; background_color_opacity=&#8221;1&#8243; background_hover_color_opacity=&#8221;1&#8243; column_backdrop_filter=&#8221;none&#8221; column_shadow=&#8221;none&#8221; column_border_radius=&#8221;none&#8221; column_link_target=&#8221;_self&#8221; overflow=&#8221;visible&#8221; gradient_direction=&#8221;left_to_right&#8221; overlay_strength=&#8221;0.3&#8243; width=&#8221;1\/1&#8243; tablet_width_inherit=&#8221;default&#8221; animation_type=&#8221;default&#8221; bg_image_animation=&#8221;none&#8221; border_type=&#8221;simple&#8221; column_border_width=&#8221;none&#8221; column_border_style=&#8221;solid&#8221;][nectar_btn size=&#8221;jumbo&#8221; button_style=&#8221;regular&#8221; button_color_2=&#8221;Accent-Color&#8221; icon_family=&#8221;none&#8221; el_class=&#8221;popmake-63099&#8243; text=&#8221;Suscr\u00edbase a nuestra newsletter&#8221;][\/vc_column_inner][\/vc_row_inner][\/vc_column][\/vc_row][vc_row type=&#8221;full_width_content&#8221; full_screen_row_position=&#8221;middle&#8221; column_margin=&#8221;default&#8221; column_direction=&#8221;default&#8221; column_direction_tablet=&#8221;default&#8221; column_direction_phone=&#8221;default&#8221; bg_color=&#8221;#ffffff&#8221; scene_position=&#8221;center&#8221; top_padding=&#8221;3%&#8221; left_padding_desktop=&#8221;7%&#8221; constrain_group_2=&#8221;yes&#8221; right_padding_desktop=&#8221;7%&#8221; left_padding_phone=&#8221;1%&#8221; constrain_group_6=&#8221;yes&#8221; right_padding_phone=&#8221;1%&#8221; text_color=&#8221;dark&#8221; text_align=&#8221;left&#8221; row_border_radius=&#8221;none&#8221; row_border_radius_applies=&#8221;bg&#8221; row_position_desktop=&#8221;default&#8221; row_position_tablet=&#8221;inherit&#8221; row_position_phone=&#8221;inherit&#8221; overflow=&#8221;visible&#8221; overlay_strength=&#8221;0.3&#8243; gradient_direction=&#8221;left_to_right&#8221; shape_divider_position=&#8221;bottom&#8221; bg_image_animation=&#8221;none&#8221; gradient_type=&#8221;default&#8221; shape_type=&#8221;&#8221;][vc_column column_padding=&#8221;no-extra-padding&#8221; column_padding_tablet=&#8221;inherit&#8221; column_padding_phone=&#8221;inherit&#8221; column_padding_position=&#8221;all&#8221; flex_gap_desktop=&#8221;10px&#8221; column_element_direction_desktop=&#8221;default&#8221; column_element_spacing=&#8221;default&#8221; desktop_text_alignment=&#8221;default&#8221; tablet_text_alignment=&#8221;default&#8221; phone_text_alignment=&#8221;default&#8221; background_color_opacity=&#8221;1&#8243; background_hover_color_opacity=&#8221;1&#8243; column_backdrop_filter=&#8221;none&#8221; column_shadow=&#8221;none&#8221; column_border_radius=&#8221;none&#8221; column_link_target=&#8221;_self&#8221; column_position=&#8221;default&#8221; gradient_direction=&#8221;left_to_right&#8221; overlay_strength=&#8221;0.3&#8243; width=&#8221;1\/1&#8243; tablet_width_inherit=&#8221;default&#8221; animation_type=&#8221;default&#8221; bg_image_animation=&#8221;none&#8221; border_type=&#8221;simple&#8221; column_border_width=&#8221;none&#8221; column_border_style=&#8221;solid&#8221;][nectar_post_grid post_type=&#8221;post&#8221; blog_category=&#8221;success-stories&#8221; blog_starting_category=&#8221;all&#8221; order=&#8221;DESC&#8221; orderby=&#8221;date&#8221; pagination=&#8221;load-more&#8221; button_color=&#8221;accent-color&#8221; columns=&#8221;2&#8243; columns_tablet=&#8221;default&#8221; columns_phone=&#8221;default&#8221; grid_item_spacing=&#8221;25px&#8221; grid_item_height=&#8221;40vh&#8221; 2_col_masonry_layout=&#8221;default&#8221; image_size=&#8221;full&#8221; image_loading=&#8221;lazy-load&#8221; animation=&#8221;fade-in-from-bottom&#8221; animation_stagger=&#8221;90&#8243; animation_easing=&#8221;default&#8221; heading_tag=&#8221;h4&#8243; heading_tag_render=&#8221;p&#8221; category_position=&#8221;default&#8221; display_date=&#8221;yes&#8221; additional_meta_size=&#8221;default&#8221; custom_fields_location=&#8221;before_post_meta&#8221; grid_style=&#8221;content_overlaid&#8221; text_content_layout=&#8221;all_bottom_left_shadow&#8221; color_overlay=&#8221;#3f3f3f&#8221; color_overlay_opacity=&#8221;0.4&#8243; color_overlay_hover_opacity=&#8221;0.6&#8243; text_color=&#8221;light&#8221; text_color_hover=&#8221;light&#8221; text_opacity=&#8221;1&#8243; text_hover_opacity=&#8221;1&#8243; hover_effect=&#8221;slow_zoom&#8221; border_radius=&#8221;10px&#8221; shadow_on_hover=&#8221;yes&#8221; posts_per_page=&#8221;14&#8243; post_offset=&#8221;9&#8243; display_type=&#8221;grid&#8221; custom_font_size=&#8221;20px&#8221;][\/vc_column][\/vc_row]\n","protected":false},"excerpt":{"rendered":"<p>[vc_row type=&#8221;full_width_content&#8221; full_screen_row_position=&#8221;middle&#8221; column_margin=&#8221;default&#8221; column_direction=&#8221;default&#8221; column_direction_tablet=&#8221;default&#8221; column_direction_phone=&#8221;default&#8221; scene_position=&#8221;center&#8221; text_color=&#8221;dark&#8221; text_align=&#8221;left&#8221; row_border_radius=&#8221;none&#8221; row_border_radius_applies=&#8221;bg&#8221; row_position_desktop=&#8221;default&#8221; row_position_tablet=&#8221;inherit&#8221; row_position_phone=&#8221;inherit&#8221; overflow=&#8221;visible&#8221; overlay_strength=&#8221;0.3&#8243; gradient_direction=&#8221;left_to_right&#8221; shape_divider_position=&#8221;bottom&#8221; bg_image_animation=&#8221;none&#8221; shape_type=&#8221;&#8221; gradient_type=&#8221;default&#8221;][vc_column column_padding=&#8221;no-extra-padding&#8221; column_padding_tablet=&#8221;inherit&#8221; column_padding_phone=&#8221;inherit&#8221; column_padding_position=&#8221;all&#8221; flex_gap_desktop=&#8221;10px&#8221; column_element_direction_desktop=&#8221;default&#8221; column_element_spacing=&#8221;default&#8221; desktop_text_alignment=&#8221;default&#8221;&#8230;<\/p>\n","protected":false},"author":1,"featured_media":0,"parent":0,"menu_order":0,"comment_status":"closed","ping_status":"closed","template":"","meta":{"footnotes":"","_wp_rev_ctl_limit":""},"class_list":["post-63656","page","type-page","status-publish"],"yoast_head":"<!-- This site is optimized with the Yoast SEO plugin v27.3 - https:\/\/yoast.com\/product\/yoast-seo-wordpress\/ -->\n<title>Historias de \u00e9xito &#8211; Nonius<\/title>\n<meta name=\"description\" content=\"Conozca nuestras historias de \u00e9xito y d\u00f3nde marcamos la diferencia en todo el mundo.\" \/>\n<meta name=\"robots\" content=\"index, follow, max-snippet:-1, max-image-preview:large, max-video-preview:-1\" \/>\n<link rel=\"canonical\" href=\"https:\/\/noniussolutions.com\/es-mx\/casos-de-exito\/\" \/>\n<meta property=\"og:locale\" content=\"es_MX\" \/>\n<meta property=\"og:type\" content=\"article\" \/>\n<meta property=\"og:title\" content=\"Historias de \u00e9xito &#8211; Nonius\" \/>\n<meta property=\"og:description\" content=\"Conozca nuestras historias de \u00e9xito y d\u00f3nde marcamos la diferencia en todo el mundo.\" \/>\n<meta property=\"og:url\" content=\"https:\/\/noniussolutions.com\/es-mx\/casos-de-exito\/\" \/>\n<meta property=\"og:site_name\" content=\"Nonius\" \/>\n<meta property=\"article:publisher\" content=\"https:\/\/www.facebook.com\/noniussoftware\/\" \/>\n<meta property=\"article:modified_time\" content=\"2026-03-23T15:11:19+00:00\" \/>\n<meta name=\"twitter:card\" content=\"summary_large_image\" \/>\n<meta name=\"twitter:label1\" content=\"Tiempo de lectura\" \/>\n\t<meta name=\"twitter:data1\" content=\"1 minuto\" \/>\n<script type=\"application\/ld+json\" class=\"yoast-schema-graph\">{\"@context\":\"https:\\\/\\\/schema.org\",\"@graph\":[{\"@type\":\"WebPage\",\"@id\":\"https:\\\/\\\/noniussolutions.com\\\/es-mx\\\/casos-de-exito\\\/\",\"url\":\"https:\\\/\\\/noniussolutions.com\\\/es-mx\\\/casos-de-exito\\\/\",\"name\":\"Historias de \u00e9xito &#8211; Nonius\",\"isPartOf\":{\"@id\":\"https:\\\/\\\/noniussolutions.com\\\/es-mx\\\/#website\"},\"datePublished\":\"2025-09-26T08:29:17+00:00\",\"dateModified\":\"2026-03-23T15:11:19+00:00\",\"description\":\"Conozca nuestras historias de \u00e9xito y d\u00f3nde marcamos la diferencia en todo el mundo.\",\"breadcrumb\":{\"@id\":\"https:\\\/\\\/noniussolutions.com\\\/es-mx\\\/casos-de-exito\\\/#breadcrumb\"},\"inLanguage\":\"es\",\"potentialAction\":[{\"@type\":\"ReadAction\",\"target\":[\"https:\\\/\\\/noniussolutions.com\\\/es-mx\\\/casos-de-exito\\\/\"]}]},{\"@type\":\"BreadcrumbList\",\"@id\":\"https:\\\/\\\/noniussolutions.com\\\/es-mx\\\/casos-de-exito\\\/#breadcrumb\",\"itemListElement\":[{\"@type\":\"ListItem\",\"position\":1,\"name\":\"Home\",\"item\":\"https:\\\/\\\/noniussolutions.com\\\/es-mx\\\/\"},{\"@type\":\"ListItem\",\"position\":2,\"name\":\"Historias de \u00e9xito\"}]},{\"@type\":\"WebSite\",\"@id\":\"https:\\\/\\\/noniussolutions.com\\\/es-mx\\\/#website\",\"url\":\"https:\\\/\\\/noniussolutions.com\\\/es-mx\\\/\",\"name\":\"Nonius\",\"description\":\"Hospitality Technology\",\"publisher\":{\"@id\":\"https:\\\/\\\/noniussolutions.com\\\/es-mx\\\/#organization\"},\"potentialAction\":[{\"@type\":\"SearchAction\",\"target\":{\"@type\":\"EntryPoint\",\"urlTemplate\":\"https:\\\/\\\/noniussolutions.com\\\/es-mx\\\/?s={search_term_string}\"},\"query-input\":{\"@type\":\"PropertyValueSpecification\",\"valueRequired\":true,\"valueName\":\"search_term_string\"}}],\"inLanguage\":\"es\"},{\"@type\":\"Organization\",\"@id\":\"https:\\\/\\\/noniussolutions.com\\\/es-mx\\\/#organization\",\"name\":\"Nonius\",\"url\":\"https:\\\/\\\/noniussolutions.com\\\/es-mx\\\/\",\"logo\":{\"@type\":\"ImageObject\",\"inLanguage\":\"es\",\"@id\":\"https:\\\/\\\/noniussolutions.com\\\/es-mx\\\/#\\\/schema\\\/logo\\\/image\\\/\",\"url\":\"https:\\\/\\\/noniussolutions.com\\\/wp-content\\\/uploads\\\/2025\\\/11\\\/logo-N.png\",\"contentUrl\":\"https:\\\/\\\/noniussolutions.com\\\/wp-content\\\/uploads\\\/2025\\\/11\\\/logo-N.png\",\"width\":500,\"height\":500,\"caption\":\"Nonius\"},\"image\":{\"@id\":\"https:\\\/\\\/noniussolutions.com\\\/es-mx\\\/#\\\/schema\\\/logo\\\/image\\\/\"},\"sameAs\":[\"https:\\\/\\\/www.facebook.com\\\/noniussoftware\\\/\",\"https:\\\/\\\/www.linkedin.com\\\/company\\\/nonius\\\/\",\"https:\\\/\\\/www.youtube.com\\\/user\\\/NoniusSoft\",\"https:\\\/\\\/www.instagram.com\\\/noniussolutions\\\/\"]}]}<\/script>\n<!-- \/ Yoast SEO plugin. -->","yoast_head_json":{"title":"Historias de \u00e9xito &#8211; Nonius","description":"Conozca nuestras historias de \u00e9xito y d\u00f3nde marcamos la diferencia en todo el mundo.","robots":{"index":"index","follow":"follow","max-snippet":"max-snippet:-1","max-image-preview":"max-image-preview:large","max-video-preview":"max-video-preview:-1"},"canonical":"https:\/\/noniussolutions.com\/es-mx\/casos-de-exito\/","og_locale":"es_MX","og_type":"article","og_title":"Historias de \u00e9xito &#8211; Nonius","og_description":"Conozca nuestras historias de \u00e9xito y d\u00f3nde marcamos la diferencia en todo el mundo.","og_url":"https:\/\/noniussolutions.com\/es-mx\/casos-de-exito\/","og_site_name":"Nonius","article_publisher":"https:\/\/www.facebook.com\/noniussoftware\/","article_modified_time":"2026-03-23T15:11:19+00:00","twitter_card":"summary_large_image","twitter_misc":{"Tiempo de lectura":"1 minuto"},"schema":{"@context":"https:\/\/schema.org","@graph":[{"@type":"WebPage","@id":"https:\/\/noniussolutions.com\/es-mx\/casos-de-exito\/","url":"https:\/\/noniussolutions.com\/es-mx\/casos-de-exito\/","name":"Historias de \u00e9xito &#8211; Nonius","isPartOf":{"@id":"https:\/\/noniussolutions.com\/es-mx\/#website"},"datePublished":"2025-09-26T08:29:17+00:00","dateModified":"2026-03-23T15:11:19+00:00","description":"Conozca nuestras historias de \u00e9xito y d\u00f3nde marcamos la diferencia en todo el mundo.","breadcrumb":{"@id":"https:\/\/noniussolutions.com\/es-mx\/casos-de-exito\/#breadcrumb"},"inLanguage":"es","potentialAction":[{"@type":"ReadAction","target":["https:\/\/noniussolutions.com\/es-mx\/casos-de-exito\/"]}]},{"@type":"BreadcrumbList","@id":"https:\/\/noniussolutions.com\/es-mx\/casos-de-exito\/#breadcrumb","itemListElement":[{"@type":"ListItem","position":1,"name":"Home","item":"https:\/\/noniussolutions.com\/es-mx\/"},{"@type":"ListItem","position":2,"name":"Historias de \u00e9xito"}]},{"@type":"WebSite","@id":"https:\/\/noniussolutions.com\/es-mx\/#website","url":"https:\/\/noniussolutions.com\/es-mx\/","name":"Nonius","description":"Hospitality Technology","publisher":{"@id":"https:\/\/noniussolutions.com\/es-mx\/#organization"},"potentialAction":[{"@type":"SearchAction","target":{"@type":"EntryPoint","urlTemplate":"https:\/\/noniussolutions.com\/es-mx\/?s={search_term_string}"},"query-input":{"@type":"PropertyValueSpecification","valueRequired":true,"valueName":"search_term_string"}}],"inLanguage":"es"},{"@type":"Organization","@id":"https:\/\/noniussolutions.com\/es-mx\/#organization","name":"Nonius","url":"https:\/\/noniussolutions.com\/es-mx\/","logo":{"@type":"ImageObject","inLanguage":"es","@id":"https:\/\/noniussolutions.com\/es-mx\/#\/schema\/logo\/image\/","url":"https:\/\/noniussolutions.com\/wp-content\/uploads\/2025\/11\/logo-N.png","contentUrl":"https:\/\/noniussolutions.com\/wp-content\/uploads\/2025\/11\/logo-N.png","width":500,"height":500,"caption":"Nonius"},"image":{"@id":"https:\/\/noniussolutions.com\/es-mx\/#\/schema\/logo\/image\/"},"sameAs":["https:\/\/www.facebook.com\/noniussoftware\/","https:\/\/www.linkedin.com\/company\/nonius\/","https:\/\/www.youtube.com\/user\/NoniusSoft","https:\/\/www.instagram.com\/noniussolutions\/"]}]}},"_links":{"self":[{"href":"https:\/\/noniussolutions.com\/es-mx\/wp-json\/wp\/v2\/pages\/63656","targetHints":{"allow":["GET"]}}],"collection":[{"href":"https:\/\/noniussolutions.com\/es-mx\/wp-json\/wp\/v2\/pages"}],"about":[{"href":"https:\/\/noniussolutions.com\/es-mx\/wp-json\/wp\/v2\/types\/page"}],"author":[{"embeddable":true,"href":"https:\/\/noniussolutions.com\/es-mx\/wp-json\/wp\/v2\/users\/1"}],"replies":[{"embeddable":true,"href":"https:\/\/noniussolutions.com\/es-mx\/wp-json\/wp\/v2\/comments?post=63656"}],"version-history":[{"count":0,"href":"https:\/\/noniussolutions.com\/es-mx\/wp-json\/wp\/v2\/pages\/63656\/revisions"}],"wp:attachment":[{"href":"https:\/\/noniussolutions.com\/es-mx\/wp-json\/wp\/v2\/media?parent=63656"}],"curies":[{"name":"wp","href":"https:\/\/api.w.org\/{rel}","templated":true}]}}