{"id":62813,"date":"2025-09-26T09:42:45","date_gmt":"2025-09-26T08:42:45","guid":{"rendered":"https:\/\/noniussolutions.com\/?page_id=62813"},"modified":"2026-03-16T16:55:23","modified_gmt":"2026-03-16T16:55:23","slug":"rgpd","status":"publish","type":"page","link":"https:\/\/noniussolutions.com\/es\/rgpd\/","title":{"rendered":"Nonius y el cumplimiento del RGPD"},"content":{"rendered":"[vc_row type=\u00bbin_container\u00bb full_screen_row_position=\u00bbmiddle\u00bb column_margin=\u00bbdefault\u00bb column_direction=\u00bbdefault\u00bb column_direction_tablet=\u00bbdefault\u00bb column_direction_phone=\u00bbdefault\u00bb scene_position=\u00bbcenter\u00bb text_color=\u00bbdark\u00bb text_align=\u00bbleft\u00bb row_border_radius=\u00bbnone\u00bb row_border_radius_applies=\u00bbbg\u00bb overflow=\u00bbvisible\u00bb overlay_strength=\u00bb0.3&#8243; gradient_direction=\u00bbleft_to_right\u00bb shape_divider_position=\u00bbbottom\u00bb bg_image_animation=\u00bbnone\u00bb][vc_column column_padding=\u00bbno-extra-padding\u00bb column_padding_tablet=\u00bbinherit\u00bb column_padding_phone=\u00bbinherit\u00bb column_padding_position=\u00bball\u00bb column_element_direction_desktop=\u00bbdefault\u00bb column_element_spacing=\u00bbdefault\u00bb desktop_text_alignment=\u00bbdefault\u00bb tablet_text_alignment=\u00bbdefault\u00bb phone_text_alignment=\u00bbdefault\u00bb background_color_opacity=\u00bb1&#8243; background_hover_color_opacity=\u00bb1&#8243; column_backdrop_filter=\u00bbnone\u00bb column_shadow=\u00bbnone\u00bb column_border_radius=\u00bbnone\u00bb column_link_target=\u00bb_self\u00bb column_position=\u00bbdefault\u00bb gradient_direction=\u00bbleft_to_right\u00bb overlay_strength=\u00bb0.3&#8243; width=\u00bb1\/1&#8243; tablet_width_inherit=\u00bbdefault\u00bb animation_type=\u00bbdefault\u00bb bg_image_animation=\u00bbnone\u00bb border_type=\u00bbsimple\u00bb column_border_width=\u00bbnone\u00bb column_border_style=\u00bbsolid\u00bb][vc_column_text css=\u00bb\u00bb text_direction=\u00bbdefault\u00bb]\n<h1>Nonius y el cumplimiento del RGPD<\/h1>\n<p>&nbsp;<\/p>\n<p>Nonius es un integrador y fabricante de software y dispositivos de redes para el mercado de la hospitalidad y el tipo de productos que suministra Nonius procesan y almacenan datos de muchos tipos. Los productos Nonius son <a href=\"https:\/\/ec.europa.eu\/info\/law\/law-topic\/data-protection\/reform\/rules-business-and-organisations\/obligations\/controller-processor\/what-data-controller-or-data-processor_en\" target=\"_blank\" rel=\"noopener\">procesadores de datos<\/a>, y los clientes de Nonius son los <a href=\"https:\/\/ec.europa.eu\/info\/law\/law-topic\/data-protection\/reform\/rules-business-and-organisations\/obligations\/controller-processor\/what-data-controller-or-data-processor_en\" target=\"_blank\" rel=\"noopener\">controladores de esos datos<\/a>. Los controladores pueden decidir a qu\u00e9 partes dan acceso a los datos, sino que es totalmente una decisi\u00f3n de nuestro cliente, el due\u00f1o de la propiedad.  <\/p>\n<p>Dicho esto, el compromiso Nonius a la protecci\u00f3n de datos personales del usuario y para el RGPD es:<\/p>\n<p><strong>1.<\/strong> Nonius nunca comparti\u00f3 y no compartir\u00e1 <a href=\"https:\/\/ec.europa.eu\/info\/law\/law-topic\/data-protection\/reform\/what-personal-data_en\" target=\"_blank\" rel=\"noopener\">informaci\u00f3n de identificaci\u00f3n personal<\/a> procesada por productos Nonius. S\u00f3lo los clientes, las entidades propietarias de productos Nonius en las instalaciones o los que utilizan servicios en la nube Nonius, pueden compartir los datos personales captados por los productos Nonius. Sin embargo, Nonius est\u00e1 ayudando activamente a sus clientes lograr el cumplimiento RGPD ofreciendo a los clientes las herramientas para implementar servicios que son compatibles con RGPD. Los clientes de Nonius pueden decidir qu\u00e9 hacer con los datos con ayuda de las herramientas proporcionadas siguen siendo compatibles.   <\/p>\n<p><strong>2.<\/strong> Nonius utiliza algunos datos para mejorar la eficiencia del producto y servicio, y para proporcionar un mejor soporte a los clientes y usuarios finales. Nonius llevar\u00e1 sobre el uso de esos datos en el leg\u00edtimo inter\u00e9s de nuestros clientes y usuarios finales. Agentes del call center de soporte de hu\u00e9spedes y de hotel tienen que tener y seguir\u00e1n teniendo ocasionalmente acceso a los datos personales, como el nombre del cliente, con el \u00fanico prop\u00f3sito de ayudar a solucionar problemas y mejorar la eficiencia del proceso.  <\/p>\n<p><strong>3.<\/strong> Nonius limitar\u00e1 la recolecci\u00f3n y la transferencia de datos personales al m\u00ednimo necesario para llevar a cabo las tareas de apoyo y mejorar la eficiencia de los sistemas. M\u00e1s espec\u00edficamente, los <a href=\"https:\/\/ec.europa.eu\/info\/law\/law-topic\/data-protection\/reform\/what-personal-data_en\" target=\"_blank\" rel=\"noopener\">datos personales<\/a> del usuario que son procesados y almacenadas en los varios productos Nonius se utilizan para simplificar y mejorar la experiencia durante su estancia en el hotel y los datos que normalmente son recopilados son: n\u00famero de habitaci\u00f3n, apellido, direcci\u00f3n de correo electr\u00f3nico, fecha de Entrada \/ Salida, las compras hecha en la televisi\u00f3n y en la aplicaci\u00f3n m\u00f3vil, MAC y direcciones IP de los dispositivos de los usuarios, etc. Nonius limita los datos que se procesa a los datos que son <a href=\"https:\/\/ec.europa.eu\/info\/law\/law-topic\/data-protection\/reform\/rules-business-and-organisations\/principles-gdpr\/how-much-data-can-be-collected_en\" target=\"_blank\" rel=\"noopener\">esenciales y relevantes<\/a> para el proceso de negocio. <\/p>\n<p><strong>4.<\/strong> Nonius est\u00e1 en constante desarrollo de nuevos productos y haciendo adquisiciones de empresas que traen nuevos productos y servicios a la cartera del grupo. Nonius se esforzar\u00e1 por aplicar todas las mismas reglas a todos los productos y se compromete a ser transparente para nuestros clientes y informarlos en caso de que algunos de los productos y servicios requieren un mayor desarrollo para el manejo seguro de los datos personales. <\/p>\n<p><strong>5.<\/strong> Nonius se adherir\u00e1 al los requerimientos RGPD y comunicar\u00e1 las <a href=\"https:\/\/ec.europa.eu\/info\/law\/law-topic\/data-protection\/reform\/rules-business-and-organisations\/obligations\/what-data-breach-and-what-do-we-have-do-case-data-breach_en\" target=\"_blank\" rel=\"noopener\">violaciones de datos<\/a> a los clientes afectados y los usuarios finales de una manera oportuna. Tanto los productos instalados en el recinto c\u00f3mo los productos basados en la nube est\u00e1n expuestos a amenazas y pueden verse comprometidos, especialmente los sistemas que est\u00e1n expuestos a la Internet, que es la mayor\u00eda de los productos Nonius. Nonius pone a prueba peri\u00f3dicamente todos los servidores de la nube y los aparatos de instalaci\u00f3n local para testar sus vulnerabilidades de seguridad con el fin de evitar fallos de seguridad.  <\/p>\n<p><strong>6.<\/strong> Nonius mantiene los datos almacenados de los residentes de la UE en el EEE (Espacio Econ\u00f3mico Europeo). Nonius ofrece productos que son para su uso en el mismo recinto y algunos tambi\u00e9n est\u00e1n basados en la nube. Los productos de Nonius que son basados en la nube se construyeron con la protecci\u00f3n de datos en la mente y sus arquitectura limita al m\u00ednimo la cantidad de datos personales que se transfieren desde cualquier dispositivo cliente a la nube. Los productos de Nonius basados en la nube, que sirven las propriedades en Europa, est\u00e1n configurados para operar en los servidores basados en la UE.   <\/p>\n<p><strong>7.<\/strong> Nonius asegura que incluso la informaci\u00f3n de gesti\u00f3n de la red y las copias de seguridad se <a href=\"https:\/\/ec.europa.eu\/info\/law\/law-topic\/data-protection\/data-transfers-outside-eu\/rules-international-transfers-personal-data_en\" target=\"_blank\" rel=\"noopener\">almacenan \u00fanicamente en el EEE<\/a>. Servidores Nonius se organizan en grupos regionales, y el almacenamiento es respaldada por la m\u00e1xima fiabilidad y garant\u00edas Nonius que incluso en el caso de la copia de seguridad para recuperaci\u00f3n de desastres los datos a\u00fan se conserva en el EEE. <\/p>\n<p><strong>8.<\/strong> Nonius, que vende a los clientes en todo el mundo, se esforzar\u00e1 para usar RGPD como base para la protecci\u00f3n de datos para todas las personas en todo el mundo y no s\u00f3lo para los residentes europeos.<\/p>\n<p>Nonius pretende ser totalmente compatible con el <a href=\"https:\/\/ec.europa.eu\/info\/law\/law-topic\/data-protection_en\" target=\"_blank\" rel=\"noopener\">RGPD<\/a>. Esto incluye no s\u00f3lo el cumplimiento de nuestros productos, sino tambi\u00e9n el cumplimiento de la empresa en su conjunto. Nonius ya hab\u00eda aplicado un nivel constante de protecci\u00f3n de datos y seguridad en nuestros productos y mejorar\u00e1 los productos y procesos en l\u00ednea con los requisitos RGPD.  <\/p>\n<p>Cualquier pregunta relacionada RGPD pueden dirigirse a Nonius DPO (Data Protection Officer) en <a href=\"mailto:dpo@noniussoftware.com\">dpo@noniussoftware.com<\/a>.[\/vc_column_text][\/vc_column][\/vc_row]\n","protected":false},"excerpt":{"rendered":"<p>[vc_row type=\u00bbin_container\u00bb full_screen_row_position=\u00bbmiddle\u00bb column_margin=\u00bbdefault\u00bb column_direction=\u00bbdefault\u00bb column_direction_tablet=\u00bbdefault\u00bb column_direction_phone=\u00bbdefault\u00bb scene_position=\u00bbcenter\u00bb text_color=\u00bbdark\u00bb text_align=\u00bbleft\u00bb row_border_radius=\u00bbnone\u00bb row_border_radius_applies=\u00bbbg\u00bb overflow=\u00bbvisible\u00bb overlay_strength=\u00bb0.3&#8243; gradient_direction=\u00bbleft_to_right\u00bb shape_divider_position=\u00bbbottom\u00bb bg_image_animation=\u00bbnone\u00bb][vc_column column_padding=\u00bbno-extra-padding\u00bb column_padding_tablet=\u00bbinherit\u00bb column_padding_phone=\u00bbinherit\u00bb column_padding_position=\u00bball\u00bb column_element_direction_desktop=\u00bbdefault\u00bb column_element_spacing=\u00bbdefault\u00bb desktop_text_alignment=\u00bbdefault\u00bb tablet_text_alignment=\u00bbdefault\u00bb phone_text_alignment=\u00bbdefault\u00bb background_color_opacity=\u00bb1&#8243; background_hover_color_opacity=\u00bb1&#8243; column_backdrop_filter=\u00bbnone\u00bb column_shadow=\u00bbnone\u00bb&#8230;<\/p>\n","protected":false},"author":1,"featured_media":0,"parent":0,"menu_order":0,"comment_status":"closed","ping_status":"closed","template":"","meta":{"footnotes":"","_wp_rev_ctl_limit":""},"class_list":["post-62813","page","type-page","status-publish"],"yoast_head":"<!-- This site is optimized with the Yoast SEO plugin v27.2 - https:\/\/yoast.com\/product\/yoast-seo-wordpress\/ -->\n<title>Nonius y el cumplimiento del RGPD - Nonius<\/title>\n<meta name=\"robots\" content=\"index, follow, max-snippet:-1, max-image-preview:large, max-video-preview:-1\" \/>\n<link rel=\"canonical\" href=\"https:\/\/noniussolutions.com\/es\/rgpd\/\" \/>\n<meta property=\"og:locale\" content=\"es_ES\" \/>\n<meta property=\"og:type\" content=\"article\" \/>\n<meta property=\"og:title\" content=\"Nonius y el cumplimiento del RGPD - Nonius\" \/>\n<meta property=\"og:description\" content=\"[vc_row type=\u00bbin_container\u00bb full_screen_row_position=\u00bbmiddle\u00bb column_margin=\u00bbdefault\u00bb column_direction=\u00bbdefault\u00bb column_direction_tablet=\u00bbdefault\u00bb column_direction_phone=\u00bbdefault\u00bb scene_position=\u00bbcenter\u00bb text_color=\u00bbdark\u00bb text_align=\u00bbleft\u00bb row_border_radius=\u00bbnone\u00bb row_border_radius_applies=\u00bbbg\u00bb overflow=\u00bbvisible\u00bb overlay_strength=\u00bb0.3&#8243; gradient_direction=\u00bbleft_to_right\u00bb shape_divider_position=\u00bbbottom\u00bb bg_image_animation=\u00bbnone\u00bb][vc_column column_padding=\u00bbno-extra-padding\u00bb column_padding_tablet=\u00bbinherit\u00bb column_padding_phone=\u00bbinherit\u00bb column_padding_position=\u00bball\u00bb column_element_direction_desktop=\u00bbdefault\u00bb column_element_spacing=\u00bbdefault\u00bb desktop_text_alignment=\u00bbdefault\u00bb tablet_text_alignment=\u00bbdefault\u00bb phone_text_alignment=\u00bbdefault\u00bb background_color_opacity=\u00bb1&#8243; background_hover_color_opacity=\u00bb1&#8243; column_backdrop_filter=\u00bbnone\u00bb column_shadow=\u00bbnone\u00bb...\" \/>\n<meta property=\"og:url\" content=\"https:\/\/noniussolutions.com\/es\/rgpd\/\" \/>\n<meta property=\"og:site_name\" content=\"Nonius\" \/>\n<meta property=\"article:publisher\" content=\"https:\/\/www.facebook.com\/noniussoftware\/\" \/>\n<meta property=\"article:modified_time\" content=\"2026-03-16T16:55:23+00:00\" \/>\n<meta name=\"twitter:card\" content=\"summary_large_image\" \/>\n<meta name=\"twitter:site\" content=\"@NoniusSoftware\" \/>\n<meta name=\"twitter:label1\" content=\"Tiempo de lectura\" \/>\n\t<meta name=\"twitter:data1\" content=\"5 minutos\" \/>\n<script type=\"application\/ld+json\" class=\"yoast-schema-graph\">{\"@context\":\"https:\/\/schema.org\",\"@graph\":[{\"@type\":\"WebPage\",\"@id\":\"https:\/\/noniussolutions.com\/es\/rgpd\/\",\"url\":\"https:\/\/noniussolutions.com\/es\/rgpd\/\",\"name\":\"Nonius y el cumplimiento del RGPD - Nonius\",\"isPartOf\":{\"@id\":\"https:\/\/noniussolutions.com\/es\/#website\"},\"datePublished\":\"2025-09-26T08:42:45+00:00\",\"dateModified\":\"2026-03-16T16:55:23+00:00\",\"breadcrumb\":{\"@id\":\"https:\/\/noniussolutions.com\/es\/rgpd\/#breadcrumb\"},\"inLanguage\":\"es\",\"potentialAction\":[{\"@type\":\"ReadAction\",\"target\":[\"https:\/\/noniussolutions.com\/es\/rgpd\/\"]}]},{\"@type\":\"BreadcrumbList\",\"@id\":\"https:\/\/noniussolutions.com\/es\/rgpd\/#breadcrumb\",\"itemListElement\":[{\"@type\":\"ListItem\",\"position\":1,\"name\":\"Home\",\"item\":\"https:\/\/noniussolutions.com\/es\/\"},{\"@type\":\"ListItem\",\"position\":2,\"name\":\"Nonius y el cumplimiento del RGPD\"}]},{\"@type\":\"WebSite\",\"@id\":\"https:\/\/noniussolutions.com\/es\/#website\",\"url\":\"https:\/\/noniussolutions.com\/es\/\",\"name\":\"Nonius\",\"description\":\"Hospitality Technology\",\"publisher\":{\"@id\":\"https:\/\/noniussolutions.com\/es\/#organization\"},\"potentialAction\":[{\"@type\":\"SearchAction\",\"target\":{\"@type\":\"EntryPoint\",\"urlTemplate\":\"https:\/\/noniussolutions.com\/es\/?s={search_term_string}\"},\"query-input\":{\"@type\":\"PropertyValueSpecification\",\"valueRequired\":true,\"valueName\":\"search_term_string\"}}],\"inLanguage\":\"es\"},{\"@type\":\"Organization\",\"@id\":\"https:\/\/noniussolutions.com\/es\/#organization\",\"name\":\"Nonius\",\"url\":\"https:\/\/noniussolutions.com\/es\/\",\"logo\":{\"@type\":\"ImageObject\",\"inLanguage\":\"es\",\"@id\":\"https:\/\/noniussolutions.com\/es\/#\/schema\/logo\/image\/\",\"url\":\"https:\/\/noniussolutions.com\/wp-content\/uploads\/2025\/11\/logo-N.png\",\"contentUrl\":\"https:\/\/noniussolutions.com\/wp-content\/uploads\/2025\/11\/logo-N.png\",\"width\":500,\"height\":500,\"caption\":\"Nonius\"},\"image\":{\"@id\":\"https:\/\/noniussolutions.com\/es\/#\/schema\/logo\/image\/\"},\"sameAs\":[\"https:\/\/www.facebook.com\/noniussoftware\/\",\"https:\/\/x.com\/NoniusSoftware\",\"https:\/\/www.linkedin.com\/company\/nonius\/\",\"https:\/\/www.youtube.com\/user\/NoniusSoft\",\"https:\/\/www.instagram.com\/noniussolutions\/\"]}]}<\/script>\n<!-- \/ Yoast SEO plugin. -->","yoast_head_json":{"title":"Nonius y el cumplimiento del RGPD - Nonius","robots":{"index":"index","follow":"follow","max-snippet":"max-snippet:-1","max-image-preview":"max-image-preview:large","max-video-preview":"max-video-preview:-1"},"canonical":"https:\/\/noniussolutions.com\/es\/rgpd\/","og_locale":"es_ES","og_type":"article","og_title":"Nonius y el cumplimiento del RGPD - Nonius","og_description":"[vc_row type=\u00bbin_container\u00bb full_screen_row_position=\u00bbmiddle\u00bb column_margin=\u00bbdefault\u00bb column_direction=\u00bbdefault\u00bb column_direction_tablet=\u00bbdefault\u00bb column_direction_phone=\u00bbdefault\u00bb scene_position=\u00bbcenter\u00bb text_color=\u00bbdark\u00bb text_align=\u00bbleft\u00bb row_border_radius=\u00bbnone\u00bb row_border_radius_applies=\u00bbbg\u00bb overflow=\u00bbvisible\u00bb overlay_strength=\u00bb0.3&#8243; gradient_direction=\u00bbleft_to_right\u00bb shape_divider_position=\u00bbbottom\u00bb bg_image_animation=\u00bbnone\u00bb][vc_column column_padding=\u00bbno-extra-padding\u00bb column_padding_tablet=\u00bbinherit\u00bb column_padding_phone=\u00bbinherit\u00bb column_padding_position=\u00bball\u00bb column_element_direction_desktop=\u00bbdefault\u00bb column_element_spacing=\u00bbdefault\u00bb desktop_text_alignment=\u00bbdefault\u00bb tablet_text_alignment=\u00bbdefault\u00bb phone_text_alignment=\u00bbdefault\u00bb background_color_opacity=\u00bb1&#8243; background_hover_color_opacity=\u00bb1&#8243; column_backdrop_filter=\u00bbnone\u00bb column_shadow=\u00bbnone\u00bb...","og_url":"https:\/\/noniussolutions.com\/es\/rgpd\/","og_site_name":"Nonius","article_publisher":"https:\/\/www.facebook.com\/noniussoftware\/","article_modified_time":"2026-03-16T16:55:23+00:00","twitter_card":"summary_large_image","twitter_site":"@NoniusSoftware","twitter_misc":{"Tiempo de lectura":"5 minutos"},"schema":{"@context":"https:\/\/schema.org","@graph":[{"@type":"WebPage","@id":"https:\/\/noniussolutions.com\/es\/rgpd\/","url":"https:\/\/noniussolutions.com\/es\/rgpd\/","name":"Nonius y el cumplimiento del RGPD - Nonius","isPartOf":{"@id":"https:\/\/noniussolutions.com\/es\/#website"},"datePublished":"2025-09-26T08:42:45+00:00","dateModified":"2026-03-16T16:55:23+00:00","breadcrumb":{"@id":"https:\/\/noniussolutions.com\/es\/rgpd\/#breadcrumb"},"inLanguage":"es","potentialAction":[{"@type":"ReadAction","target":["https:\/\/noniussolutions.com\/es\/rgpd\/"]}]},{"@type":"BreadcrumbList","@id":"https:\/\/noniussolutions.com\/es\/rgpd\/#breadcrumb","itemListElement":[{"@type":"ListItem","position":1,"name":"Home","item":"https:\/\/noniussolutions.com\/es\/"},{"@type":"ListItem","position":2,"name":"Nonius y el cumplimiento del RGPD"}]},{"@type":"WebSite","@id":"https:\/\/noniussolutions.com\/es\/#website","url":"https:\/\/noniussolutions.com\/es\/","name":"Nonius","description":"Hospitality Technology","publisher":{"@id":"https:\/\/noniussolutions.com\/es\/#organization"},"potentialAction":[{"@type":"SearchAction","target":{"@type":"EntryPoint","urlTemplate":"https:\/\/noniussolutions.com\/es\/?s={search_term_string}"},"query-input":{"@type":"PropertyValueSpecification","valueRequired":true,"valueName":"search_term_string"}}],"inLanguage":"es"},{"@type":"Organization","@id":"https:\/\/noniussolutions.com\/es\/#organization","name":"Nonius","url":"https:\/\/noniussolutions.com\/es\/","logo":{"@type":"ImageObject","inLanguage":"es","@id":"https:\/\/noniussolutions.com\/es\/#\/schema\/logo\/image\/","url":"https:\/\/noniussolutions.com\/wp-content\/uploads\/2025\/11\/logo-N.png","contentUrl":"https:\/\/noniussolutions.com\/wp-content\/uploads\/2025\/11\/logo-N.png","width":500,"height":500,"caption":"Nonius"},"image":{"@id":"https:\/\/noniussolutions.com\/es\/#\/schema\/logo\/image\/"},"sameAs":["https:\/\/www.facebook.com\/noniussoftware\/","https:\/\/x.com\/NoniusSoftware","https:\/\/www.linkedin.com\/company\/nonius\/","https:\/\/www.youtube.com\/user\/NoniusSoft","https:\/\/www.instagram.com\/noniussolutions\/"]}]}},"_links":{"self":[{"href":"https:\/\/noniussolutions.com\/es\/wp-json\/wp\/v2\/pages\/62813","targetHints":{"allow":["GET"]}}],"collection":[{"href":"https:\/\/noniussolutions.com\/es\/wp-json\/wp\/v2\/pages"}],"about":[{"href":"https:\/\/noniussolutions.com\/es\/wp-json\/wp\/v2\/types\/page"}],"author":[{"embeddable":true,"href":"https:\/\/noniussolutions.com\/es\/wp-json\/wp\/v2\/users\/1"}],"replies":[{"embeddable":true,"href":"https:\/\/noniussolutions.com\/es\/wp-json\/wp\/v2\/comments?post=62813"}],"version-history":[{"count":0,"href":"https:\/\/noniussolutions.com\/es\/wp-json\/wp\/v2\/pages\/62813\/revisions"}],"wp:attachment":[{"href":"https:\/\/noniussolutions.com\/es\/wp-json\/wp\/v2\/media?parent=62813"}],"curies":[{"name":"wp","href":"https:\/\/api.w.org\/{rel}","templated":true}]}}