{"id":62835,"date":"2025-05-19T09:41:14","date_gmt":"2025-05-19T08:41:14","guid":{"rendered":"https:\/\/noniussolutions.com\/?page_id=62835"},"modified":"2026-03-16T16:55:00","modified_gmt":"2026-03-16T16:55:00","slug":"politica-de-privacidad","status":"publish","type":"page","link":"https:\/\/noniussolutions.com\/es\/politica-de-privacidad\/","title":{"rendered":"Pol\u00edtica de privacidad"},"content":{"rendered":"[vc_row type=\u00bbin_container\u00bb full_screen_row_position=\u00bbmiddle\u00bb column_margin=\u00bbdefault\u00bb column_direction=\u00bbdefault\u00bb column_direction_tablet=\u00bbdefault\u00bb column_direction_phone=\u00bbdefault\u00bb scene_position=\u00bbcenter\u00bb text_color=\u00bbdark\u00bb text_align=\u00bbleft\u00bb row_border_radius=\u00bbnone\u00bb row_border_radius_applies=\u00bbbg\u00bb overflow=\u00bbvisible\u00bb overlay_strength=\u00bb0.3&#8243; gradient_direction=\u00bbleft_to_right\u00bb shape_divider_position=\u00bbbottom\u00bb bg_image_animation=\u00bbnone\u00bb][vc_column column_padding=\u00bbno-extra-padding\u00bb column_padding_tablet=\u00bbinherit\u00bb column_padding_phone=\u00bbinherit\u00bb column_padding_position=\u00bball\u00bb column_element_direction_desktop=\u00bbdefault\u00bb column_element_spacing=\u00bbdefault\u00bb desktop_text_alignment=\u00bbdefault\u00bb tablet_text_alignment=\u00bbdefault\u00bb phone_text_alignment=\u00bbdefault\u00bb background_color_opacity=\u00bb1&#8243; background_hover_color_opacity=\u00bb1&#8243; column_backdrop_filter=\u00bbnone\u00bb column_shadow=\u00bbnone\u00bb column_border_radius=\u00bbnone\u00bb column_link_target=\u00bb_self\u00bb column_position=\u00bbdefault\u00bb gradient_direction=\u00bbleft_to_right\u00bb overlay_strength=\u00bb0.3&#8243; width=\u00bb1\/1&#8243; tablet_width_inherit=\u00bbdefault\u00bb animation_type=\u00bbdefault\u00bb bg_image_animation=\u00bbnone\u00bb border_type=\u00bbsimple\u00bb column_border_width=\u00bbnone\u00bb column_border_style=\u00bbsolid\u00bb][vc_column_text css=\u00bb\u00bb text_direction=\u00bbdefault\u00bb]\n<h1>Pol\u00edtica de privacidad<\/h1>\n<p>&nbsp;<\/p>\n<p>Nonius quiere que est\u00e9 familiarizado con la forma en que recopilamos, usamos y almacenamos datos personales (informaci\u00f3n que lo identifica como individuo).<\/p>\n<p>Nonius se compromete a proteger la privacidad de los datos personales que recopila y procesa y cumpliremos con las leyes de protecci\u00f3n de datos aplicables.<\/p>\n<p>&nbsp;<\/p>\n<p><strong>Informaci\u00f3n personal que acepta proporcionar<\/strong><\/p>\n<p>Informaci\u00f3n de registro: deber\u00e1 proporcionarnos su direcci\u00f3n de correo electr\u00f3nico cuando se registre para recibir nuestro bolet\u00edn. Informaci\u00f3n de correo electr\u00f3nico: si elige comunicarse con nosotros por correo electr\u00f3nico, podemos retener el contenido de sus mensajes de correo electr\u00f3nico, junto con su direcci\u00f3n de correo electr\u00f3nico y nuestras respuestas. <\/p>\n<p>La base legal para el procesamiento de la Informaci\u00f3n personal enfatiza que el procesamiento es necesario para proporcionar el sitio web y que debe llevarse a cabo en nuestros intereses leg\u00edtimos, que se explican con m\u00e1s detalle en la secci\u00f3n \u00abC\u00f3mo utilizamos la informaci\u00f3n que usted proporciona\u00bb. Tambi\u00e9n podemos procesar la informaci\u00f3n su consentimiento, solicitando seg\u00fan corresponda. <\/p>\n<p><strong>Informaci\u00f3n de uso del sitio web<\/strong><\/p>\n<p>Al igual que otros sitios web, nuestro sitio web utiliza registros del servidor web para recopilar informaci\u00f3n sobre c\u00f3mo se utiliza nuestro sitio web. La informaci\u00f3n recopilada a trav\u00e9s de cookies y registros del servidor web puede incluir la fecha y hora de las visitas, las p\u00e1ginas visitadas, el tiempo pasado en nuestro sitio y los sitios visitados poco antes y poco despu\u00e9s de nuestro sitio. Nosotros y nuestros socios tambi\u00e9n podemos usar fragmentos de c\u00f3digo para determinar qu\u00e9 contenido vieron los usuarios y c\u00f3mo respondieron.  <\/p>\n<p><strong>\u00bfC\u00f3mo usamos la informaci\u00f3n que nos proporciona?<\/strong><\/p>\n<p>Tomamos medidas para garantizar que solo los empleados que necesitan acceso a su informaci\u00f3n personal para cumplir con sus obligaciones profesionales tengan acceso a ella. Si elige suscribirse a nuestro bolet\u00edn, recibir\u00e1 nuestro bolet\u00edn por correo electr\u00f3nico. Puede darse de baja de este correo electr\u00f3nico en cualquier momento si ya no desea recibir este bolet\u00edn.  <\/p>\n<p><strong>Unsubscribe<\/strong><\/p>\n<p>Si cambia de opini\u00f3n y ya no desea recibir nuestros correos electr\u00f3nicos relacionados con marketing en el futuro, puede cancelar la suscripci\u00f3n para no recibir dichos correos electr\u00f3nicos relacionados con el marketing o para compartir en cualquier momento utilizando la herramienta. proporcionado a usted.<\/p>\n<p><strong>\u00bfQu\u00e9 son las cookies?<\/strong><\/p>\n<p>Una cookie es un documento de texto muy peque\u00f1o, que generalmente incluye un identificador \u00fanico an\u00f3nimo. Cuando visita un sitio web, la computadora de ese sitio web solicita permiso para almacenar ese archivo en una parte del disco duro espec\u00edficamente designado para cookies. Cada sitio web puede enviar su propia cookie a su navegador si las preferencias de su navegador lo permiten, pero (para proteger su privacidad), su navegador s\u00f3lo permite que un sitio web acceda a las cookies que ya le han enviado, no a las cookies enviadas. por otros sitios. Algunos de nuestros socios comerciales (por ejemplo, anunciantes) usan cookies que se originan en sus sitios web. No tenemos acceso ni control sobre estas cookies.    <\/p>\n<p><strong>\u00bfC\u00f3mo usamos la informaci\u00f3n que capturamos de las cookies?<\/strong><\/p>\n<p>Mientras usa nuestro sitio, el sitio usa sus cookies para diferenciarlo de otros usuarios. En algunos casos, tambi\u00e9n utilizamos cookies para evitar que vea anuncios innecesarios o le solicite que inicie sesi\u00f3n m\u00e1s de lo necesario para su seguridad. Las cookies, junto con los archivos de registro del servidor web, le permiten calcular la cantidad de personas que visitan nuestro sitio web y qu\u00e9 partes del sitio web son m\u00e1s populares. Estos comentarios nos ayudan a mejorar constantemente nuestro sitio web y a servir mejor a nuestros clientes. Las cookies no nos permiten obtener ninguna informaci\u00f3n personal sobre usted y generalmente no almacenamos ninguna informaci\u00f3n personal que haya proporcionado en sus cookies.    <\/p>\n<p><strong>Informaci\u00f3n compartida con terceros<\/strong><\/p>\n<p>Cuando compartimos su informaci\u00f3n personal con terceros, tomamos medidas razonables para garantizar que se cumplan las normas establecidas en la Pol\u00edtica de privacidad y que dichos terceros brinden garant\u00edas suficientes para implementar medidas t\u00e9cnicas y organizativas adecuadas. A medida que desarrollamos nuestro negocio, podemos comprar o vender activos u ofertas comerciales. La informaci\u00f3n de clientes, correo electr\u00f3nico y visitantes es a menudo uno de los activos comerciales transferidos en este tipo de transacciones. Tambi\u00e9n podemos transferir esta informaci\u00f3n en el curso de desinversiones corporativas, fusiones o cualquier disoluci\u00f3n.   <\/p>\n<p><strong>Aviso de nuevos servicios y cambios<\/strong><\/p>\n<p>De vez en cuando, tambi\u00e9n podemos usar la informaci\u00f3n que adquirimos para notificarle sobre cambios importantes en nuestro sitio, nuevos servicios y ofertas especiales que consideramos valiosos. Puede darse de baja de nuestro bolet\u00edn en cualquier momento si no desea recibir esta informaci\u00f3n. <\/p>\n<p><strong>Ciertas revelaciones<\/strong><\/p>\n<p>Podemos divulgar su informaci\u00f3n personal si as\u00ed lo exige la ley o si creemos que dicha acci\u00f3n es necesaria para (a) cumplir con la ley o cumplir con un proceso legal de nuestra parte o de nuestros socios; (b) proteger y defender nuestros derechos y propiedad, nuestro sitio web, los usuarios de nuestro sitio web y \/ o nuestros socios; (c) actuar bajo circunstancias para proteger la seguridad de los usuarios de nuestro sitio web, nosotros o nuestros socios.   <\/p>\n<p><strong>\u00bfQu\u00e9 pasa con otros sitios vinculados a nuestro sitio?<\/strong><\/p>\n<p>No somos responsables de las pr\u00e1cticas empleadas por los sitios vinculados a nuestro sitio, ni de la informaci\u00f3n o el contenido que contiene. A menudo, los enlaces a otros sitios se proporcionan s\u00f3lo como indicadores de informaci\u00f3n sobre temas que pueden ser \u00fatiles para los usuarios de nuestro sitio. Recuerde que cuando usa un enlace para ir de nuestro sitio web a otro sitio web, nuestra Pol\u00edtica de privacidad ya no est\u00e1 vigente. Su navegaci\u00f3n e interacci\u00f3n en cualquier otro sitio web, incluidos los sitios web con un enlace en nuestro sitio web, est\u00e1n sujetos a las propias reglas y pol\u00edticas del sitio web. Lea acerca de estas reglas y pol\u00edticas antes de continuar.    <\/p>\n<p><strong>Su consentimiento<\/strong><\/p>\n<p>Al enviar su direcci\u00f3n de correo electr\u00f3nico, su direcci\u00f3n IP se guarda como una forma de prueba de contenido para suscribirse a nuestro bolet\u00edn. Al utilizar nuestro sitio web, usted acepta la recopilaci\u00f3n y el uso de su informaci\u00f3n personal, como se describe en esta Pol\u00edtica de privacidad. Si cambiamos nuestras pol\u00edticas y procedimientos de privacidad, publicaremos esos cambios en nuestro sitio web para mantenerlo al tanto de la informaci\u00f3n que recopilamos, c\u00f3mo la usamos y bajo qu\u00e9 circunstancias la divulgamos.  <\/p>\n<p><strong>Retenci\u00f3n y seguridad<\/strong><\/p>\n<p>Su informaci\u00f3n personal puede almacenarse y procesarse en cualquier pa\u00eds en el que tengamos instalaciones o donde tengamos proveedores de servicios externos. Al usar el sitio, usted acepta la transferencia de informaci\u00f3n a pa\u00edses fuera de su pa\u00eds de residencia, que pueden tener reglas de protecci\u00f3n de datos diferentes a las de su pa\u00eds. Aunque esta informaci\u00f3n est\u00e1 fuera de Portugal, est\u00e1 sujeta a las leyes del pa\u00eds en el que se encuentra y puede estar sujeta a divulgaci\u00f3n a los gobiernos, tribunales o agencias de cumplimiento de la ley o agencias reguladoras de ese otro pa\u00eds, de acuerdo con las leyes de ese pa\u00eds. Sin embargo, nuestras pr\u00e1cticas con respecto a su informaci\u00f3n personal siempre se regir\u00e1n por esta Pol\u00edtica de privacidad y, si corresponde, cumpliremos con los requisitos del Reglamento general de protecci\u00f3n de datos (\u00abGDPR\u00bb), proporcionando protecci\u00f3n adecuada para la transferencia de informaci\u00f3n. Informaci\u00f3n personal de la UE \/ EEE a terceros pa\u00edses.   <\/p>\n<p>Hemos implementado una serie de salvaguardas f\u00edsicas, administrativas y t\u00e9cnicas dise\u00f1adas para proteger la confidencialidad y seguridad de la informaci\u00f3n personal bajo nuestro control. Sin embargo, ninguna medida de seguridad est\u00e1 absoluta o completamente garantizada. <\/p>\n<p>Conservaremos su informaci\u00f3n personal mientras exista una necesidad comercial o seg\u00fan lo exijan las leyes, reglamentos u \u00f3rdenes gubernamentales aplicables.<\/p>\n<p><strong>Derechos<\/strong><\/p>\n<p>Si lo solicita por escrito y est\u00e1 sujeto a una prueba de identidad, puede tener acceso a la Informaci\u00f3n personal que tenemos y solicitar que se realicen las correcciones necesarias, cuando corresponda, seg\u00fan lo autorice o exija la ley. Sin embargo, para garantizar que la informaci\u00f3n personal que mantenemos sea precisa y est\u00e9 actualizada, nos notif\u00edque de inmediato cualquier cambio. <\/p>\n<p>Seg\u00fan el RGPD, es posible que tenga derecho a derechos adicionales, que incluyen: (i) el derecho a retirar el consentimiento para el procesamiento cuando el consentimiento es la base para el procesamiento; (ii) el derecho a acceder a su informaci\u00f3n personal y otra informaci\u00f3n complementaria, bajo ciertas condiciones; (iii) el derecho a oponerse al procesamiento ilegal de datos, bajo ciertas condiciones; (iv) el derecho a eliminar informaci\u00f3n personal sobre usted, bajo ciertas condiciones; (v) el derecho a exigir que restrinjan el procesamiento de su informaci\u00f3n personal, bajo ciertas condiciones, si cree que ha excedido la base de procesamiento leg\u00edtima, el procesamiento ya no es necesario, el procesamiento o la informaci\u00f3n personal es inexacta; (vi) el derecho a la portabilidad de los datos de informaci\u00f3n personal relacionados con usted que nos proporcion\u00f3 en un formato estructurado, generalmente utilizado y legible por m\u00e1quina, bajo ciertas condiciones; (vii) el objeto correcto para que las decisiones se tomen por medios automatizados que produzcan efectos legales sobre usted o que lo afecten de manera similar, bajo ciertas condiciones; (viii) el derecho a presentar una queja ante las autoridades de protecci\u00f3n de datos. Si desea obtener m\u00e1s informaci\u00f3n sobre sus derechos en virtud del RGPD, puede visitar la p\u00e1gina de Protecci\u00f3n de datos de la Comisi\u00f3n Europea en: <a href=\"http:\/\/ec.europa.eu\/justice\/data-protection\/index_en.htm\" target=\"_blank\" rel=\"noopener\">http:\/\/ec.europa.eu\/justice\/data-protection\/index_en.htm<\/a>.         <\/p>\n<p><strong>Contato<\/strong><\/p>\n<p>i tiene alguna pregunta o comentario sobre esta Pol\u00edtica de privacidad o su Informaci\u00f3n personal, para realizar una solicitud de acceso o correcci\u00f3n, para ejercer los derechos aplicables, para presentar una queja u obtener informaci\u00f3n sobre nuestras pol\u00edticas y pr\u00e1cticas en relaci\u00f3n con cualquier proveedor de servicios, nuestro Director de Protecci\u00f3n de Datos puede ser contactado por correo electr\u00f3nico utilizando la siguiente informaci\u00f3n de contacto: <a href=\"mailto:dpo@noniussoftware.com\">dpo@noniussoftware.com<\/a>.<\/p>\n[\/vc_column_text][\/vc_column][\/vc_row]\n","protected":false},"excerpt":{"rendered":"<p>[vc_row type=\u00bbin_container\u00bb full_screen_row_position=\u00bbmiddle\u00bb column_margin=\u00bbdefault\u00bb column_direction=\u00bbdefault\u00bb column_direction_tablet=\u00bbdefault\u00bb column_direction_phone=\u00bbdefault\u00bb scene_position=\u00bbcenter\u00bb text_color=\u00bbdark\u00bb text_align=\u00bbleft\u00bb row_border_radius=\u00bbnone\u00bb row_border_radius_applies=\u00bbbg\u00bb overflow=\u00bbvisible\u00bb overlay_strength=\u00bb0.3&#8243; gradient_direction=\u00bbleft_to_right\u00bb shape_divider_position=\u00bbbottom\u00bb bg_image_animation=\u00bbnone\u00bb][vc_column column_padding=\u00bbno-extra-padding\u00bb column_padding_tablet=\u00bbinherit\u00bb column_padding_phone=\u00bbinherit\u00bb column_padding_position=\u00bball\u00bb column_element_direction_desktop=\u00bbdefault\u00bb column_element_spacing=\u00bbdefault\u00bb desktop_text_alignment=\u00bbdefault\u00bb tablet_text_alignment=\u00bbdefault\u00bb phone_text_alignment=\u00bbdefault\u00bb background_color_opacity=\u00bb1&#8243; background_hover_color_opacity=\u00bb1&#8243; column_backdrop_filter=\u00bbnone\u00bb column_shadow=\u00bbnone\u00bb&#8230;<\/p>\n","protected":false},"author":1,"featured_media":0,"parent":0,"menu_order":0,"comment_status":"closed","ping_status":"closed","template":"","meta":{"footnotes":"","_wp_rev_ctl_limit":""},"class_list":["post-62835","page","type-page","status-publish"],"yoast_head":"<!-- This site is optimized with the Yoast SEO plugin v27.3 - https:\/\/yoast.com\/product\/yoast-seo-wordpress\/ -->\n<title>Pol\u00edtica de privacidad &#8211; Nonius<\/title>\n<meta name=\"robots\" content=\"index, follow, max-snippet:-1, max-image-preview:large, max-video-preview:-1\" \/>\n<link rel=\"canonical\" href=\"https:\/\/noniussolutions.com\/es\/politica-de-privacidad\/\" \/>\n<meta property=\"og:locale\" content=\"es_ES\" \/>\n<meta property=\"og:type\" content=\"article\" \/>\n<meta property=\"og:title\" content=\"Pol\u00edtica de privacidad &#8211; Nonius\" \/>\n<meta property=\"og:description\" content=\"[vc_row type=\u00bbin_container\u00bb full_screen_row_position=\u00bbmiddle\u00bb column_margin=\u00bbdefault\u00bb column_direction=\u00bbdefault\u00bb column_direction_tablet=\u00bbdefault\u00bb column_direction_phone=\u00bbdefault\u00bb scene_position=\u00bbcenter\u00bb text_color=\u00bbdark\u00bb text_align=\u00bbleft\u00bb row_border_radius=\u00bbnone\u00bb row_border_radius_applies=\u00bbbg\u00bb overflow=\u00bbvisible\u00bb overlay_strength=\u00bb0.3&#8243; gradient_direction=\u00bbleft_to_right\u00bb shape_divider_position=\u00bbbottom\u00bb bg_image_animation=\u00bbnone\u00bb][vc_column column_padding=\u00bbno-extra-padding\u00bb column_padding_tablet=\u00bbinherit\u00bb column_padding_phone=\u00bbinherit\u00bb column_padding_position=\u00bball\u00bb column_element_direction_desktop=\u00bbdefault\u00bb column_element_spacing=\u00bbdefault\u00bb desktop_text_alignment=\u00bbdefault\u00bb tablet_text_alignment=\u00bbdefault\u00bb phone_text_alignment=\u00bbdefault\u00bb background_color_opacity=\u00bb1&#8243; background_hover_color_opacity=\u00bb1&#8243; column_backdrop_filter=\u00bbnone\u00bb column_shadow=\u00bbnone\u00bb...\" \/>\n<meta property=\"og:url\" content=\"https:\/\/noniussolutions.com\/es\/politica-de-privacidad\/\" \/>\n<meta property=\"og:site_name\" content=\"Nonius\" \/>\n<meta property=\"article:publisher\" content=\"https:\/\/www.facebook.com\/noniussoftware\/\" \/>\n<meta property=\"article:modified_time\" content=\"2026-03-16T16:55:00+00:00\" \/>\n<meta name=\"twitter:card\" content=\"summary_large_image\" \/>\n<meta name=\"twitter:label1\" content=\"Tiempo de lectura\" \/>\n\t<meta name=\"twitter:data1\" content=\"10 minutos\" \/>\n<script type=\"application\/ld+json\" class=\"yoast-schema-graph\">{\"@context\":\"https:\\\/\\\/schema.org\",\"@graph\":[{\"@type\":\"WebPage\",\"@id\":\"https:\\\/\\\/noniussolutions.com\\\/es\\\/politica-de-privacidad\\\/\",\"url\":\"https:\\\/\\\/noniussolutions.com\\\/es\\\/politica-de-privacidad\\\/\",\"name\":\"Pol\u00edtica de privacidad &#8211; Nonius\",\"isPartOf\":{\"@id\":\"https:\\\/\\\/noniussolutions.com\\\/es\\\/#website\"},\"datePublished\":\"2025-05-19T08:41:14+00:00\",\"dateModified\":\"2026-03-16T16:55:00+00:00\",\"breadcrumb\":{\"@id\":\"https:\\\/\\\/noniussolutions.com\\\/es\\\/politica-de-privacidad\\\/#breadcrumb\"},\"inLanguage\":\"es\",\"potentialAction\":[{\"@type\":\"ReadAction\",\"target\":[\"https:\\\/\\\/noniussolutions.com\\\/es\\\/politica-de-privacidad\\\/\"]}]},{\"@type\":\"BreadcrumbList\",\"@id\":\"https:\\\/\\\/noniussolutions.com\\\/es\\\/politica-de-privacidad\\\/#breadcrumb\",\"itemListElement\":[{\"@type\":\"ListItem\",\"position\":1,\"name\":\"Home\",\"item\":\"https:\\\/\\\/noniussolutions.com\\\/es\\\/\"},{\"@type\":\"ListItem\",\"position\":2,\"name\":\"Pol\u00edtica de privacidad\"}]},{\"@type\":\"WebSite\",\"@id\":\"https:\\\/\\\/noniussolutions.com\\\/es\\\/#website\",\"url\":\"https:\\\/\\\/noniussolutions.com\\\/es\\\/\",\"name\":\"Nonius\",\"description\":\"Hospitality Technology\",\"publisher\":{\"@id\":\"https:\\\/\\\/noniussolutions.com\\\/es\\\/#organization\"},\"potentialAction\":[{\"@type\":\"SearchAction\",\"target\":{\"@type\":\"EntryPoint\",\"urlTemplate\":\"https:\\\/\\\/noniussolutions.com\\\/es\\\/?s={search_term_string}\"},\"query-input\":{\"@type\":\"PropertyValueSpecification\",\"valueRequired\":true,\"valueName\":\"search_term_string\"}}],\"inLanguage\":\"es\"},{\"@type\":\"Organization\",\"@id\":\"https:\\\/\\\/noniussolutions.com\\\/es\\\/#organization\",\"name\":\"Nonius\",\"url\":\"https:\\\/\\\/noniussolutions.com\\\/es\\\/\",\"logo\":{\"@type\":\"ImageObject\",\"inLanguage\":\"es\",\"@id\":\"https:\\\/\\\/noniussolutions.com\\\/es\\\/#\\\/schema\\\/logo\\\/image\\\/\",\"url\":\"https:\\\/\\\/noniussolutions.com\\\/wp-content\\\/uploads\\\/2025\\\/11\\\/logo-N.png\",\"contentUrl\":\"https:\\\/\\\/noniussolutions.com\\\/wp-content\\\/uploads\\\/2025\\\/11\\\/logo-N.png\",\"width\":500,\"height\":500,\"caption\":\"Nonius\"},\"image\":{\"@id\":\"https:\\\/\\\/noniussolutions.com\\\/es\\\/#\\\/schema\\\/logo\\\/image\\\/\"},\"sameAs\":[\"https:\\\/\\\/www.facebook.com\\\/noniussoftware\\\/\",\"https:\\\/\\\/www.linkedin.com\\\/company\\\/nonius\\\/\",\"https:\\\/\\\/www.youtube.com\\\/user\\\/NoniusSoft\",\"https:\\\/\\\/www.instagram.com\\\/noniussolutions\\\/\"]}]}<\/script>\n<!-- \/ Yoast SEO plugin. -->","yoast_head_json":{"title":"Pol\u00edtica de privacidad &#8211; Nonius","robots":{"index":"index","follow":"follow","max-snippet":"max-snippet:-1","max-image-preview":"max-image-preview:large","max-video-preview":"max-video-preview:-1"},"canonical":"https:\/\/noniussolutions.com\/es\/politica-de-privacidad\/","og_locale":"es_ES","og_type":"article","og_title":"Pol\u00edtica de privacidad &#8211; Nonius","og_description":"[vc_row type=\u00bbin_container\u00bb full_screen_row_position=\u00bbmiddle\u00bb column_margin=\u00bbdefault\u00bb column_direction=\u00bbdefault\u00bb column_direction_tablet=\u00bbdefault\u00bb column_direction_phone=\u00bbdefault\u00bb scene_position=\u00bbcenter\u00bb text_color=\u00bbdark\u00bb text_align=\u00bbleft\u00bb row_border_radius=\u00bbnone\u00bb row_border_radius_applies=\u00bbbg\u00bb overflow=\u00bbvisible\u00bb overlay_strength=\u00bb0.3&#8243; gradient_direction=\u00bbleft_to_right\u00bb shape_divider_position=\u00bbbottom\u00bb bg_image_animation=\u00bbnone\u00bb][vc_column column_padding=\u00bbno-extra-padding\u00bb column_padding_tablet=\u00bbinherit\u00bb column_padding_phone=\u00bbinherit\u00bb column_padding_position=\u00bball\u00bb column_element_direction_desktop=\u00bbdefault\u00bb column_element_spacing=\u00bbdefault\u00bb desktop_text_alignment=\u00bbdefault\u00bb tablet_text_alignment=\u00bbdefault\u00bb phone_text_alignment=\u00bbdefault\u00bb background_color_opacity=\u00bb1&#8243; background_hover_color_opacity=\u00bb1&#8243; column_backdrop_filter=\u00bbnone\u00bb column_shadow=\u00bbnone\u00bb...","og_url":"https:\/\/noniussolutions.com\/es\/politica-de-privacidad\/","og_site_name":"Nonius","article_publisher":"https:\/\/www.facebook.com\/noniussoftware\/","article_modified_time":"2026-03-16T16:55:00+00:00","twitter_card":"summary_large_image","twitter_misc":{"Tiempo de lectura":"10 minutos"},"schema":{"@context":"https:\/\/schema.org","@graph":[{"@type":"WebPage","@id":"https:\/\/noniussolutions.com\/es\/politica-de-privacidad\/","url":"https:\/\/noniussolutions.com\/es\/politica-de-privacidad\/","name":"Pol\u00edtica de privacidad &#8211; Nonius","isPartOf":{"@id":"https:\/\/noniussolutions.com\/es\/#website"},"datePublished":"2025-05-19T08:41:14+00:00","dateModified":"2026-03-16T16:55:00+00:00","breadcrumb":{"@id":"https:\/\/noniussolutions.com\/es\/politica-de-privacidad\/#breadcrumb"},"inLanguage":"es","potentialAction":[{"@type":"ReadAction","target":["https:\/\/noniussolutions.com\/es\/politica-de-privacidad\/"]}]},{"@type":"BreadcrumbList","@id":"https:\/\/noniussolutions.com\/es\/politica-de-privacidad\/#breadcrumb","itemListElement":[{"@type":"ListItem","position":1,"name":"Home","item":"https:\/\/noniussolutions.com\/es\/"},{"@type":"ListItem","position":2,"name":"Pol\u00edtica de privacidad"}]},{"@type":"WebSite","@id":"https:\/\/noniussolutions.com\/es\/#website","url":"https:\/\/noniussolutions.com\/es\/","name":"Nonius","description":"Hospitality Technology","publisher":{"@id":"https:\/\/noniussolutions.com\/es\/#organization"},"potentialAction":[{"@type":"SearchAction","target":{"@type":"EntryPoint","urlTemplate":"https:\/\/noniussolutions.com\/es\/?s={search_term_string}"},"query-input":{"@type":"PropertyValueSpecification","valueRequired":true,"valueName":"search_term_string"}}],"inLanguage":"es"},{"@type":"Organization","@id":"https:\/\/noniussolutions.com\/es\/#organization","name":"Nonius","url":"https:\/\/noniussolutions.com\/es\/","logo":{"@type":"ImageObject","inLanguage":"es","@id":"https:\/\/noniussolutions.com\/es\/#\/schema\/logo\/image\/","url":"https:\/\/noniussolutions.com\/wp-content\/uploads\/2025\/11\/logo-N.png","contentUrl":"https:\/\/noniussolutions.com\/wp-content\/uploads\/2025\/11\/logo-N.png","width":500,"height":500,"caption":"Nonius"},"image":{"@id":"https:\/\/noniussolutions.com\/es\/#\/schema\/logo\/image\/"},"sameAs":["https:\/\/www.facebook.com\/noniussoftware\/","https:\/\/www.linkedin.com\/company\/nonius\/","https:\/\/www.youtube.com\/user\/NoniusSoft","https:\/\/www.instagram.com\/noniussolutions\/"]}]}},"_links":{"self":[{"href":"https:\/\/noniussolutions.com\/es\/wp-json\/wp\/v2\/pages\/62835","targetHints":{"allow":["GET"]}}],"collection":[{"href":"https:\/\/noniussolutions.com\/es\/wp-json\/wp\/v2\/pages"}],"about":[{"href":"https:\/\/noniussolutions.com\/es\/wp-json\/wp\/v2\/types\/page"}],"author":[{"embeddable":true,"href":"https:\/\/noniussolutions.com\/es\/wp-json\/wp\/v2\/users\/1"}],"replies":[{"embeddable":true,"href":"https:\/\/noniussolutions.com\/es\/wp-json\/wp\/v2\/comments?post=62835"}],"version-history":[{"count":0,"href":"https:\/\/noniussolutions.com\/es\/wp-json\/wp\/v2\/pages\/62835\/revisions"}],"wp:attachment":[{"href":"https:\/\/noniussolutions.com\/es\/wp-json\/wp\/v2\/media?parent=62835"}],"curies":[{"name":"wp","href":"https:\/\/api.w.org\/{rel}","templated":true}]}}