{"id":62803,"date":"2025-09-26T09:42:45","date_gmt":"2025-09-26T08:42:45","guid":{"rendered":"https:\/\/noniussolutions.com\/?page_id=62803"},"modified":"2026-03-16T16:48:20","modified_gmt":"2026-03-16T16:48:20","slug":"conformite-de-nonius-au-gdpr","status":"publish","type":"page","link":"https:\/\/noniussolutions.com\/fr\/conformite-de-nonius-au-gdpr\/","title":{"rendered":"Conformit\u00e9 de Nonius au GDPR"},"content":{"rendered":"[vc_row type=\u00a0\u00bbin_container\u00a0\u00bb full_screen_row_position=\u00a0\u00bbmiddle\u00a0\u00bb column_margin=\u00a0\u00bbdefault\u00a0\u00bb column_direction=\u00a0\u00bbdefault\u00a0\u00bb column_direction_tablet=\u00a0\u00bbdefault\u00a0\u00bb column_direction_phone=\u00a0\u00bbdefault\u00a0\u00bb scene_position=\u00a0\u00bbcenter\u00a0\u00bb text_color=\u00a0\u00bbdark\u00a0\u00bb text_align=\u00a0\u00bbleft\u00a0\u00bb row_border_radius=\u00a0\u00bbnone\u00a0\u00bb row_border_radius_applies=\u00a0\u00bbbg\u00a0\u00bb overflow=\u00a0\u00bbvisible\u00a0\u00bb overlay_strength=\u00a0\u00bb0.3&Prime; gradient_direction=\u00a0\u00bbleft_to_right\u00a0\u00bb shape_divider_position=\u00a0\u00bbbottom\u00a0\u00bb bg_image_animation=\u00a0\u00bbnone\u00a0\u00bb][vc_column column_padding=\u00a0\u00bbno-extra-padding\u00a0\u00bb column_padding_tablet=\u00a0\u00bbinherit\u00a0\u00bb column_padding_phone=\u00a0\u00bbinherit\u00a0\u00bb column_padding_position=\u00a0\u00bball\u00a0\u00bb column_element_direction_desktop=\u00a0\u00bbdefault\u00a0\u00bb column_element_spacing=\u00a0\u00bbdefault\u00a0\u00bb desktop_text_alignment=\u00a0\u00bbdefault\u00a0\u00bb tablet_text_alignment=\u00a0\u00bbdefault\u00a0\u00bb phone_text_alignment=\u00a0\u00bbdefault\u00a0\u00bb background_color_opacity=\u00a0\u00bb1&Prime; background_hover_color_opacity=\u00a0\u00bb1&Prime; column_backdrop_filter=\u00a0\u00bbnone\u00a0\u00bb column_shadow=\u00a0\u00bbnone\u00a0\u00bb column_border_radius=\u00a0\u00bbnone\u00a0\u00bb column_link_target=\u00a0\u00bb_self\u00a0\u00bb column_position=\u00a0\u00bbdefault\u00a0\u00bb gradient_direction=\u00a0\u00bbleft_to_right\u00a0\u00bb overlay_strength=\u00a0\u00bb0.3&Prime; width=\u00a0\u00bb1\/1&Prime; tablet_width_inherit=\u00a0\u00bbdefault\u00a0\u00bb animation_type=\u00a0\u00bbdefault\u00a0\u00bb bg_image_animation=\u00a0\u00bbnone\u00a0\u00bb border_type=\u00a0\u00bbsimple\u00a0\u00bb column_border_width=\u00a0\u00bbnone\u00a0\u00bb column_border_style=\u00a0\u00bbsolid\u00a0\u00bb][vc_column_text css=\u00a0\u00bb\u00a0\u00bb text_direction=\u00a0\u00bbdefault\u00a0\u00bb]\n<h1>Conformit\u00e9 de Nonius au GDPR<\/h1>\n<p>&nbsp;<\/p>\n<p>Nonius est un int\u00e9grateur et un fabricant de logiciels et d\u2019appareils de mise en r\u00e9seau pour le march\u00e9 de l\u2019h\u00f4tellerie et de la restauration. Le type de produits fournis par Nonius traitent et stockent des donn\u00e9es de plusieurs types. Les produits de Nonius sont des <a href=\"https:\/\/ec.europa.eu\/info\/law\/law-topic\/data-protection\/reform\/rules-business-and-organisations\/obligations\/controller-processor\/what-data-controller-or-data-processor_en\" target=\"_blank\" rel=\"noopener\">processeurs de donn\u00e9es<\/a>, et les clients de Nonius sont les <a href=\"https:\/\/ec.europa.eu\/info\/law\/law-topic\/data-protection\/reform\/rules-business-and-organisations\/obligations\/controller-processor\/what-data-controller-or-data-processor_en\" target=\"_blank\" rel=\"noopener\">contr\u00f4leurs <\/a>de ces donn\u00e9es. Les responsables du traitement peuvent d\u00e9cider \u00e0 quelles parties donner acc\u00e8s aux donn\u00e9es, mais cette d\u00e9cision appartient enti\u00e8rement \u00e0 notre client, le propri\u00e9taire.  <\/p>\n<p>Cela dit, l\u2019engagement de Nonius \u00e0 prot\u00e9ger les donn\u00e9es personnelles des utilisateurs et \u00e0 respecter le GDPR est le suivant:<\/p>\n<p><strong>1.<\/strong> Nonius n\u2019a jamais partag\u00e9 et ne partagera pas les <a href=\"https:\/\/ec.europa.eu\/info\/law\/law-topic\/data-protection\/reform\/what-personal-data_en\" target=\"_blank\" rel=\"noopener\">informations personnelles identifiables<\/a> trait\u00e9es par les produits Nonius. Seuls les clients, c\u2019est-\u00e0-dire les entit\u00e9s qui poss\u00e8dent des produits Nonius dans leurs locaux ou qui utilisent les services cloud de Nonius, peuvent partager les donn\u00e9es personnelles captur\u00e9es par les produits Nonius. Toutefois, Nonius aide activement ses clients \u00e0 se conformer au GDPR en leur fournissant des outils pour mettre en \u0153uvre des services conformes au GDPR. Les clients de Nonius peuvent d\u00e9cider de ce qu\u2019ils veulent faire avec les donn\u00e9es et avec les outils fournis pour rester conformes.   <\/p>\n<p><strong>2.<\/strong> Nonius utilise certaines donn\u00e9es pour am\u00e9liorer l\u2019efficacit\u00e9 des produits et des services et pour mieux fournir une assistance aux clients et aux utilisateurs finaux. Nonius continuera \u00e0 utiliser ces donn\u00e9es dans l\u2019int\u00e9r\u00eat l\u00e9gitime de ses clients et utilisateurs finaux. Les agents du centre d\u2019appels de l\u2019assistance aux clients ou aux h\u00f4tels ont et continueront d\u2019avoir acc\u00e8s \u00e0 des donn\u00e9es personnelles, comme le nom du client, dans le seul but d\u2019aider \u00e0 r\u00e9soudre les probl\u00e8mes et d\u2019am\u00e9liorer l\u2019efficacit\u00e9 du processus.  <\/p>\n<p><strong>3.<\/strong> Nonius limitera la collecte et le transfert de donn\u00e9es personnelles au minimum requis pour ex\u00e9cuter les t\u00e2ches d\u2019assistance et am\u00e9liorer l\u2019efficacit\u00e9 des syst\u00e8mes. Plus pr\u00e9cis\u00e9ment, les <a href=\"https:\/\/ec.europa.eu\/info\/law\/law-topic\/data-protection\/reform\/what-personal-data_en\" target=\"_blank\" rel=\"noopener\">donn\u00e9es personnelles<\/a> de l\u2019utilisateur trait\u00e9es et stock\u00e9es par divers produits Nonius sont utilis\u00e9es pour simplifier et am\u00e9liorer l\u2019exp\u00e9rience lors d\u2019un s\u00e9jour \u00e0 l\u2019h\u00f4tel et les donn\u00e9es qu\u2019ils stockent habituellement sont : le num\u00e9ro de chambre, le nom de famille, l\u2019adresse e-mail, la date d\u2019arriv\u00e9e\/de d\u00e9part, les achats effectu\u00e9s sur la TV et l\u2019App mobile, les adresses MAC et IP des appareils des utilisateurs, etc. Nonius limite les donn\u00e9es trait\u00e9es \u00e0 celles qui sont <a href=\"https:\/\/ec.europa.eu\/info\/law\/law-topic\/data-protection\/reform\/rules-business-and-organisations\/principles-gdpr\/how-much-data-can-be-collected_en\" target=\"_blank\" rel=\"noopener\">essentielles et pertinentes<\/a> pour le processus op\u00e9rationnel. <\/p>\n<p><strong>4.<\/strong> Nonius d\u00e9veloppe constamment de nouveaux produits et acquiert des entreprises qui apportent de nouveaux produits et services au portefeuille du groupe. Nonius s\u2019efforcera d\u2019appliquer toutes les m\u00eames r\u00e8gles \u00e0 tous les produits et s\u2019engage \u00e0 faire preuve de transparence vis-\u00e0-vis de ses clients au cas o\u00f9 certains des produits et services n\u00e9cessiteraient des d\u00e9veloppements suppl\u00e9mentaires pour un traitement s\u00e9curis\u00e9 des donn\u00e9es personnelles. <\/p>\n<p><strong>5.<\/strong> Nonius adh\u00e9rera \u00e0 l\u2019exigence du GDPR et communiquera les<a href=\"https:\/\/ec.europa.eu\/info\/law\/law-topic\/data-protection\/reform\/rules-business-and-organisations\/obligations\/what-data-breach-and-what-do-we-have-do-case-data-breach_en\" target=\"_blank\" rel=\"noopener\"> violations de donn\u00e9es <\/a>aux clients et utilisateurs finaux concern\u00e9s en temps opportun. Tous les produits sur site et dans le cloud sont expos\u00e9s \u00e0 des menaces et peuvent \u00eatre compromis, en particulier les syst\u00e8mes qui sont expos\u00e9s \u00e0 Internet, ce qui est la majorit\u00e9 des produits Nonius. Nonius teste p\u00e9riodiquement tous les serveurs en nuage et les appareils sur place pour d\u00e9tecter les vuln\u00e9rabilit\u00e9s de s\u00e9curit\u00e9 afin d\u2019\u00e9viter les d\u00e9faillances de s\u00e9curit\u00e9.  <\/p>\n<p><strong>6.<\/strong> Nonius conserve les donn\u00e9es des r\u00e9sidents de l\u2019UE stock\u00e9es dans l\u2019EEE (Espace \u00e9conomique europ\u00e9en). Nonius fournit des produits destin\u00e9s \u00e0 \u00eatre utilis\u00e9s sur site et certains sont \u00e9galement bas\u00e9s sur le cloud. Les produits Nonius bas\u00e9s sur le cloud ont \u00e9t\u00e9 construits en tenant compte de la protection des donn\u00e9es et leur architecture limite au minimum la quantit\u00e9 de donn\u00e9es personnelles qui sont transf\u00e9r\u00e9es de n\u2019importe quel appareil du client vers le cloud Nonius. Les produits Nonius bas\u00e9s sur le cloud sont configur\u00e9s pour fonctionner dans les serveurs bas\u00e9s dans l\u2019UE.   <\/p>\n<p><strong>7.<\/strong> Nonius s\u2019assure que m\u00eame les informations de gestion du r\u00e9seau et les sauvegardes sont <a href=\"https:\/\/ec.europa.eu\/info\/law\/law-topic\/data-protection\/data-transfers-outside-eu\/rules-international-transfers-personal-data_en\" target=\"_blank\" rel=\"noopener\">stock\u00e9es uniquement dans l\u2019EEE.<\/a> Les serveurs Nonius sont organis\u00e9s en clusters r\u00e9gionaux, et le stockage est sauvegard\u00e9 pour une fiabilit\u00e9 maximale. Nonius garantit que m\u00eame en cas de sauvegarde pour la reprise apr\u00e8s sinistre, les donn\u00e9es sont toujours conserv\u00e9es au sein de l\u2019EEE. <\/p>\n<p><strong>8.<\/strong> Nonius, qui vend \u00e0 des clients partout dans le monde, s\u2019efforcera d\u2019utiliser le GDPR comme fondement de la protection des donn\u00e9es pour toutes les personnes \u00e0 travers le monde et pas seulement pour les r\u00e9sidents europ\u00e9ens.<\/p>\n<p>Nonius a pour objectif d\u2019\u00eatre enti\u00e8rement conforme au <a href=\"https:\/\/ec.europa.eu\/info\/law\/law-topic\/data-protection_en\" target=\"_blank\" rel=\"noopener\">GDPR<\/a>. Cela inclut non seulement la conformit\u00e9 de nos produits mais aussi celle de l\u2019entreprise dans son ensemble. Nonius avait d\u00e9j\u00e0 mis en \u0153uvre un niveau coh\u00e9rent de protection et de s\u00e9curit\u00e9 des donn\u00e9es dans nos produits et am\u00e9liorera les produits et les processus en fonction des exigences du GDPR.  <\/p>\n<p>Toute question relative au GDPR peut \u00eatre adress\u00e9e \u00e0 Nonius DPO (Data Protection Officer) \u00e0 l\u2019adresse <a href=\"mailto:dpo@noniussoftware.com\">dpo@noniussoftware.com<\/a>.[\/vc_column_text][\/vc_column][\/vc_row]\n","protected":false},"excerpt":{"rendered":"<p>[vc_row type=\u00a0\u00bbin_container\u00a0\u00bb full_screen_row_position=\u00a0\u00bbmiddle\u00a0\u00bb column_margin=\u00a0\u00bbdefault\u00a0\u00bb column_direction=\u00a0\u00bbdefault\u00a0\u00bb column_direction_tablet=\u00a0\u00bbdefault\u00a0\u00bb column_direction_phone=\u00a0\u00bbdefault\u00a0\u00bb scene_position=\u00a0\u00bbcenter\u00a0\u00bb text_color=\u00a0\u00bbdark\u00a0\u00bb text_align=\u00a0\u00bbleft\u00a0\u00bb row_border_radius=\u00a0\u00bbnone\u00a0\u00bb row_border_radius_applies=\u00a0\u00bbbg\u00a0\u00bb overflow=\u00a0\u00bbvisible\u00a0\u00bb overlay_strength=\u00a0\u00bb0.3&Prime; gradient_direction=\u00a0\u00bbleft_to_right\u00a0\u00bb shape_divider_position=\u00a0\u00bbbottom\u00a0\u00bb bg_image_animation=\u00a0\u00bbnone\u00a0\u00bb][vc_column column_padding=\u00a0\u00bbno-extra-padding\u00a0\u00bb column_padding_tablet=\u00a0\u00bbinherit\u00a0\u00bb column_padding_phone=\u00a0\u00bbinherit\u00a0\u00bb column_padding_position=\u00a0\u00bball\u00a0\u00bb column_element_direction_desktop=\u00a0\u00bbdefault\u00a0\u00bb column_element_spacing=\u00a0\u00bbdefault\u00a0\u00bb desktop_text_alignment=\u00a0\u00bbdefault\u00a0\u00bb tablet_text_alignment=\u00a0\u00bbdefault\u00a0\u00bb phone_text_alignment=\u00a0\u00bbdefault\u00a0\u00bb background_color_opacity=\u00a0\u00bb1&Prime; background_hover_color_opacity=\u00a0\u00bb1&Prime; column_backdrop_filter=\u00a0\u00bbnone\u00a0\u00bb column_shadow=\u00a0\u00bbnone\u00a0\u00bb&#8230;<\/p>\n","protected":false},"author":1,"featured_media":0,"parent":0,"menu_order":0,"comment_status":"closed","ping_status":"closed","template":"","meta":{"footnotes":"","_wp_rev_ctl_limit":""},"class_list":["post-62803","page","type-page","status-publish"],"yoast_head":"<!-- This site is optimized with the Yoast SEO plugin v27.3 - https:\/\/yoast.com\/product\/yoast-seo-wordpress\/ -->\n<title>Conformit\u00e9 de Nonius au GDPR &#8211; Nonius<\/title>\n<meta name=\"robots\" content=\"index, follow, max-snippet:-1, max-image-preview:large, max-video-preview:-1\" \/>\n<link rel=\"canonical\" href=\"https:\/\/noniussolutions.com\/fr\/conformite-de-nonius-au-gdpr\/\" \/>\n<meta property=\"og:locale\" content=\"fr_FR\" \/>\n<meta property=\"og:type\" content=\"article\" \/>\n<meta property=\"og:title\" content=\"Conformit\u00e9 de Nonius au GDPR &#8211; Nonius\" \/>\n<meta property=\"og:description\" content=\"[vc_row type=\u00a0\u00bbin_container\u00a0\u00bb full_screen_row_position=\u00a0\u00bbmiddle\u00a0\u00bb column_margin=\u00a0\u00bbdefault\u00a0\u00bb column_direction=\u00a0\u00bbdefault\u00a0\u00bb column_direction_tablet=\u00a0\u00bbdefault\u00a0\u00bb column_direction_phone=\u00a0\u00bbdefault\u00a0\u00bb scene_position=\u00a0\u00bbcenter\u00a0\u00bb text_color=\u00a0\u00bbdark\u00a0\u00bb text_align=\u00a0\u00bbleft\u00a0\u00bb row_border_radius=\u00a0\u00bbnone\u00a0\u00bb row_border_radius_applies=\u00a0\u00bbbg\u00a0\u00bb overflow=\u00a0\u00bbvisible\u00a0\u00bb overlay_strength=\u00a0\u00bb0.3&Prime; gradient_direction=\u00a0\u00bbleft_to_right\u00a0\u00bb shape_divider_position=\u00a0\u00bbbottom\u00a0\u00bb bg_image_animation=\u00a0\u00bbnone\u00a0\u00bb][vc_column column_padding=\u00a0\u00bbno-extra-padding\u00a0\u00bb column_padding_tablet=\u00a0\u00bbinherit\u00a0\u00bb column_padding_phone=\u00a0\u00bbinherit\u00a0\u00bb column_padding_position=\u00a0\u00bball\u00a0\u00bb column_element_direction_desktop=\u00a0\u00bbdefault\u00a0\u00bb column_element_spacing=\u00a0\u00bbdefault\u00a0\u00bb desktop_text_alignment=\u00a0\u00bbdefault\u00a0\u00bb tablet_text_alignment=\u00a0\u00bbdefault\u00a0\u00bb phone_text_alignment=\u00a0\u00bbdefault\u00a0\u00bb background_color_opacity=\u00a0\u00bb1&Prime; background_hover_color_opacity=\u00a0\u00bb1&Prime; column_backdrop_filter=\u00a0\u00bbnone\u00a0\u00bb column_shadow=\u00a0\u00bbnone\u00a0\u00bb...\" \/>\n<meta property=\"og:url\" content=\"https:\/\/noniussolutions.com\/fr\/conformite-de-nonius-au-gdpr\/\" \/>\n<meta property=\"og:site_name\" content=\"Nonius\" \/>\n<meta property=\"article:publisher\" content=\"https:\/\/www.facebook.com\/noniussoftware\/\" \/>\n<meta property=\"article:modified_time\" content=\"2026-03-16T16:48:20+00:00\" \/>\n<meta name=\"twitter:card\" content=\"summary_large_image\" \/>\n<meta name=\"twitter:label1\" content=\"Dur\u00e9e de lecture estim\u00e9e\" \/>\n\t<meta name=\"twitter:data1\" content=\"5 minutes\" \/>\n<script type=\"application\/ld+json\" class=\"yoast-schema-graph\">{\"@context\":\"https:\\\/\\\/schema.org\",\"@graph\":[{\"@type\":\"WebPage\",\"@id\":\"https:\\\/\\\/noniussolutions.com\\\/fr\\\/conformite-de-nonius-au-gdpr\\\/\",\"url\":\"https:\\\/\\\/noniussolutions.com\\\/fr\\\/conformite-de-nonius-au-gdpr\\\/\",\"name\":\"Conformit\u00e9 de Nonius au GDPR &#8211; Nonius\",\"isPartOf\":{\"@id\":\"https:\\\/\\\/noniussolutions.com\\\/fr\\\/#website\"},\"datePublished\":\"2025-09-26T08:42:45+00:00\",\"dateModified\":\"2026-03-16T16:48:20+00:00\",\"breadcrumb\":{\"@id\":\"https:\\\/\\\/noniussolutions.com\\\/fr\\\/conformite-de-nonius-au-gdpr\\\/#breadcrumb\"},\"inLanguage\":\"fr-FR\",\"potentialAction\":[{\"@type\":\"ReadAction\",\"target\":[\"https:\\\/\\\/noniussolutions.com\\\/fr\\\/conformite-de-nonius-au-gdpr\\\/\"]}]},{\"@type\":\"BreadcrumbList\",\"@id\":\"https:\\\/\\\/noniussolutions.com\\\/fr\\\/conformite-de-nonius-au-gdpr\\\/#breadcrumb\",\"itemListElement\":[{\"@type\":\"ListItem\",\"position\":1,\"name\":\"Home\",\"item\":\"https:\\\/\\\/noniussolutions.com\\\/fr\\\/\"},{\"@type\":\"ListItem\",\"position\":2,\"name\":\"Conformit\u00e9 de Nonius au GDPR\"}]},{\"@type\":\"WebSite\",\"@id\":\"https:\\\/\\\/noniussolutions.com\\\/fr\\\/#website\",\"url\":\"https:\\\/\\\/noniussolutions.com\\\/fr\\\/\",\"name\":\"Nonius\",\"description\":\"Hospitality Technology\",\"publisher\":{\"@id\":\"https:\\\/\\\/noniussolutions.com\\\/fr\\\/#organization\"},\"potentialAction\":[{\"@type\":\"SearchAction\",\"target\":{\"@type\":\"EntryPoint\",\"urlTemplate\":\"https:\\\/\\\/noniussolutions.com\\\/fr\\\/?s={search_term_string}\"},\"query-input\":{\"@type\":\"PropertyValueSpecification\",\"valueRequired\":true,\"valueName\":\"search_term_string\"}}],\"inLanguage\":\"fr-FR\"},{\"@type\":\"Organization\",\"@id\":\"https:\\\/\\\/noniussolutions.com\\\/fr\\\/#organization\",\"name\":\"Nonius\",\"url\":\"https:\\\/\\\/noniussolutions.com\\\/fr\\\/\",\"logo\":{\"@type\":\"ImageObject\",\"inLanguage\":\"fr-FR\",\"@id\":\"https:\\\/\\\/noniussolutions.com\\\/fr\\\/#\\\/schema\\\/logo\\\/image\\\/\",\"url\":\"https:\\\/\\\/noniussolutions.com\\\/wp-content\\\/uploads\\\/2025\\\/11\\\/logo-N.png\",\"contentUrl\":\"https:\\\/\\\/noniussolutions.com\\\/wp-content\\\/uploads\\\/2025\\\/11\\\/logo-N.png\",\"width\":500,\"height\":500,\"caption\":\"Nonius\"},\"image\":{\"@id\":\"https:\\\/\\\/noniussolutions.com\\\/fr\\\/#\\\/schema\\\/logo\\\/image\\\/\"},\"sameAs\":[\"https:\\\/\\\/www.facebook.com\\\/noniussoftware\\\/\",\"https:\\\/\\\/www.linkedin.com\\\/company\\\/nonius\\\/\",\"https:\\\/\\\/www.youtube.com\\\/user\\\/NoniusSoft\",\"https:\\\/\\\/www.instagram.com\\\/noniussolutions\\\/\"]}]}<\/script>\n<!-- \/ Yoast SEO plugin. -->","yoast_head_json":{"title":"Conformit\u00e9 de Nonius au GDPR &#8211; Nonius","robots":{"index":"index","follow":"follow","max-snippet":"max-snippet:-1","max-image-preview":"max-image-preview:large","max-video-preview":"max-video-preview:-1"},"canonical":"https:\/\/noniussolutions.com\/fr\/conformite-de-nonius-au-gdpr\/","og_locale":"fr_FR","og_type":"article","og_title":"Conformit\u00e9 de Nonius au GDPR &#8211; Nonius","og_description":"[vc_row type=\u00a0\u00bbin_container\u00a0\u00bb full_screen_row_position=\u00a0\u00bbmiddle\u00a0\u00bb column_margin=\u00a0\u00bbdefault\u00a0\u00bb column_direction=\u00a0\u00bbdefault\u00a0\u00bb column_direction_tablet=\u00a0\u00bbdefault\u00a0\u00bb column_direction_phone=\u00a0\u00bbdefault\u00a0\u00bb scene_position=\u00a0\u00bbcenter\u00a0\u00bb text_color=\u00a0\u00bbdark\u00a0\u00bb text_align=\u00a0\u00bbleft\u00a0\u00bb row_border_radius=\u00a0\u00bbnone\u00a0\u00bb row_border_radius_applies=\u00a0\u00bbbg\u00a0\u00bb overflow=\u00a0\u00bbvisible\u00a0\u00bb overlay_strength=\u00a0\u00bb0.3&Prime; gradient_direction=\u00a0\u00bbleft_to_right\u00a0\u00bb shape_divider_position=\u00a0\u00bbbottom\u00a0\u00bb bg_image_animation=\u00a0\u00bbnone\u00a0\u00bb][vc_column column_padding=\u00a0\u00bbno-extra-padding\u00a0\u00bb column_padding_tablet=\u00a0\u00bbinherit\u00a0\u00bb column_padding_phone=\u00a0\u00bbinherit\u00a0\u00bb column_padding_position=\u00a0\u00bball\u00a0\u00bb column_element_direction_desktop=\u00a0\u00bbdefault\u00a0\u00bb column_element_spacing=\u00a0\u00bbdefault\u00a0\u00bb desktop_text_alignment=\u00a0\u00bbdefault\u00a0\u00bb tablet_text_alignment=\u00a0\u00bbdefault\u00a0\u00bb phone_text_alignment=\u00a0\u00bbdefault\u00a0\u00bb background_color_opacity=\u00a0\u00bb1&Prime; background_hover_color_opacity=\u00a0\u00bb1&Prime; column_backdrop_filter=\u00a0\u00bbnone\u00a0\u00bb column_shadow=\u00a0\u00bbnone\u00a0\u00bb...","og_url":"https:\/\/noniussolutions.com\/fr\/conformite-de-nonius-au-gdpr\/","og_site_name":"Nonius","article_publisher":"https:\/\/www.facebook.com\/noniussoftware\/","article_modified_time":"2026-03-16T16:48:20+00:00","twitter_card":"summary_large_image","twitter_misc":{"Dur\u00e9e de lecture estim\u00e9e":"5 minutes"},"schema":{"@context":"https:\/\/schema.org","@graph":[{"@type":"WebPage","@id":"https:\/\/noniussolutions.com\/fr\/conformite-de-nonius-au-gdpr\/","url":"https:\/\/noniussolutions.com\/fr\/conformite-de-nonius-au-gdpr\/","name":"Conformit\u00e9 de Nonius au GDPR &#8211; Nonius","isPartOf":{"@id":"https:\/\/noniussolutions.com\/fr\/#website"},"datePublished":"2025-09-26T08:42:45+00:00","dateModified":"2026-03-16T16:48:20+00:00","breadcrumb":{"@id":"https:\/\/noniussolutions.com\/fr\/conformite-de-nonius-au-gdpr\/#breadcrumb"},"inLanguage":"fr-FR","potentialAction":[{"@type":"ReadAction","target":["https:\/\/noniussolutions.com\/fr\/conformite-de-nonius-au-gdpr\/"]}]},{"@type":"BreadcrumbList","@id":"https:\/\/noniussolutions.com\/fr\/conformite-de-nonius-au-gdpr\/#breadcrumb","itemListElement":[{"@type":"ListItem","position":1,"name":"Home","item":"https:\/\/noniussolutions.com\/fr\/"},{"@type":"ListItem","position":2,"name":"Conformit\u00e9 de Nonius au GDPR"}]},{"@type":"WebSite","@id":"https:\/\/noniussolutions.com\/fr\/#website","url":"https:\/\/noniussolutions.com\/fr\/","name":"Nonius","description":"Hospitality Technology","publisher":{"@id":"https:\/\/noniussolutions.com\/fr\/#organization"},"potentialAction":[{"@type":"SearchAction","target":{"@type":"EntryPoint","urlTemplate":"https:\/\/noniussolutions.com\/fr\/?s={search_term_string}"},"query-input":{"@type":"PropertyValueSpecification","valueRequired":true,"valueName":"search_term_string"}}],"inLanguage":"fr-FR"},{"@type":"Organization","@id":"https:\/\/noniussolutions.com\/fr\/#organization","name":"Nonius","url":"https:\/\/noniussolutions.com\/fr\/","logo":{"@type":"ImageObject","inLanguage":"fr-FR","@id":"https:\/\/noniussolutions.com\/fr\/#\/schema\/logo\/image\/","url":"https:\/\/noniussolutions.com\/wp-content\/uploads\/2025\/11\/logo-N.png","contentUrl":"https:\/\/noniussolutions.com\/wp-content\/uploads\/2025\/11\/logo-N.png","width":500,"height":500,"caption":"Nonius"},"image":{"@id":"https:\/\/noniussolutions.com\/fr\/#\/schema\/logo\/image\/"},"sameAs":["https:\/\/www.facebook.com\/noniussoftware\/","https:\/\/www.linkedin.com\/company\/nonius\/","https:\/\/www.youtube.com\/user\/NoniusSoft","https:\/\/www.instagram.com\/noniussolutions\/"]}]}},"_links":{"self":[{"href":"https:\/\/noniussolutions.com\/fr\/wp-json\/wp\/v2\/pages\/62803","targetHints":{"allow":["GET"]}}],"collection":[{"href":"https:\/\/noniussolutions.com\/fr\/wp-json\/wp\/v2\/pages"}],"about":[{"href":"https:\/\/noniussolutions.com\/fr\/wp-json\/wp\/v2\/types\/page"}],"author":[{"embeddable":true,"href":"https:\/\/noniussolutions.com\/fr\/wp-json\/wp\/v2\/users\/1"}],"replies":[{"embeddable":true,"href":"https:\/\/noniussolutions.com\/fr\/wp-json\/wp\/v2\/comments?post=62803"}],"version-history":[{"count":0,"href":"https:\/\/noniussolutions.com\/fr\/wp-json\/wp\/v2\/pages\/62803\/revisions"}],"wp:attachment":[{"href":"https:\/\/noniussolutions.com\/fr\/wp-json\/wp\/v2\/media?parent=62803"}],"curies":[{"name":"wp","href":"https:\/\/api.w.org\/{rel}","templated":true}]}}