{"id":62807,"date":"2025-09-26T09:42:45","date_gmt":"2025-09-26T08:42:45","guid":{"rendered":"https:\/\/noniussolutions.com\/?page_id=62807"},"modified":"2026-03-16T16:51:30","modified_gmt":"2026-03-16T16:51:30","slug":"conformita-al-gdpr-di-nonius","status":"publish","type":"page","link":"https:\/\/noniussolutions.com\/it\/conformita-al-gdpr-di-nonius\/","title":{"rendered":"Conformit\u00e0 al GDPR di Nonius"},"content":{"rendered":"[vc_row type=&#8221;in_container&#8221; full_screen_row_position=&#8221;middle&#8221; column_margin=&#8221;default&#8221; column_direction=&#8221;default&#8221; column_direction_tablet=&#8221;default&#8221; column_direction_phone=&#8221;default&#8221; scene_position=&#8221;center&#8221; text_color=&#8221;dark&#8221; text_align=&#8221;left&#8221; row_border_radius=&#8221;none&#8221; row_border_radius_applies=&#8221;bg&#8221; overflow=&#8221;visible&#8221; overlay_strength=&#8221;0.3&#8243; gradient_direction=&#8221;left_to_right&#8221; shape_divider_position=&#8221;bottom&#8221; bg_image_animation=&#8221;none&#8221;][vc_column column_padding=&#8221;no-extra-padding&#8221; column_padding_tablet=&#8221;inherit&#8221; column_padding_phone=&#8221;inherit&#8221; column_padding_position=&#8221;all&#8221; column_element_direction_desktop=&#8221;default&#8221; column_element_spacing=&#8221;default&#8221; desktop_text_alignment=&#8221;default&#8221; tablet_text_alignment=&#8221;default&#8221; phone_text_alignment=&#8221;default&#8221; background_color_opacity=&#8221;1&#8243; background_hover_color_opacity=&#8221;1&#8243; column_backdrop_filter=&#8221;none&#8221; column_shadow=&#8221;none&#8221; column_border_radius=&#8221;none&#8221; column_link_target=&#8221;_self&#8221; column_position=&#8221;default&#8221; gradient_direction=&#8221;left_to_right&#8221; overlay_strength=&#8221;0.3&#8243; width=&#8221;1\/1&#8243; tablet_width_inherit=&#8221;default&#8221; animation_type=&#8221;default&#8221; bg_image_animation=&#8221;none&#8221; border_type=&#8221;simple&#8221; column_border_width=&#8221;none&#8221; column_border_style=&#8221;solid&#8221;][vc_column_text css=&#8221;&#8221; text_direction=&#8221;default&#8221;]\n<h1>Conformit\u00e0 al GDPR di Nonius<\/h1>\n<p>&nbsp;<\/p>\n<p>Nonius \u00e8 un integratore e produttore di software e dispositivi di rete per il mercato dell\u2019ospitalit\u00e0 e il tipo di prodotti forniti da Nonius elabora e archivia dati di molti tipi. I prodotti Nonius sono responsabili del trattamento dei <a href=\"https:\/\/ec.europa.eu\/info\/law\/law-topic\/data-protection\/reform\/rules-business-and-organisations\/obligations\/controller-processor\/what-data-controller-or-data-processor_en\" target=\"_blank\" rel=\"noopener\">dati <\/a>e i clienti di Nonius sono i titolari del <a href=\"https:\/\/ec.europa.eu\/info\/law\/law-topic\/data-protection\/reform\/rules-business-and-organisations\/obligations\/controller-processor\/what-data-controller-or-data-processor_en\" target=\"_blank\" rel=\"noopener\">trattamento <\/a>di tali dati. I responsabili del trattamento possono decidere a quali soggetti dare accesso ai dati, ma questa \u00e8 interamente una decisione del nostro cliente, il proprietario dell\u2019immobile.  <\/p>\n<p>Detto questo, l\u2019impegno di Nonius per la protezione dei dati personali degli utenti e per il GDPR \u00e8:<\/p>\n<p><strong>1.<\/strong> Nonius non ha mai condiviso e non condivider\u00e0 le <a href=\"https:\/\/ec.europa.eu\/info\/law\/law-topic\/data-protection\/reform\/what-personal-data_en\" target=\"_blank\" rel=\"noopener\">informazioni di identificazione personale<\/a> elaborate dai prodotti Nonius. Solo i clienti, le entit\u00e0 che possiedono i prodotti Nonius in locale o utilizzano i servizi cloud Nonius, possono condividere i dati personali acquisiti dai prodotti Nonius. Tuttavia, Nonius sta attivamente assistendo i propri clienti nel raggiungimento della conformit\u00e0 al GDPR fornendo ai clienti strumenti per implementare servizi conformi al GDPR. I clienti Nonius possono decidere cosa fare con i dati e con gli strumenti forniti rimangono conformi.   <\/p>\n<p><strong>2.<\/strong> Nonius utilizza alcuni dati per migliorare l\u2019efficienza di prodotti e servizi e per fornire un migliore supporto ai clienti e agli utenti finali. Nonius continuer\u00e0 a utilizzare tali dati nel legittimo interesse dei nostri clienti e utenti finali. Gli agenti del call center dell\u2019assistenza clienti o dell\u2019hotel hanno e continueranno ad avere accesso ai dati personali, come il nome del cliente, al solo scopo di assistere nella risoluzione dei problemi e migliorare l\u2019efficienza del processo.  <\/p>\n<p><strong>3.<\/strong> Nonius limiter\u00e0 la raccolta e il trasferimento di dati personali al minimo necessario per svolgere le attivit\u00e0 di supporto e migliorare l\u2019efficienza dei sistemi. In particolare, i <a href=\"https:\/\/ec.europa.eu\/info\/law\/law-topic\/data-protection\/reform\/what-personal-data_en\" target=\"_blank\" rel=\"noopener\">dati personali<\/a> dell\u2019utente elaborati e archiviati dai vari prodotti Nonius vengono utilizzati per semplificare e migliorare l\u2019esperienza di soggiorno in hotel e i dati che solitamente memorizzano sono: n. camera, cognome, indirizzo email, data di check-in\/check-out, acquisti effettuati su TV e cellulare App, indirizzi MAC e IP dei dispositivi degli utenti, ecc. Nonius limita i dati che vengono elaborati ai dati che sono <a href=\"https:\/\/ec.europa.eu\/info\/law\/law-topic\/data-protection\/reform\/rules-business-and-organisations\/principles-gdpr\/how-much-data-can-be-collected_en\" target=\"_blank\" rel=\"noopener\">essenziale e rilevante<\/a> per il processo aziendale. <\/p>\n<p><strong>4.<\/strong> Nonius sviluppa costantemente nuovi prodotti e acquisisce societ\u00e0 che apportano nuovi prodotti e servizi al portafoglio del gruppo. Nonius si sforzer\u00e0 di applicare le stesse regole a tutti i prodotti e si impegna a essere trasparente nei confronti dei nostri clienti nel caso in cui alcuni prodotti e servizi necessitino di ulteriore sviluppo per il trattamento sicuro dei dati personali. <\/p>\n<p><strong>5.<\/strong> Nonius rispetter\u00e0 i requisiti del GDPR e comunicher\u00e0 tempestivamente le <a href=\"https:\/\/ec.europa.eu\/info\/law\/law-topic\/data-protection\/reform\/rules-business-and-organisations\/obligations\/what-data-breach-and-what-do-we-have-do-case-data-breach_en\" target=\"_blank\" rel=\"noopener\">violazioni dei dati<\/a> ai clienti e agli utenti finali interessati. Tutti i prodotti on-premise e basati su cloud sono esposti a minacce e possono essere compromessi, in particolare i sistemi esposti a Internet, che \u00e8 la maggior parte dei prodotti Nonius. Nonius verifica periodicamente tutti i server cloud e le apparecchiature locali per le vulnerabilit\u00e0 di sicurezza al fine di prevenire fallimenti di sicurezza.  <\/p>\n<p><strong>6.<\/strong> Nonius conserva i dati dei residenti nell\u2019UE archiviati all\u2019interno dello Spazio economico europeo (SEE). Nonius fornisce prodotti da utilizzare in locale e alcuni anche basati su cloud. I prodotti Nonius basati su cloud sono stati realizzati tenendo conto della protezione dei dati e la sua architettura limita al minimo la quantit\u00e0 di dati personali trasferiti da qualsiasi dispositivo del cliente al Nonius Cloud. I prodotti Nonius basati su cloud sono configurati per funzionare nei server con sede nell\u2019UE.   <\/p>\n<p><strong>7.<\/strong> Nonius garantisce che anche le informazioni sulla gestione della rete ei backup siano <a href=\"https:\/\/ec.europa.eu\/info\/law\/law-topic\/data-protection\/data-transfers-outside-eu\/rules-international-transfers-personal-data_en\" target=\"_blank\" rel=\"noopener\">archiviati solo all\u2019interno del SEE<\/a> . I server Nonius sono organizzati in cluster regionali e viene eseguito il backup dell\u2019archiviazione per la massima affidabilit\u00e0 e Nonius garantisce che anche in caso di backup per il ripristino di emergenza i dati vengano mantenuti all\u2019interno del SEE. <\/p>\n<p><strong>8.<\/strong> Nonius, che vende a clienti in tutto il mondo, si adoperer\u00e0 per utilizzare il GDPR come base per la protezione dei dati per tutte le persone in tutto il mondo e non solo per i residenti in Europa.<\/p>\n<p>Nonius mira a essere completamente conforme al <a href=\"https:\/\/ec.europa.eu\/info\/law\/law-topic\/data-protection_en\" target=\"_blank\" rel=\"noopener\">GDPR <\/a>. Ci\u00f2 include non solo la conformit\u00e0 dei nostri prodotti, ma anche la conformit\u00e0 dell\u2019azienda nel suo insieme. Nonius aveva gi\u00e0 implementato un livello coerente di protezione e sicurezza dei dati nei nostri prodotti e migliorer\u00e0 prodotti e processi in linea con i requisiti del GDPR.  <\/p>\n<p>Qualsiasi domanda relativa al GDPR pu\u00f2 essere indirizzata a Nonius DPO (Data Protection Officer) all\u2019indirizzo <a href=\"mailto:dpo@noniussoftware.com\">dpo@noniussoftware.com<\/a>.[\/vc_column_text][\/vc_column][\/vc_row]\n","protected":false},"excerpt":{"rendered":"<p>[vc_row type=&#8221;in_container&#8221; full_screen_row_position=&#8221;middle&#8221; column_margin=&#8221;default&#8221; column_direction=&#8221;default&#8221; column_direction_tablet=&#8221;default&#8221; column_direction_phone=&#8221;default&#8221; scene_position=&#8221;center&#8221; text_color=&#8221;dark&#8221; text_align=&#8221;left&#8221; row_border_radius=&#8221;none&#8221; row_border_radius_applies=&#8221;bg&#8221; overflow=&#8221;visible&#8221; overlay_strength=&#8221;0.3&#8243; gradient_direction=&#8221;left_to_right&#8221; shape_divider_position=&#8221;bottom&#8221; bg_image_animation=&#8221;none&#8221;][vc_column column_padding=&#8221;no-extra-padding&#8221; column_padding_tablet=&#8221;inherit&#8221; column_padding_phone=&#8221;inherit&#8221; column_padding_position=&#8221;all&#8221; column_element_direction_desktop=&#8221;default&#8221; column_element_spacing=&#8221;default&#8221; desktop_text_alignment=&#8221;default&#8221; tablet_text_alignment=&#8221;default&#8221; phone_text_alignment=&#8221;default&#8221; background_color_opacity=&#8221;1&#8243; background_hover_color_opacity=&#8221;1&#8243; column_backdrop_filter=&#8221;none&#8221; column_shadow=&#8221;none&#8221;&#8230;<\/p>\n","protected":false},"author":1,"featured_media":0,"parent":0,"menu_order":0,"comment_status":"closed","ping_status":"closed","template":"","meta":{"footnotes":"","_wp_rev_ctl_limit":""},"class_list":["post-62807","page","type-page","status-publish"],"yoast_head":"<!-- This site is optimized with the Yoast SEO plugin v27.3 - https:\/\/yoast.com\/product\/yoast-seo-wordpress\/ -->\n<title>Conformit\u00e0 al GDPR di Nonius &#8211; Nonius<\/title>\n<meta name=\"robots\" content=\"index, follow, max-snippet:-1, max-image-preview:large, max-video-preview:-1\" \/>\n<link rel=\"canonical\" href=\"https:\/\/noniussolutions.com\/it\/conformita-al-gdpr-di-nonius\/\" \/>\n<meta property=\"og:locale\" content=\"it_IT\" \/>\n<meta property=\"og:type\" content=\"article\" \/>\n<meta property=\"og:title\" content=\"Conformit\u00e0 al GDPR di Nonius &#8211; Nonius\" \/>\n<meta property=\"og:description\" content=\"[vc_row type=&#8221;in_container&#8221; full_screen_row_position=&#8221;middle&#8221; column_margin=&#8221;default&#8221; column_direction=&#8221;default&#8221; column_direction_tablet=&#8221;default&#8221; column_direction_phone=&#8221;default&#8221; scene_position=&#8221;center&#8221; text_color=&#8221;dark&#8221; text_align=&#8221;left&#8221; row_border_radius=&#8221;none&#8221; row_border_radius_applies=&#8221;bg&#8221; overflow=&#8221;visible&#8221; overlay_strength=&#8221;0.3&#8243; gradient_direction=&#8221;left_to_right&#8221; shape_divider_position=&#8221;bottom&#8221; bg_image_animation=&#8221;none&#8221;][vc_column column_padding=&#8221;no-extra-padding&#8221; column_padding_tablet=&#8221;inherit&#8221; column_padding_phone=&#8221;inherit&#8221; column_padding_position=&#8221;all&#8221; column_element_direction_desktop=&#8221;default&#8221; column_element_spacing=&#8221;default&#8221; desktop_text_alignment=&#8221;default&#8221; tablet_text_alignment=&#8221;default&#8221; phone_text_alignment=&#8221;default&#8221; background_color_opacity=&#8221;1&#8243; background_hover_color_opacity=&#8221;1&#8243; column_backdrop_filter=&#8221;none&#8221; column_shadow=&#8221;none&#8221;...\" \/>\n<meta property=\"og:url\" content=\"https:\/\/noniussolutions.com\/it\/conformita-al-gdpr-di-nonius\/\" \/>\n<meta property=\"og:site_name\" content=\"Nonius\" \/>\n<meta property=\"article:publisher\" content=\"https:\/\/www.facebook.com\/noniussoftware\/\" \/>\n<meta property=\"article:modified_time\" content=\"2026-03-16T16:51:30+00:00\" \/>\n<meta name=\"twitter:card\" content=\"summary_large_image\" \/>\n<meta name=\"twitter:label1\" content=\"Tempo di lettura stimato\" \/>\n\t<meta name=\"twitter:data1\" content=\"5 minuti\" \/>\n<script type=\"application\/ld+json\" class=\"yoast-schema-graph\">{\"@context\":\"https:\\\/\\\/schema.org\",\"@graph\":[{\"@type\":\"WebPage\",\"@id\":\"https:\\\/\\\/noniussolutions.com\\\/it\\\/conformita-al-gdpr-di-nonius\\\/\",\"url\":\"https:\\\/\\\/noniussolutions.com\\\/it\\\/conformita-al-gdpr-di-nonius\\\/\",\"name\":\"Conformit\u00e0 al GDPR di Nonius &#8211; Nonius\",\"isPartOf\":{\"@id\":\"https:\\\/\\\/noniussolutions.com\\\/it\\\/#website\"},\"datePublished\":\"2025-09-26T08:42:45+00:00\",\"dateModified\":\"2026-03-16T16:51:30+00:00\",\"breadcrumb\":{\"@id\":\"https:\\\/\\\/noniussolutions.com\\\/it\\\/conformita-al-gdpr-di-nonius\\\/#breadcrumb\"},\"inLanguage\":\"it-IT\",\"potentialAction\":[{\"@type\":\"ReadAction\",\"target\":[\"https:\\\/\\\/noniussolutions.com\\\/it\\\/conformita-al-gdpr-di-nonius\\\/\"]}]},{\"@type\":\"BreadcrumbList\",\"@id\":\"https:\\\/\\\/noniussolutions.com\\\/it\\\/conformita-al-gdpr-di-nonius\\\/#breadcrumb\",\"itemListElement\":[{\"@type\":\"ListItem\",\"position\":1,\"name\":\"Home\",\"item\":\"https:\\\/\\\/noniussolutions.com\\\/it\\\/\"},{\"@type\":\"ListItem\",\"position\":2,\"name\":\"Conformit\u00e0 al GDPR di Nonius\"}]},{\"@type\":\"WebSite\",\"@id\":\"https:\\\/\\\/noniussolutions.com\\\/it\\\/#website\",\"url\":\"https:\\\/\\\/noniussolutions.com\\\/it\\\/\",\"name\":\"Nonius\",\"description\":\"Hospitality Technology\",\"publisher\":{\"@id\":\"https:\\\/\\\/noniussolutions.com\\\/it\\\/#organization\"},\"potentialAction\":[{\"@type\":\"SearchAction\",\"target\":{\"@type\":\"EntryPoint\",\"urlTemplate\":\"https:\\\/\\\/noniussolutions.com\\\/it\\\/?s={search_term_string}\"},\"query-input\":{\"@type\":\"PropertyValueSpecification\",\"valueRequired\":true,\"valueName\":\"search_term_string\"}}],\"inLanguage\":\"it-IT\"},{\"@type\":\"Organization\",\"@id\":\"https:\\\/\\\/noniussolutions.com\\\/it\\\/#organization\",\"name\":\"Nonius\",\"url\":\"https:\\\/\\\/noniussolutions.com\\\/it\\\/\",\"logo\":{\"@type\":\"ImageObject\",\"inLanguage\":\"it-IT\",\"@id\":\"https:\\\/\\\/noniussolutions.com\\\/it\\\/#\\\/schema\\\/logo\\\/image\\\/\",\"url\":\"https:\\\/\\\/noniussolutions.com\\\/wp-content\\\/uploads\\\/2025\\\/11\\\/logo-N.png\",\"contentUrl\":\"https:\\\/\\\/noniussolutions.com\\\/wp-content\\\/uploads\\\/2025\\\/11\\\/logo-N.png\",\"width\":500,\"height\":500,\"caption\":\"Nonius\"},\"image\":{\"@id\":\"https:\\\/\\\/noniussolutions.com\\\/it\\\/#\\\/schema\\\/logo\\\/image\\\/\"},\"sameAs\":[\"https:\\\/\\\/www.facebook.com\\\/noniussoftware\\\/\",\"https:\\\/\\\/www.linkedin.com\\\/company\\\/nonius\\\/\",\"https:\\\/\\\/www.youtube.com\\\/user\\\/NoniusSoft\",\"https:\\\/\\\/www.instagram.com\\\/noniussolutions\\\/\"]}]}<\/script>\n<!-- \/ Yoast SEO plugin. -->","yoast_head_json":{"title":"Conformit\u00e0 al GDPR di Nonius &#8211; Nonius","robots":{"index":"index","follow":"follow","max-snippet":"max-snippet:-1","max-image-preview":"max-image-preview:large","max-video-preview":"max-video-preview:-1"},"canonical":"https:\/\/noniussolutions.com\/it\/conformita-al-gdpr-di-nonius\/","og_locale":"it_IT","og_type":"article","og_title":"Conformit\u00e0 al GDPR di Nonius &#8211; Nonius","og_description":"[vc_row type=&#8221;in_container&#8221; full_screen_row_position=&#8221;middle&#8221; column_margin=&#8221;default&#8221; column_direction=&#8221;default&#8221; column_direction_tablet=&#8221;default&#8221; column_direction_phone=&#8221;default&#8221; scene_position=&#8221;center&#8221; text_color=&#8221;dark&#8221; text_align=&#8221;left&#8221; row_border_radius=&#8221;none&#8221; row_border_radius_applies=&#8221;bg&#8221; overflow=&#8221;visible&#8221; overlay_strength=&#8221;0.3&#8243; gradient_direction=&#8221;left_to_right&#8221; shape_divider_position=&#8221;bottom&#8221; bg_image_animation=&#8221;none&#8221;][vc_column column_padding=&#8221;no-extra-padding&#8221; column_padding_tablet=&#8221;inherit&#8221; column_padding_phone=&#8221;inherit&#8221; column_padding_position=&#8221;all&#8221; column_element_direction_desktop=&#8221;default&#8221; column_element_spacing=&#8221;default&#8221; desktop_text_alignment=&#8221;default&#8221; tablet_text_alignment=&#8221;default&#8221; phone_text_alignment=&#8221;default&#8221; background_color_opacity=&#8221;1&#8243; background_hover_color_opacity=&#8221;1&#8243; column_backdrop_filter=&#8221;none&#8221; column_shadow=&#8221;none&#8221;...","og_url":"https:\/\/noniussolutions.com\/it\/conformita-al-gdpr-di-nonius\/","og_site_name":"Nonius","article_publisher":"https:\/\/www.facebook.com\/noniussoftware\/","article_modified_time":"2026-03-16T16:51:30+00:00","twitter_card":"summary_large_image","twitter_misc":{"Tempo di lettura stimato":"5 minuti"},"schema":{"@context":"https:\/\/schema.org","@graph":[{"@type":"WebPage","@id":"https:\/\/noniussolutions.com\/it\/conformita-al-gdpr-di-nonius\/","url":"https:\/\/noniussolutions.com\/it\/conformita-al-gdpr-di-nonius\/","name":"Conformit\u00e0 al GDPR di Nonius &#8211; Nonius","isPartOf":{"@id":"https:\/\/noniussolutions.com\/it\/#website"},"datePublished":"2025-09-26T08:42:45+00:00","dateModified":"2026-03-16T16:51:30+00:00","breadcrumb":{"@id":"https:\/\/noniussolutions.com\/it\/conformita-al-gdpr-di-nonius\/#breadcrumb"},"inLanguage":"it-IT","potentialAction":[{"@type":"ReadAction","target":["https:\/\/noniussolutions.com\/it\/conformita-al-gdpr-di-nonius\/"]}]},{"@type":"BreadcrumbList","@id":"https:\/\/noniussolutions.com\/it\/conformita-al-gdpr-di-nonius\/#breadcrumb","itemListElement":[{"@type":"ListItem","position":1,"name":"Home","item":"https:\/\/noniussolutions.com\/it\/"},{"@type":"ListItem","position":2,"name":"Conformit\u00e0 al GDPR di Nonius"}]},{"@type":"WebSite","@id":"https:\/\/noniussolutions.com\/it\/#website","url":"https:\/\/noniussolutions.com\/it\/","name":"Nonius","description":"Hospitality Technology","publisher":{"@id":"https:\/\/noniussolutions.com\/it\/#organization"},"potentialAction":[{"@type":"SearchAction","target":{"@type":"EntryPoint","urlTemplate":"https:\/\/noniussolutions.com\/it\/?s={search_term_string}"},"query-input":{"@type":"PropertyValueSpecification","valueRequired":true,"valueName":"search_term_string"}}],"inLanguage":"it-IT"},{"@type":"Organization","@id":"https:\/\/noniussolutions.com\/it\/#organization","name":"Nonius","url":"https:\/\/noniussolutions.com\/it\/","logo":{"@type":"ImageObject","inLanguage":"it-IT","@id":"https:\/\/noniussolutions.com\/it\/#\/schema\/logo\/image\/","url":"https:\/\/noniussolutions.com\/wp-content\/uploads\/2025\/11\/logo-N.png","contentUrl":"https:\/\/noniussolutions.com\/wp-content\/uploads\/2025\/11\/logo-N.png","width":500,"height":500,"caption":"Nonius"},"image":{"@id":"https:\/\/noniussolutions.com\/it\/#\/schema\/logo\/image\/"},"sameAs":["https:\/\/www.facebook.com\/noniussoftware\/","https:\/\/www.linkedin.com\/company\/nonius\/","https:\/\/www.youtube.com\/user\/NoniusSoft","https:\/\/www.instagram.com\/noniussolutions\/"]}]}},"_links":{"self":[{"href":"https:\/\/noniussolutions.com\/it\/wp-json\/wp\/v2\/pages\/62807","targetHints":{"allow":["GET"]}}],"collection":[{"href":"https:\/\/noniussolutions.com\/it\/wp-json\/wp\/v2\/pages"}],"about":[{"href":"https:\/\/noniussolutions.com\/it\/wp-json\/wp\/v2\/types\/page"}],"author":[{"embeddable":true,"href":"https:\/\/noniussolutions.com\/it\/wp-json\/wp\/v2\/users\/1"}],"replies":[{"embeddable":true,"href":"https:\/\/noniussolutions.com\/it\/wp-json\/wp\/v2\/comments?post=62807"}],"version-history":[{"count":0,"href":"https:\/\/noniussolutions.com\/it\/wp-json\/wp\/v2\/pages\/62807\/revisions"}],"wp:attachment":[{"href":"https:\/\/noniussolutions.com\/it\/wp-json\/wp\/v2\/media?parent=62807"}],"curies":[{"name":"wp","href":"https:\/\/api.w.org\/{rel}","templated":true}]}}