{"id":62826,"date":"2025-05-19T09:41:14","date_gmt":"2025-05-19T08:41:14","guid":{"rendered":"https:\/\/noniussolutions.com\/?page_id=62826"},"modified":"2026-03-16T16:51:44","modified_gmt":"2026-03-16T16:51:44","slug":"informativa-sulla-privacy","status":"publish","type":"page","link":"https:\/\/noniussolutions.com\/it\/informativa-sulla-privacy\/","title":{"rendered":"Informativa sulla Privacy"},"content":{"rendered":"[vc_row type=&#8221;in_container&#8221; full_screen_row_position=&#8221;middle&#8221; column_margin=&#8221;default&#8221; column_direction=&#8221;default&#8221; column_direction_tablet=&#8221;default&#8221; column_direction_phone=&#8221;default&#8221; scene_position=&#8221;center&#8221; text_color=&#8221;dark&#8221; text_align=&#8221;left&#8221; row_border_radius=&#8221;none&#8221; row_border_radius_applies=&#8221;bg&#8221; overflow=&#8221;visible&#8221; overlay_strength=&#8221;0.3&#8243; gradient_direction=&#8221;left_to_right&#8221; shape_divider_position=&#8221;bottom&#8221; bg_image_animation=&#8221;none&#8221;][vc_column column_padding=&#8221;no-extra-padding&#8221; column_padding_tablet=&#8221;inherit&#8221; column_padding_phone=&#8221;inherit&#8221; column_padding_position=&#8221;all&#8221; column_element_direction_desktop=&#8221;default&#8221; column_element_spacing=&#8221;default&#8221; desktop_text_alignment=&#8221;default&#8221; tablet_text_alignment=&#8221;default&#8221; phone_text_alignment=&#8221;default&#8221; background_color_opacity=&#8221;1&#8243; background_hover_color_opacity=&#8221;1&#8243; column_backdrop_filter=&#8221;none&#8221; column_shadow=&#8221;none&#8221; column_border_radius=&#8221;none&#8221; column_link_target=&#8221;_self&#8221; column_position=&#8221;default&#8221; gradient_direction=&#8221;left_to_right&#8221; overlay_strength=&#8221;0.3&#8243; width=&#8221;1\/1&#8243; tablet_width_inherit=&#8221;default&#8221; animation_type=&#8221;default&#8221; bg_image_animation=&#8221;none&#8221; border_type=&#8221;simple&#8221; column_border_width=&#8221;none&#8221; column_border_style=&#8221;solid&#8221;][vc_column_text css=&#8221;&#8221; text_direction=&#8221;default&#8221;]\n<h1>Informativa sulla Privacy<\/h1>\n<p>&nbsp;<\/p>\n<p>Nonius desidera che tu abbia familiarit\u00e0 con il modo in cui raccogliamo, utilizziamo e divulghiamo i dati personali (informazioni che ti identificano come individuo).<\/p>\n<p>Nonius si impegna a proteggere la privacy dei dati personali che raccoglie ed elabora e agiremo in conformit\u00e0 con la legislazione sulla protezione dei dati applicabile.<\/p>\n<p>&nbsp;<\/p>\n<p><strong>Informazioni personali che scegli di fornire<\/strong><\/p>\n<p>Informazioni di registrazione: dovrai fornirci il tuo indirizzo e-mail quando ti iscrivi per ricevere la nostra newsletter. Informazioni e-mail: se scegli di corrispondere con noi tramite e-mail, potremmo conservare il contenuto dei tuoi messaggi e-mail insieme al tuo indirizzo e-mail e alle nostre risposte. <\/p>\n<p>Le basi legali per il nostro trattamento delle informazioni personali sono principalmente che il trattamento \u00e8 necessario per fornire il sito Web e che il trattamento viene effettuato nel nostro legittimo interesse, che sono ulteriormente spiegati nella sezione \u201cCome utilizziamo le informazioni che ci fornite \u201d sezione. Potremmo anche elaborare le informazioni personali previo tuo consenso, richiedendolo a seconda dei casi. <\/p>\n<p><strong>Informazioni sull\u2019utilizzo del sito web<\/strong><\/p>\n<p>Simile ad altri siti Web, il nostro sito Web utilizza i registri del server Web per raccogliere informazioni su come viene utilizzato il nostro sito Web. Le informazioni raccolte tramite i cookie e i registri del server Web possono includere la data e l\u2019ora delle visite, le pagine visualizzate, il tempo trascorso sul nostro sito Web e i siti Web visitati appena prima e subito dopo il nostro sito Web. Noi e i nostri partner potremmo anche utilizzare piccole tecnologie o parti di codice per determinare quali contenuti hanno visto gli utenti e come gli utenti hanno risposto ad essi.  <\/p>\n<p><strong>Come utilizziamo le informazioni che ci fornisci?<\/strong><\/p>\n<p>Adottiamo misure volte a garantire che solo quei dipendenti che hanno bisogno dell\u2019accesso alle tue informazioni personali per adempiere ai loro doveri di lavoro abbiano accesso ad esse. Se hai scelto di iscriverti alla nostra newsletter, riceverai la nostra newsletter via email. Puoi scegliere di annullare l\u2019iscrizione a questa e-mail in qualsiasi momento, se non desideri pi\u00f9 ricevere questa newsletter.  <\/p>\n<p><strong>Annulla l\u2019iscrizione<\/strong><\/p>\n<p>Se cambi idea e non desideri pi\u00f9 ricevere da noi e-mail di marketing in futuro, puoi annullare l\u2019iscrizione alla ricezione di tali e-mail di marketing o a tale condivisione in qualsiasi momento utilizzando lo strumento fornito a te.<\/p>\n<p><strong>Cosa sono i cookie?<\/strong><\/p>\n<p>Un cookie \u00e8 un documento di testo molto piccolo, che spesso include un identificatore univoco anonimo. Quando visiti un sito Web, il computer di quel sito richiede al tuo computer il permesso di archiviare questo file in una parte del tuo disco rigido specificamente designata per i cookie. Ciascun sito Web pu\u00f2 inviare il proprio cookie al tuo browser se le preferenze del tuo browser lo consentono, ma (per proteggere la tua privacy) il tuo browser consente a un sito Web di accedere solo ai cookie che ti ha gi\u00e0 inviato, non ai cookie che ti sono stati inviati da altri siti . Alcuni dei nostri partner commerciali (ad es. inserzionisti) utilizzano cookie che provengono dai loro siti. Non abbiamo accesso o controllo su quei cookie.    <\/p>\n<p><strong>Come utilizziamo le informazioni che raccogliamo dai cookie?<\/strong><\/p>\n<p>Quando utilizzi il nostro sito Web, il sito utilizza i suoi cookie per differenziarti dagli altri utenti. In alcuni casi, utilizziamo anche i cookie per impedirti di visualizzare annunci pubblicitari non necessari o richiederti di accedere pi\u00f9 di quanto sia necessario per la sicurezza. I cookie, insieme ai file di registro del nostro server Web, ci consentono di calcolare il numero aggregato di persone che visitano il nostro sito Web e quali parti del sito sono pi\u00f9 popolari. Questo ci aiuta a raccogliere feedback al fine di migliorare costantemente il nostro sito Web e servire meglio i nostri clienti. I cookie non ci consentono di raccogliere alcuna informazione personale su di te e generalmente non memorizziamo alcuna informazione personale che ci hai fornito nei cookie.    <\/p>\n<p><strong>Condivisione di informazioni con terze parti<\/strong><\/p>\n<p>Quando divulghiamo le tue informazioni personali a terzi, adottiamo misure ragionevoli per garantire che le regole stabilite nella presente Informativa sulla privacy siano rispettate e queste terze parti forniscano garanzie sufficienti per attuare misure tecniche e organizzative appropriate. Man mano che sviluppiamo la nostra attivit\u00e0, possiamo acquistare o vendere beni o offerte commerciali. Le informazioni su clienti, e-mail e visitatori sono generalmente una delle risorse aziendali trasferite in questi tipi di transazioni. Possiamo anche trasferire tali informazioni nel corso di cessioni aziendali, fusioni o qualsiasi scioglimento.   <\/p>\n<p><strong>Avviso di nuovi servizi e modifiche<\/strong><\/p>\n<p>Occasionalmente, potremmo anche utilizzare le informazioni che raccogliamo per informarti di importanti modifiche al nostro sito Web, nuovi servizi e offerte speciali che riteniamo possano essere utili. Ti sar\u00e0 data la possibilit\u00e0 di cancellarti dalla nostra newsletter in qualsiasi momento, se non desideri ricevere queste informazioni. <\/p>\n<p><strong>Alcune rivelazioni<\/strong><\/p>\n<p>Potremmo divulgare le tue informazioni personali se richiesto dalla legge o se riteniamo che tale azione sia necessaria (a) conformarsi alla legge o rispettare le procedure legali applicate a noi o ai partner; (b) proteggere e difendere i nostri diritti e propriet\u00e0, il nostro sito, gli utenti del nostro sito e\/o i nostri partner; (c) agire in circostanze per proteggere la sicurezza degli utenti del nostro sito, noi o i partner.   <\/p>\n<p><strong>Che dire di altri siti Web collegati al nostro sito Web?<\/strong><\/p>\n<p>Non siamo responsabili per le pratiche impiegate dai siti Web collegati o dal nostro sito Web n\u00e9 per le informazioni o i contenuti in essi contenuti. Spesso i collegamenti ad altri siti Web sono forniti esclusivamente come riferimenti a informazioni su argomenti che possono essere utili agli utenti del nostro sito Web. Ricorda che quando utilizzi un collegamento per passare dal nostro sito Web a un altro sito Web, la nostra Informativa sulla privacy non \u00e8 pi\u00f9 in vigore. La tua navigazione e interazione su qualsiasi altro sito Web, inclusi i siti Web che hanno un collegamento sul nostro sito Web, \u00e8 soggetta alle regole e alle politiche di quel sito Web. Per favore leggi le seguenti regole e condizioni prima di procedere.    <\/p>\n<p><strong>Il tuo consenso<\/strong><\/p>\n<p>Quando invii il tuo indirizzo e-mail, il tuo indirizzo IP viene salvato come forma di prova del contenuto per iscriverti alla nostra newsletter. Utilizzando il nostro sito Web acconsenti alla nostra raccolta e all\u2019utilizzo delle tue informazioni personali come descritto nella presente Informativa sulla privacy. Se cambiamo le nostre politiche e procedure sulla privacy, pubblicheremo tali modifiche sul nostro sito Web per tenerti informato su quali informazioni raccogliamo, come le utilizziamo e in quali circostanze potremmo divulgarle.  <\/p>\n<p><strong>Conservazione e sicurezza<\/strong><\/p>\n<p>Le tue informazioni personali possono essere archiviate ed elaborate in qualsiasi paese in cui disponiamo di strutture o in cui ci impegniamo con fornitori di servizi di terze parti. Utilizzando il sito Web, acconsenti al trasferimento di informazioni in paesi al di fuori del tuo paese di residenza, che potrebbero avere regole di protezione dei dati diverse rispetto al tuo paese. Sebbene tali informazioni siano al di fuori del Portogallo, sono soggette alle leggi del paese in cui sono detenute e possono essere soggette a divulgazione a governi, tribunali o forze dell\u2019ordine o agenzie di regolamentazione di tale altro paese, ai sensi delle leggi di tale paese. Tuttavia, le nostre pratiche relative alle informazioni personali dell\u2019utente continueranno in ogni momento ad essere regolate dalla presente Informativa sulla privacy e, se applicabile, rispetteremo i requisiti del Regolamento generale sulla protezione dei dati (\u201cGDPR\u201d) fornendo una protezione adeguata per il trasferimento di informazioni personali da l\u2019UE\/SEE verso un paese terzo.   <\/p>\n<p>Abbiamo implementato varie salvaguardie fisiche, amministrative e tecniche progettate per proteggere la riservatezza e la sicurezza delle Informazioni personali sotto il nostro controllo. Tuttavia, nessuna misura di sicurezza \u00e8 assoluta o totalmente garantita. <\/p>\n<p>Conserveremo le tue informazioni personali per tutto il tempo in cui esiste un\u2019esigenza aziendale o come richiesto dalle leggi, dai regolamenti o dagli ordini del governo applicabili.<\/p>\n<p><strong>Diritti<\/strong><\/p>\n<p>Su richiesta scritta e previa prova dell\u2019identit\u00e0, \u00e8 possibile accedere alle Informazioni personali in nostro possesso e chiedere che vengano apportate le eventuali correzioni necessarie, ove applicabile, come autorizzato o richiesto dalla legge. Tuttavia, per assicurarci che le informazioni personali che conserviamo su di te siano accurate e aggiornate, ti preghiamo di informarci immediatamente di qualsiasi modifica alle tue informazioni personali. <\/p>\n<p>Ai sensi del GDPR, potresti avere diritto a ulteriori diritti, tra cui: (i) il diritto di revocare il consenso al trattamento laddove il consenso sia alla base del trattamento; (ii) il diritto di accedere alle tue informazioni personali e ad alcune altre informazioni supplementari, a determinate condizioni; (iii) il diritto di opporsi al trattamento illecito dei dati, a determinate condizioni; (iv) il diritto alla cancellazione delle Informazioni personali su di te, a determinate condizioni; (v) il diritto di richiederci di limitare il trattamento delle tue informazioni personali, a determinate condizioni, se ritieni che abbiamo superato la base legittima per il trattamento, il trattamento non \u00e8 pi\u00f9 necessario, stai elaborando o ritieni che le tue informazioni personali siano inesatte; (vi) il diritto alla portabilit\u00e0 dei dati personali che ti riguardano che ci hai fornito in un formato strutturato, di uso comune e leggibile da dispositivo automatico, a determinate condizioni; (vii) il diritto di opporsi a decisioni prese con mezzi automatizzati che producano effetti giuridici che La riguardano o che incidano in modo analogo significativamente sulla Sua persona, a determinate condizioni; (viii) il diritto di proporre reclamo alle autorit\u00e0 per la protezione dei dati personali. Se vuoi saperne di pi\u00f9 sui tuoi diritti ai sensi del GDPR, puoi visitare la pagina della Commissione Europea sulla Protezione dei Dati all\u2019indirizzo: <a href=\"http:\/\/ec.europa.eu\/justice\/data-protection\/index_en.htm\" target=\"_blank\" rel=\"noopener\">http:\/\/ec.europa.eu\/justice\/data-protection\/index_en.htm<\/a>.         <\/p>\n<p><strong>Contatto<\/strong><\/p>\n<p>In caso di domande o commenti sulla presente Informativa sulla privacy o sulle tue informazioni personali, per effettuare una richiesta di accesso o correzione, per esercitare qualsiasi diritto applicabile, per presentare un reclamo o per ottenere informazioni sulle nostre politiche e pratiche rispetto a qualsiasi fornitore di servizi , il nostro Responsabile della protezione dei dati pu\u00f2 essere contattato via e-mail utilizzando le seguenti informazioni di contatto: <a href=\"mailto:dpo@noniussoftware.com\">dpo@noniussoftware.com<\/a>.<\/p>\n[\/vc_column_text][\/vc_column][\/vc_row]\n","protected":false},"excerpt":{"rendered":"<p>[vc_row type=&#8221;in_container&#8221; full_screen_row_position=&#8221;middle&#8221; column_margin=&#8221;default&#8221; column_direction=&#8221;default&#8221; column_direction_tablet=&#8221;default&#8221; column_direction_phone=&#8221;default&#8221; scene_position=&#8221;center&#8221; text_color=&#8221;dark&#8221; text_align=&#8221;left&#8221; row_border_radius=&#8221;none&#8221; row_border_radius_applies=&#8221;bg&#8221; overflow=&#8221;visible&#8221; overlay_strength=&#8221;0.3&#8243; gradient_direction=&#8221;left_to_right&#8221; shape_divider_position=&#8221;bottom&#8221; bg_image_animation=&#8221;none&#8221;][vc_column column_padding=&#8221;no-extra-padding&#8221; column_padding_tablet=&#8221;inherit&#8221; column_padding_phone=&#8221;inherit&#8221; column_padding_position=&#8221;all&#8221; column_element_direction_desktop=&#8221;default&#8221; column_element_spacing=&#8221;default&#8221; desktop_text_alignment=&#8221;default&#8221; tablet_text_alignment=&#8221;default&#8221; phone_text_alignment=&#8221;default&#8221; background_color_opacity=&#8221;1&#8243; background_hover_color_opacity=&#8221;1&#8243; column_backdrop_filter=&#8221;none&#8221; column_shadow=&#8221;none&#8221;&#8230;<\/p>\n","protected":false},"author":1,"featured_media":0,"parent":0,"menu_order":0,"comment_status":"closed","ping_status":"closed","template":"","meta":{"footnotes":"","_wp_rev_ctl_limit":""},"class_list":["post-62826","page","type-page","status-publish"],"yoast_head":"<!-- This site is optimized with the Yoast SEO plugin v27.3 - https:\/\/yoast.com\/product\/yoast-seo-wordpress\/ -->\n<title>Informativa sulla Privacy &#8211; Nonius<\/title>\n<meta name=\"robots\" content=\"index, follow, max-snippet:-1, max-image-preview:large, max-video-preview:-1\" \/>\n<link rel=\"canonical\" href=\"https:\/\/noniussolutions.com\/it\/informativa-sulla-privacy\/\" \/>\n<meta property=\"og:locale\" content=\"it_IT\" \/>\n<meta property=\"og:type\" content=\"article\" \/>\n<meta property=\"og:title\" content=\"Informativa sulla Privacy &#8211; Nonius\" \/>\n<meta property=\"og:description\" content=\"[vc_row type=&#8221;in_container&#8221; full_screen_row_position=&#8221;middle&#8221; column_margin=&#8221;default&#8221; column_direction=&#8221;default&#8221; column_direction_tablet=&#8221;default&#8221; column_direction_phone=&#8221;default&#8221; scene_position=&#8221;center&#8221; text_color=&#8221;dark&#8221; text_align=&#8221;left&#8221; row_border_radius=&#8221;none&#8221; row_border_radius_applies=&#8221;bg&#8221; overflow=&#8221;visible&#8221; overlay_strength=&#8221;0.3&#8243; gradient_direction=&#8221;left_to_right&#8221; shape_divider_position=&#8221;bottom&#8221; bg_image_animation=&#8221;none&#8221;][vc_column column_padding=&#8221;no-extra-padding&#8221; column_padding_tablet=&#8221;inherit&#8221; column_padding_phone=&#8221;inherit&#8221; column_padding_position=&#8221;all&#8221; column_element_direction_desktop=&#8221;default&#8221; column_element_spacing=&#8221;default&#8221; desktop_text_alignment=&#8221;default&#8221; tablet_text_alignment=&#8221;default&#8221; phone_text_alignment=&#8221;default&#8221; background_color_opacity=&#8221;1&#8243; background_hover_color_opacity=&#8221;1&#8243; column_backdrop_filter=&#8221;none&#8221; column_shadow=&#8221;none&#8221;...\" \/>\n<meta property=\"og:url\" content=\"https:\/\/noniussolutions.com\/it\/informativa-sulla-privacy\/\" \/>\n<meta property=\"og:site_name\" content=\"Nonius\" \/>\n<meta property=\"article:publisher\" content=\"https:\/\/www.facebook.com\/noniussoftware\/\" \/>\n<meta property=\"article:modified_time\" content=\"2026-03-16T16:51:44+00:00\" \/>\n<meta name=\"twitter:card\" content=\"summary_large_image\" \/>\n<meta name=\"twitter:label1\" content=\"Tempo di lettura stimato\" \/>\n\t<meta name=\"twitter:data1\" content=\"9 minuti\" \/>\n<script type=\"application\/ld+json\" class=\"yoast-schema-graph\">{\"@context\":\"https:\\\/\\\/schema.org\",\"@graph\":[{\"@type\":\"WebPage\",\"@id\":\"https:\\\/\\\/noniussolutions.com\\\/it\\\/informativa-sulla-privacy\\\/\",\"url\":\"https:\\\/\\\/noniussolutions.com\\\/it\\\/informativa-sulla-privacy\\\/\",\"name\":\"Informativa sulla Privacy &#8211; Nonius\",\"isPartOf\":{\"@id\":\"https:\\\/\\\/noniussolutions.com\\\/it\\\/#website\"},\"datePublished\":\"2025-05-19T08:41:14+00:00\",\"dateModified\":\"2026-03-16T16:51:44+00:00\",\"breadcrumb\":{\"@id\":\"https:\\\/\\\/noniussolutions.com\\\/it\\\/informativa-sulla-privacy\\\/#breadcrumb\"},\"inLanguage\":\"it-IT\",\"potentialAction\":[{\"@type\":\"ReadAction\",\"target\":[\"https:\\\/\\\/noniussolutions.com\\\/it\\\/informativa-sulla-privacy\\\/\"]}]},{\"@type\":\"BreadcrumbList\",\"@id\":\"https:\\\/\\\/noniussolutions.com\\\/it\\\/informativa-sulla-privacy\\\/#breadcrumb\",\"itemListElement\":[{\"@type\":\"ListItem\",\"position\":1,\"name\":\"Home\",\"item\":\"https:\\\/\\\/noniussolutions.com\\\/it\\\/\"},{\"@type\":\"ListItem\",\"position\":2,\"name\":\"Informativa sulla Privacy\"}]},{\"@type\":\"WebSite\",\"@id\":\"https:\\\/\\\/noniussolutions.com\\\/it\\\/#website\",\"url\":\"https:\\\/\\\/noniussolutions.com\\\/it\\\/\",\"name\":\"Nonius\",\"description\":\"Hospitality Technology\",\"publisher\":{\"@id\":\"https:\\\/\\\/noniussolutions.com\\\/it\\\/#organization\"},\"potentialAction\":[{\"@type\":\"SearchAction\",\"target\":{\"@type\":\"EntryPoint\",\"urlTemplate\":\"https:\\\/\\\/noniussolutions.com\\\/it\\\/?s={search_term_string}\"},\"query-input\":{\"@type\":\"PropertyValueSpecification\",\"valueRequired\":true,\"valueName\":\"search_term_string\"}}],\"inLanguage\":\"it-IT\"},{\"@type\":\"Organization\",\"@id\":\"https:\\\/\\\/noniussolutions.com\\\/it\\\/#organization\",\"name\":\"Nonius\",\"url\":\"https:\\\/\\\/noniussolutions.com\\\/it\\\/\",\"logo\":{\"@type\":\"ImageObject\",\"inLanguage\":\"it-IT\",\"@id\":\"https:\\\/\\\/noniussolutions.com\\\/it\\\/#\\\/schema\\\/logo\\\/image\\\/\",\"url\":\"https:\\\/\\\/noniussolutions.com\\\/wp-content\\\/uploads\\\/2025\\\/11\\\/logo-N.png\",\"contentUrl\":\"https:\\\/\\\/noniussolutions.com\\\/wp-content\\\/uploads\\\/2025\\\/11\\\/logo-N.png\",\"width\":500,\"height\":500,\"caption\":\"Nonius\"},\"image\":{\"@id\":\"https:\\\/\\\/noniussolutions.com\\\/it\\\/#\\\/schema\\\/logo\\\/image\\\/\"},\"sameAs\":[\"https:\\\/\\\/www.facebook.com\\\/noniussoftware\\\/\",\"https:\\\/\\\/www.linkedin.com\\\/company\\\/nonius\\\/\",\"https:\\\/\\\/www.youtube.com\\\/user\\\/NoniusSoft\",\"https:\\\/\\\/www.instagram.com\\\/noniussolutions\\\/\"]}]}<\/script>\n<!-- \/ Yoast SEO plugin. -->","yoast_head_json":{"title":"Informativa sulla Privacy &#8211; Nonius","robots":{"index":"index","follow":"follow","max-snippet":"max-snippet:-1","max-image-preview":"max-image-preview:large","max-video-preview":"max-video-preview:-1"},"canonical":"https:\/\/noniussolutions.com\/it\/informativa-sulla-privacy\/","og_locale":"it_IT","og_type":"article","og_title":"Informativa sulla Privacy &#8211; Nonius","og_description":"[vc_row type=&#8221;in_container&#8221; full_screen_row_position=&#8221;middle&#8221; column_margin=&#8221;default&#8221; column_direction=&#8221;default&#8221; column_direction_tablet=&#8221;default&#8221; column_direction_phone=&#8221;default&#8221; scene_position=&#8221;center&#8221; text_color=&#8221;dark&#8221; text_align=&#8221;left&#8221; row_border_radius=&#8221;none&#8221; row_border_radius_applies=&#8221;bg&#8221; overflow=&#8221;visible&#8221; overlay_strength=&#8221;0.3&#8243; gradient_direction=&#8221;left_to_right&#8221; shape_divider_position=&#8221;bottom&#8221; bg_image_animation=&#8221;none&#8221;][vc_column column_padding=&#8221;no-extra-padding&#8221; column_padding_tablet=&#8221;inherit&#8221; column_padding_phone=&#8221;inherit&#8221; column_padding_position=&#8221;all&#8221; column_element_direction_desktop=&#8221;default&#8221; column_element_spacing=&#8221;default&#8221; desktop_text_alignment=&#8221;default&#8221; tablet_text_alignment=&#8221;default&#8221; phone_text_alignment=&#8221;default&#8221; background_color_opacity=&#8221;1&#8243; background_hover_color_opacity=&#8221;1&#8243; column_backdrop_filter=&#8221;none&#8221; column_shadow=&#8221;none&#8221;...","og_url":"https:\/\/noniussolutions.com\/it\/informativa-sulla-privacy\/","og_site_name":"Nonius","article_publisher":"https:\/\/www.facebook.com\/noniussoftware\/","article_modified_time":"2026-03-16T16:51:44+00:00","twitter_card":"summary_large_image","twitter_misc":{"Tempo di lettura stimato":"9 minuti"},"schema":{"@context":"https:\/\/schema.org","@graph":[{"@type":"WebPage","@id":"https:\/\/noniussolutions.com\/it\/informativa-sulla-privacy\/","url":"https:\/\/noniussolutions.com\/it\/informativa-sulla-privacy\/","name":"Informativa sulla Privacy &#8211; Nonius","isPartOf":{"@id":"https:\/\/noniussolutions.com\/it\/#website"},"datePublished":"2025-05-19T08:41:14+00:00","dateModified":"2026-03-16T16:51:44+00:00","breadcrumb":{"@id":"https:\/\/noniussolutions.com\/it\/informativa-sulla-privacy\/#breadcrumb"},"inLanguage":"it-IT","potentialAction":[{"@type":"ReadAction","target":["https:\/\/noniussolutions.com\/it\/informativa-sulla-privacy\/"]}]},{"@type":"BreadcrumbList","@id":"https:\/\/noniussolutions.com\/it\/informativa-sulla-privacy\/#breadcrumb","itemListElement":[{"@type":"ListItem","position":1,"name":"Home","item":"https:\/\/noniussolutions.com\/it\/"},{"@type":"ListItem","position":2,"name":"Informativa sulla Privacy"}]},{"@type":"WebSite","@id":"https:\/\/noniussolutions.com\/it\/#website","url":"https:\/\/noniussolutions.com\/it\/","name":"Nonius","description":"Hospitality Technology","publisher":{"@id":"https:\/\/noniussolutions.com\/it\/#organization"},"potentialAction":[{"@type":"SearchAction","target":{"@type":"EntryPoint","urlTemplate":"https:\/\/noniussolutions.com\/it\/?s={search_term_string}"},"query-input":{"@type":"PropertyValueSpecification","valueRequired":true,"valueName":"search_term_string"}}],"inLanguage":"it-IT"},{"@type":"Organization","@id":"https:\/\/noniussolutions.com\/it\/#organization","name":"Nonius","url":"https:\/\/noniussolutions.com\/it\/","logo":{"@type":"ImageObject","inLanguage":"it-IT","@id":"https:\/\/noniussolutions.com\/it\/#\/schema\/logo\/image\/","url":"https:\/\/noniussolutions.com\/wp-content\/uploads\/2025\/11\/logo-N.png","contentUrl":"https:\/\/noniussolutions.com\/wp-content\/uploads\/2025\/11\/logo-N.png","width":500,"height":500,"caption":"Nonius"},"image":{"@id":"https:\/\/noniussolutions.com\/it\/#\/schema\/logo\/image\/"},"sameAs":["https:\/\/www.facebook.com\/noniussoftware\/","https:\/\/www.linkedin.com\/company\/nonius\/","https:\/\/www.youtube.com\/user\/NoniusSoft","https:\/\/www.instagram.com\/noniussolutions\/"]}]}},"_links":{"self":[{"href":"https:\/\/noniussolutions.com\/it\/wp-json\/wp\/v2\/pages\/62826","targetHints":{"allow":["GET"]}}],"collection":[{"href":"https:\/\/noniussolutions.com\/it\/wp-json\/wp\/v2\/pages"}],"about":[{"href":"https:\/\/noniussolutions.com\/it\/wp-json\/wp\/v2\/types\/page"}],"author":[{"embeddable":true,"href":"https:\/\/noniussolutions.com\/it\/wp-json\/wp\/v2\/users\/1"}],"replies":[{"embeddable":true,"href":"https:\/\/noniussolutions.com\/it\/wp-json\/wp\/v2\/comments?post=62826"}],"version-history":[{"count":0,"href":"https:\/\/noniussolutions.com\/it\/wp-json\/wp\/v2\/pages\/62826\/revisions"}],"wp:attachment":[{"href":"https:\/\/noniussolutions.com\/it\/wp-json\/wp\/v2\/media?parent=62826"}],"curies":[{"name":"wp","href":"https:\/\/api.w.org\/{rel}","templated":true}]}}