{"id":62811,"date":"2025-09-26T09:42:45","date_gmt":"2025-09-26T08:42:45","guid":{"rendered":"https:\/\/noniussolutions.com\/?page_id=62811"},"modified":"2026-03-16T16:54:08","modified_gmt":"2026-03-16T16:54:08","slug":"nonius-e-a-conformidade-com-o-rgpd","status":"publish","type":"page","link":"https:\/\/noniussolutions.com\/pt-pt\/nonius-e-a-conformidade-com-o-rgpd\/","title":{"rendered":"Nonius e a conformidade com o RGPD"},"content":{"rendered":"[vc_row type=&#8221;in_container&#8221; full_screen_row_position=&#8221;middle&#8221; column_margin=&#8221;default&#8221; column_direction=&#8221;default&#8221; column_direction_tablet=&#8221;default&#8221; column_direction_phone=&#8221;default&#8221; scene_position=&#8221;center&#8221; text_color=&#8221;dark&#8221; text_align=&#8221;left&#8221; row_border_radius=&#8221;none&#8221; row_border_radius_applies=&#8221;bg&#8221; overflow=&#8221;visible&#8221; overlay_strength=&#8221;0.3&#8243; gradient_direction=&#8221;left_to_right&#8221; shape_divider_position=&#8221;bottom&#8221; bg_image_animation=&#8221;none&#8221;][vc_column column_padding=&#8221;no-extra-padding&#8221; column_padding_tablet=&#8221;inherit&#8221; column_padding_phone=&#8221;inherit&#8221; column_padding_position=&#8221;all&#8221; column_element_direction_desktop=&#8221;default&#8221; column_element_spacing=&#8221;default&#8221; desktop_text_alignment=&#8221;default&#8221; tablet_text_alignment=&#8221;default&#8221; phone_text_alignment=&#8221;default&#8221; background_color_opacity=&#8221;1&#8243; background_hover_color_opacity=&#8221;1&#8243; column_backdrop_filter=&#8221;none&#8221; column_shadow=&#8221;none&#8221; column_border_radius=&#8221;none&#8221; column_link_target=&#8221;_self&#8221; column_position=&#8221;default&#8221; gradient_direction=&#8221;left_to_right&#8221; overlay_strength=&#8221;0.3&#8243; width=&#8221;1\/1&#8243; tablet_width_inherit=&#8221;default&#8221; animation_type=&#8221;default&#8221; bg_image_animation=&#8221;none&#8221; border_type=&#8221;simple&#8221; column_border_width=&#8221;none&#8221; column_border_style=&#8221;solid&#8221;][vc_column_text css=&#8221;&#8221; text_direction=&#8221;default&#8221;]\n<h1>Nonius e a conformidade com o RGPD<\/h1>\n<p>&nbsp;<\/p>\n<p>Nonius \u00e9 um integrador e fabricante de dispositivos de software e de rede para o mercado de hospitalidade e o tipo de produtos fornecidos pela Nonius processam e armazenam dados de muitos tipos. Os produtos da Nonius s\u00e3o <a href=\"https:\/\/ec.europa.eu\/info\/law\/law-topic\/data-protection\/reform\/rules-business-and-organisations\/obligations\/controller-processor\/what-data-controller-or-data-processor_en\" target=\"_blank\" rel=\"noopener\">processadores de dados<\/a>, e os clientes dos nossos produtos s\u00e3o <a href=\"https:\/\/ec.europa.eu\/info\/law\/law-topic\/data-protection\/reform\/rules-business-and-organisations\/obligations\/controller-processor\/what-data-controller-or-data-processor_en\" target=\"_blank\" rel=\"noopener\">controladores dos dados<\/a>. Os controladores podem decidir a quem dar acesso aos dados, mas \u00e9 inteiramente uma decis\u00e3o de nosso cliente, o propriet\u00e1rio do im\u00f3vel.  <\/p>\n<p>Dito isto, o compromisso Nonius para a protec\u00e7\u00e3o dos dados pessoais do usu\u00e1rio e o RGPD \u00e9:<\/p>\n<p><strong>1.<\/strong> A Nonius nunca partilhou e n\u00e3o vai compartilhar <a href=\"https:\/\/ec.europa.eu\/info\/law\/law-topic\/data-protection\/reform\/what-personal-data_en\" target=\"_blank\" rel=\"noopener\">informa\u00e7\u00f5es pessoais <\/a>processadas pelos produtos da Nonius. Apenas os clientes, as entidades que det\u00eam produtos Nonius na sua propriedade ou aqueles que utilizam servi\u00e7os de nuvem Nonius poder\u00e1 partilhar os dados pessoais recolhidos pelos produtos da Nonius. No entanto, a Nonius est\u00e1 ativamente ajudando seus clientes a alcan\u00e7ar o cumprimento do RGPD oferecendo aos clientes as ferramentas para implementar servi\u00e7os que s\u00e3o compat\u00edveis com RGPD. Os clientes da Nonius pode decidir o fazer com os dados usando as ferramentas fornecidas e dessa for alcan\u00e7ar compatibilidade.   <\/p>\n<p><strong>2.<\/strong> A Nonius usa alguns dados para melhorar a efici\u00eancia dos produtos e servi\u00e7os, e para oferecer melhor suporte aos clientes e usu\u00e1rios finais. Nonius faz a utiliza\u00e7\u00e3o desses dados no interesse leg\u00edtimo dos clientes e usu\u00e1rios finais. Os Agentes de call center da Nonius que apoiam e h\u00f3spedes e o hotel t\u00eam e ter\u00e3o, ocasionalmente, acesso a dados pessoais, tais como nome do cliente, com o \u00fanico prop\u00f3sito de ajudar a resolver problemas e melhorar a efici\u00eancia do processo de suporte.  <\/p>\n<p><strong>3.<\/strong> A Nonius limita a recolha e transfer\u00eancia de dados pessoais ao m\u00ednimo necess\u00e1rio para realizar tarefas de suporte e melhorar a efici\u00eancia do sistema. Mais especificamente, os <a href=\"https:\/\/ec.europa.eu\/info\/law\/law-topic\/data-protection\/reform\/what-personal-data_en\" target=\"_blank\" rel=\"noopener\">dados pessoais<\/a> do usu\u00e1rio s\u00e3o processados e armazenados em v\u00e1rios produtos Nonius para simplificar e melhorar a experi\u00eancia durante a sua estadia no hotel e os dados que normalmente s\u00e3o recolhidos s\u00e3o: n\u00famero do quarto, nome, e-mail, data entrada, as compras feitas na televis\u00e3o e na aplica\u00e7\u00e3o m\u00f3vel, endere\u00e7os \/ MAC e IP de dispositivos de usu\u00e1rios, etc. Nonius limita os dados que s\u00e3o processados aos dados que s\u00e3o <a href=\"https:\/\/ec.europa.eu\/info\/law\/law-topic\/data-protection\/reform\/rules-business-and-organisations\/principles-gdpr\/how-much-data-can-be-collected_en\" target=\"_blank\" rel=\"noopener\">essenciais e relevantes <\/a>para o processo de neg\u00f3cio. <\/p>\n<p><strong>4.<\/strong> A Nonius est\u00e1 constantemente desenvolvendo novos produtos e fazer aquisi\u00e7\u00f5es de empresas que trazem novos produtos e servi\u00e7os para a carteira do grupo. A Nonius vai dedicar esfor\u00e7os para implementar as mesmas regras se aplicam a todos os produtos e est\u00e1 empenhada em ser transparente para com os clientes e inform\u00e1-los sempre que alguns dos produtos e servi\u00e7os exigem um maior desenvolvimento para o uso seguro dos dados pessoais. <\/p>\n<p><strong>5.<\/strong> A Nonius adere \u00e0s exig\u00eancias do RGPD de comunicar <a href=\"https:\/\/ec.europa.eu\/info\/law\/law-topic\/data-protection\/reform\/rules-business-and-organisations\/obligations\/what-data-breach-and-what-do-we-have-do-case-data-breach_en\" target=\"_blank\" rel=\"noopener\">viola\u00e7\u00f5es de dados<\/a>, aos clientes afetados e aos usu\u00e1rios finais, em tempo \u00fatil. Tanto para os produtos instalados no local como produtos baseados em nuvem est\u00e3o expostos a amea\u00e7as e podem ser comprometidos, especialmente sistemas que est\u00e3o expostos \u00e0 Internet, que \u00e9 a maioria dos produtos Nonius. A Nonius testa periodicamente todos os servidores de instala\u00e7\u00e3o local e de nuvem de forma a detectar suas vulnerabilidades de seguran\u00e7a e a fim de evitar viola\u00e7\u00f5es de seguran\u00e7a.  <\/p>\n<p><strong>6.<\/strong> A Nonius mant\u00e9m os dados de residentes da UE armazenados no EEE (Espa\u00e7o Econ\u00f3mico Europeu). A Nonius oferece produtos que s\u00e3o para uso no local e alguns tamb\u00e9m s\u00e3o baseados na nuvem. Os produtos Nonius que s\u00e3o baseados na nuvem foram constru\u00eddos com a protec\u00e7\u00e3o de dados em mente e sua arquitetura limita a transfer\u00eancia de dados pessoais entre qualquer dispositivo cliente e a nuvem \u00e0 quantidade m\u00ednima necess\u00e1ria. Os Nonius produtos cloud baseada, servindo as propriedades na Europa, est\u00e1 configurado para operar nos servidores baseados no EEE.   <\/p>\n<p><strong>7.<\/strong> A Nonius garante que mesmo os dados de configura\u00e7\u00e3o rede e backups s\u00e3o <a href=\"https:\/\/ec.europa.eu\/info\/law\/law-topic\/data-protection\/data-transfers-outside-eu\/rules-international-transfers-personal-data_en\" target=\"_blank\" rel=\"noopener\">armazenados apenas no EEE<\/a>. Os servidores da Nonius s\u00e3o organizadas em grupos regionais de armazenamento garantindo a m\u00e1xima confiabilidade e os servidores de backup e recupera\u00e7\u00e3o em desastre est\u00e3o no EEE. <\/p>\n<p><strong>8.<\/strong> A Nonius, que vende para clientes em todo o mundo, vai trabalhar activamente para usar o RGPD como base para a protec\u00e7\u00e3o de dados para todas as pessoas em todo o mundo e n\u00e3o apenas para os residentes europeus.<\/p>\n<p>A Nonius compromete-se ser totalmente compat\u00edvel com <a href=\"https:\/\/ec.europa.eu\/info\/law\/law-topic\/data-protection_en\" target=\"_blank\" rel=\"noopener\">RGPD<\/a>. Isso inclui n\u00e3o apenas o cumprimento relativo aos pr\u00f3prios produtos, mas tamb\u00e9m o cumprimento na empresa como um todo. A Nonius j\u00e1 tinha implementado um n\u00edvel consistente de prote\u00e7\u00e3o de dados e seguran\u00e7a nos produtos mas ir\u00e1 melhorar tanto os produtos como os processos internos para o cumprimento dos requisitos RGPD.  <\/p>\n<p>Para quaisquer quest\u00f5es relacionadas com o RGPD por favor entre em contato com DPO da Nonius (Data Protection Officer) atrav\u00e9s de <a href=\"mailto:dpo@noniussoftware.com\">dpo@noniussoftware.com<\/a>.[\/vc_column_text][\/vc_column][\/vc_row]\n","protected":false},"excerpt":{"rendered":"<p>[vc_row type=&#8221;in_container&#8221; full_screen_row_position=&#8221;middle&#8221; column_margin=&#8221;default&#8221; column_direction=&#8221;default&#8221; column_direction_tablet=&#8221;default&#8221; column_direction_phone=&#8221;default&#8221; scene_position=&#8221;center&#8221; text_color=&#8221;dark&#8221; text_align=&#8221;left&#8221; row_border_radius=&#8221;none&#8221; row_border_radius_applies=&#8221;bg&#8221; overflow=&#8221;visible&#8221; overlay_strength=&#8221;0.3&#8243; gradient_direction=&#8221;left_to_right&#8221; shape_divider_position=&#8221;bottom&#8221; bg_image_animation=&#8221;none&#8221;][vc_column column_padding=&#8221;no-extra-padding&#8221; column_padding_tablet=&#8221;inherit&#8221; column_padding_phone=&#8221;inherit&#8221; column_padding_position=&#8221;all&#8221; column_element_direction_desktop=&#8221;default&#8221; column_element_spacing=&#8221;default&#8221; desktop_text_alignment=&#8221;default&#8221; tablet_text_alignment=&#8221;default&#8221; phone_text_alignment=&#8221;default&#8221; background_color_opacity=&#8221;1&#8243; background_hover_color_opacity=&#8221;1&#8243; column_backdrop_filter=&#8221;none&#8221; column_shadow=&#8221;none&#8221;&#8230;<\/p>\n","protected":false},"author":1,"featured_media":0,"parent":0,"menu_order":0,"comment_status":"closed","ping_status":"closed","template":"","meta":{"footnotes":"","_wp_rev_ctl_limit":""},"class_list":["post-62811","page","type-page","status-publish"],"yoast_head":"<!-- This site is optimized with the Yoast SEO plugin v27.3 - https:\/\/yoast.com\/product\/yoast-seo-wordpress\/ -->\n<title>Nonius e a conformidade com o RGPD &#8211; Nonius<\/title>\n<meta name=\"robots\" content=\"index, follow, max-snippet:-1, max-image-preview:large, max-video-preview:-1\" \/>\n<link rel=\"canonical\" href=\"https:\/\/noniussolutions.com\/pt-pt\/nonius-e-a-conformidade-com-o-rgpd\/\" \/>\n<meta property=\"og:locale\" content=\"pt_PT\" \/>\n<meta property=\"og:type\" content=\"article\" \/>\n<meta property=\"og:title\" content=\"Nonius e a conformidade com o RGPD &#8211; Nonius\" \/>\n<meta property=\"og:description\" content=\"[vc_row type=&#8221;in_container&#8221; full_screen_row_position=&#8221;middle&#8221; column_margin=&#8221;default&#8221; column_direction=&#8221;default&#8221; column_direction_tablet=&#8221;default&#8221; column_direction_phone=&#8221;default&#8221; scene_position=&#8221;center&#8221; text_color=&#8221;dark&#8221; text_align=&#8221;left&#8221; row_border_radius=&#8221;none&#8221; row_border_radius_applies=&#8221;bg&#8221; overflow=&#8221;visible&#8221; overlay_strength=&#8221;0.3&#8243; gradient_direction=&#8221;left_to_right&#8221; shape_divider_position=&#8221;bottom&#8221; bg_image_animation=&#8221;none&#8221;][vc_column column_padding=&#8221;no-extra-padding&#8221; column_padding_tablet=&#8221;inherit&#8221; column_padding_phone=&#8221;inherit&#8221; column_padding_position=&#8221;all&#8221; column_element_direction_desktop=&#8221;default&#8221; column_element_spacing=&#8221;default&#8221; desktop_text_alignment=&#8221;default&#8221; tablet_text_alignment=&#8221;default&#8221; phone_text_alignment=&#8221;default&#8221; background_color_opacity=&#8221;1&#8243; background_hover_color_opacity=&#8221;1&#8243; column_backdrop_filter=&#8221;none&#8221; column_shadow=&#8221;none&#8221;...\" \/>\n<meta property=\"og:url\" content=\"https:\/\/noniussolutions.com\/pt-pt\/nonius-e-a-conformidade-com-o-rgpd\/\" \/>\n<meta property=\"og:site_name\" content=\"Nonius\" \/>\n<meta property=\"article:publisher\" content=\"https:\/\/www.facebook.com\/noniussoftware\/\" \/>\n<meta property=\"article:modified_time\" content=\"2026-03-16T16:54:08+00:00\" \/>\n<meta name=\"twitter:card\" content=\"summary_large_image\" \/>\n<meta name=\"twitter:label1\" content=\"Tempo estimado de leitura\" \/>\n\t<meta name=\"twitter:data1\" content=\"5 minutos\" \/>\n<script type=\"application\/ld+json\" class=\"yoast-schema-graph\">{\"@context\":\"https:\\\/\\\/schema.org\",\"@graph\":[{\"@type\":\"WebPage\",\"@id\":\"https:\\\/\\\/noniussolutions.com\\\/pt-pt\\\/nonius-e-a-conformidade-com-o-rgpd\\\/\",\"url\":\"https:\\\/\\\/noniussolutions.com\\\/pt-pt\\\/nonius-e-a-conformidade-com-o-rgpd\\\/\",\"name\":\"Nonius e a conformidade com o RGPD &#8211; Nonius\",\"isPartOf\":{\"@id\":\"https:\\\/\\\/noniussolutions.com\\\/pt-pt\\\/#website\"},\"datePublished\":\"2025-09-26T08:42:45+00:00\",\"dateModified\":\"2026-03-16T16:54:08+00:00\",\"breadcrumb\":{\"@id\":\"https:\\\/\\\/noniussolutions.com\\\/pt-pt\\\/nonius-e-a-conformidade-com-o-rgpd\\\/#breadcrumb\"},\"inLanguage\":\"pt-PT\",\"potentialAction\":[{\"@type\":\"ReadAction\",\"target\":[\"https:\\\/\\\/noniussolutions.com\\\/pt-pt\\\/nonius-e-a-conformidade-com-o-rgpd\\\/\"]}]},{\"@type\":\"BreadcrumbList\",\"@id\":\"https:\\\/\\\/noniussolutions.com\\\/pt-pt\\\/nonius-e-a-conformidade-com-o-rgpd\\\/#breadcrumb\",\"itemListElement\":[{\"@type\":\"ListItem\",\"position\":1,\"name\":\"Home\",\"item\":\"https:\\\/\\\/noniussolutions.com\\\/pt-pt\\\/\"},{\"@type\":\"ListItem\",\"position\":2,\"name\":\"Nonius e a conformidade com o RGPD\"}]},{\"@type\":\"WebSite\",\"@id\":\"https:\\\/\\\/noniussolutions.com\\\/pt-pt\\\/#website\",\"url\":\"https:\\\/\\\/noniussolutions.com\\\/pt-pt\\\/\",\"name\":\"Nonius\",\"description\":\"Hospitality Technology\",\"publisher\":{\"@id\":\"https:\\\/\\\/noniussolutions.com\\\/pt-pt\\\/#organization\"},\"potentialAction\":[{\"@type\":\"SearchAction\",\"target\":{\"@type\":\"EntryPoint\",\"urlTemplate\":\"https:\\\/\\\/noniussolutions.com\\\/pt-pt\\\/?s={search_term_string}\"},\"query-input\":{\"@type\":\"PropertyValueSpecification\",\"valueRequired\":true,\"valueName\":\"search_term_string\"}}],\"inLanguage\":\"pt-PT\"},{\"@type\":\"Organization\",\"@id\":\"https:\\\/\\\/noniussolutions.com\\\/pt-pt\\\/#organization\",\"name\":\"Nonius\",\"url\":\"https:\\\/\\\/noniussolutions.com\\\/pt-pt\\\/\",\"logo\":{\"@type\":\"ImageObject\",\"inLanguage\":\"pt-PT\",\"@id\":\"https:\\\/\\\/noniussolutions.com\\\/pt-pt\\\/#\\\/schema\\\/logo\\\/image\\\/\",\"url\":\"https:\\\/\\\/noniussolutions.com\\\/wp-content\\\/uploads\\\/2025\\\/11\\\/logo-N.png\",\"contentUrl\":\"https:\\\/\\\/noniussolutions.com\\\/wp-content\\\/uploads\\\/2025\\\/11\\\/logo-N.png\",\"width\":500,\"height\":500,\"caption\":\"Nonius\"},\"image\":{\"@id\":\"https:\\\/\\\/noniussolutions.com\\\/pt-pt\\\/#\\\/schema\\\/logo\\\/image\\\/\"},\"sameAs\":[\"https:\\\/\\\/www.facebook.com\\\/noniussoftware\\\/\",\"https:\\\/\\\/www.linkedin.com\\\/company\\\/nonius\\\/\",\"https:\\\/\\\/www.youtube.com\\\/user\\\/NoniusSoft\",\"https:\\\/\\\/www.instagram.com\\\/noniussolutions\\\/\"]}]}<\/script>\n<!-- \/ Yoast SEO plugin. -->","yoast_head_json":{"title":"Nonius e a conformidade com o RGPD &#8211; Nonius","robots":{"index":"index","follow":"follow","max-snippet":"max-snippet:-1","max-image-preview":"max-image-preview:large","max-video-preview":"max-video-preview:-1"},"canonical":"https:\/\/noniussolutions.com\/pt-pt\/nonius-e-a-conformidade-com-o-rgpd\/","og_locale":"pt_PT","og_type":"article","og_title":"Nonius e a conformidade com o RGPD &#8211; Nonius","og_description":"[vc_row type=&#8221;in_container&#8221; full_screen_row_position=&#8221;middle&#8221; column_margin=&#8221;default&#8221; column_direction=&#8221;default&#8221; column_direction_tablet=&#8221;default&#8221; column_direction_phone=&#8221;default&#8221; scene_position=&#8221;center&#8221; text_color=&#8221;dark&#8221; text_align=&#8221;left&#8221; row_border_radius=&#8221;none&#8221; row_border_radius_applies=&#8221;bg&#8221; overflow=&#8221;visible&#8221; overlay_strength=&#8221;0.3&#8243; gradient_direction=&#8221;left_to_right&#8221; shape_divider_position=&#8221;bottom&#8221; bg_image_animation=&#8221;none&#8221;][vc_column column_padding=&#8221;no-extra-padding&#8221; column_padding_tablet=&#8221;inherit&#8221; column_padding_phone=&#8221;inherit&#8221; column_padding_position=&#8221;all&#8221; column_element_direction_desktop=&#8221;default&#8221; column_element_spacing=&#8221;default&#8221; desktop_text_alignment=&#8221;default&#8221; tablet_text_alignment=&#8221;default&#8221; phone_text_alignment=&#8221;default&#8221; background_color_opacity=&#8221;1&#8243; background_hover_color_opacity=&#8221;1&#8243; column_backdrop_filter=&#8221;none&#8221; column_shadow=&#8221;none&#8221;...","og_url":"https:\/\/noniussolutions.com\/pt-pt\/nonius-e-a-conformidade-com-o-rgpd\/","og_site_name":"Nonius","article_publisher":"https:\/\/www.facebook.com\/noniussoftware\/","article_modified_time":"2026-03-16T16:54:08+00:00","twitter_card":"summary_large_image","twitter_misc":{"Tempo estimado de leitura":"5 minutos"},"schema":{"@context":"https:\/\/schema.org","@graph":[{"@type":"WebPage","@id":"https:\/\/noniussolutions.com\/pt-pt\/nonius-e-a-conformidade-com-o-rgpd\/","url":"https:\/\/noniussolutions.com\/pt-pt\/nonius-e-a-conformidade-com-o-rgpd\/","name":"Nonius e a conformidade com o RGPD &#8211; Nonius","isPartOf":{"@id":"https:\/\/noniussolutions.com\/pt-pt\/#website"},"datePublished":"2025-09-26T08:42:45+00:00","dateModified":"2026-03-16T16:54:08+00:00","breadcrumb":{"@id":"https:\/\/noniussolutions.com\/pt-pt\/nonius-e-a-conformidade-com-o-rgpd\/#breadcrumb"},"inLanguage":"pt-PT","potentialAction":[{"@type":"ReadAction","target":["https:\/\/noniussolutions.com\/pt-pt\/nonius-e-a-conformidade-com-o-rgpd\/"]}]},{"@type":"BreadcrumbList","@id":"https:\/\/noniussolutions.com\/pt-pt\/nonius-e-a-conformidade-com-o-rgpd\/#breadcrumb","itemListElement":[{"@type":"ListItem","position":1,"name":"Home","item":"https:\/\/noniussolutions.com\/pt-pt\/"},{"@type":"ListItem","position":2,"name":"Nonius e a conformidade com o RGPD"}]},{"@type":"WebSite","@id":"https:\/\/noniussolutions.com\/pt-pt\/#website","url":"https:\/\/noniussolutions.com\/pt-pt\/","name":"Nonius","description":"Hospitality Technology","publisher":{"@id":"https:\/\/noniussolutions.com\/pt-pt\/#organization"},"potentialAction":[{"@type":"SearchAction","target":{"@type":"EntryPoint","urlTemplate":"https:\/\/noniussolutions.com\/pt-pt\/?s={search_term_string}"},"query-input":{"@type":"PropertyValueSpecification","valueRequired":true,"valueName":"search_term_string"}}],"inLanguage":"pt-PT"},{"@type":"Organization","@id":"https:\/\/noniussolutions.com\/pt-pt\/#organization","name":"Nonius","url":"https:\/\/noniussolutions.com\/pt-pt\/","logo":{"@type":"ImageObject","inLanguage":"pt-PT","@id":"https:\/\/noniussolutions.com\/pt-pt\/#\/schema\/logo\/image\/","url":"https:\/\/noniussolutions.com\/wp-content\/uploads\/2025\/11\/logo-N.png","contentUrl":"https:\/\/noniussolutions.com\/wp-content\/uploads\/2025\/11\/logo-N.png","width":500,"height":500,"caption":"Nonius"},"image":{"@id":"https:\/\/noniussolutions.com\/pt-pt\/#\/schema\/logo\/image\/"},"sameAs":["https:\/\/www.facebook.com\/noniussoftware\/","https:\/\/www.linkedin.com\/company\/nonius\/","https:\/\/www.youtube.com\/user\/NoniusSoft","https:\/\/www.instagram.com\/noniussolutions\/"]}]}},"_links":{"self":[{"href":"https:\/\/noniussolutions.com\/pt-pt\/wp-json\/wp\/v2\/pages\/62811","targetHints":{"allow":["GET"]}}],"collection":[{"href":"https:\/\/noniussolutions.com\/pt-pt\/wp-json\/wp\/v2\/pages"}],"about":[{"href":"https:\/\/noniussolutions.com\/pt-pt\/wp-json\/wp\/v2\/types\/page"}],"author":[{"embeddable":true,"href":"https:\/\/noniussolutions.com\/pt-pt\/wp-json\/wp\/v2\/users\/1"}],"replies":[{"embeddable":true,"href":"https:\/\/noniussolutions.com\/pt-pt\/wp-json\/wp\/v2\/comments?post=62811"}],"version-history":[{"count":0,"href":"https:\/\/noniussolutions.com\/pt-pt\/wp-json\/wp\/v2\/pages\/62811\/revisions"}],"wp:attachment":[{"href":"https:\/\/noniussolutions.com\/pt-pt\/wp-json\/wp\/v2\/media?parent=62811"}],"curies":[{"name":"wp","href":"https:\/\/api.w.org\/{rel}","templated":true}]}}