{"id":62856,"date":"2025-09-24T11:27:02","date_gmt":"2025-09-24T10:27:02","guid":{"rendered":"https:\/\/noniussolutions.com\/?page_id=62856"},"modified":"2026-03-16T16:53:35","modified_gmt":"2026-03-16T16:53:35","slug":"termo-de-responsabilidade","status":"publish","type":"page","link":"https:\/\/noniussolutions.com\/pt-pt\/termo-de-responsabilidade\/","title":{"rendered":"Termo de Responsabilidade"},"content":{"rendered":"[vc_row type=&#8221;in_container&#8221; full_screen_row_position=&#8221;middle&#8221; column_margin=&#8221;default&#8221; column_direction=&#8221;default&#8221; column_direction_tablet=&#8221;default&#8221; column_direction_phone=&#8221;default&#8221; scene_position=&#8221;center&#8221; text_color=&#8221;dark&#8221; text_align=&#8221;left&#8221; row_border_radius=&#8221;none&#8221; row_border_radius_applies=&#8221;bg&#8221; overflow=&#8221;visible&#8221; overlay_strength=&#8221;0.3&#8243; gradient_direction=&#8221;left_to_right&#8221; shape_divider_position=&#8221;bottom&#8221; bg_image_animation=&#8221;none&#8221;][vc_column column_padding=&#8221;no-extra-padding&#8221; column_padding_tablet=&#8221;inherit&#8221; column_padding_phone=&#8221;inherit&#8221; column_padding_position=&#8221;all&#8221; column_element_direction_desktop=&#8221;default&#8221; column_element_spacing=&#8221;default&#8221; desktop_text_alignment=&#8221;default&#8221; tablet_text_alignment=&#8221;default&#8221; phone_text_alignment=&#8221;default&#8221; background_color_opacity=&#8221;1&#8243; background_hover_color_opacity=&#8221;1&#8243; column_backdrop_filter=&#8221;none&#8221; column_shadow=&#8221;none&#8221; column_border_radius=&#8221;none&#8221; column_link_target=&#8221;_self&#8221; column_position=&#8221;default&#8221; gradient_direction=&#8221;left_to_right&#8221; overlay_strength=&#8221;0.3&#8243; width=&#8221;1\/1&#8243; tablet_width_inherit=&#8221;default&#8221; animation_type=&#8221;default&#8221; bg_image_animation=&#8221;none&#8221; border_type=&#8221;simple&#8221; column_border_width=&#8221;none&#8221; column_border_style=&#8221;solid&#8221;][vc_column_text css=&#8221;&#8221; text_direction=&#8221;default&#8221;]\n<h1>Termo de Responsabilidade<\/h1>\n<p>&nbsp;<\/p>\n<p>O conte\u00fado integral deste site, incluindo textos, gr\u00e1ficos, imagens e quaisquer outras informa\u00e7\u00f5es, \u00e9 propriedade da Nonius Software, que det\u00e9m todos os direitos sobre o mesmo, com exce\u00e7\u00e3o dos conte\u00fados fornecidos por terceiros com autoriza\u00e7\u00e3o de publicar os quais se encontram claramente identificados como tal.<\/p>\n<p>A Nonius Software n\u00e3o \u00e9 respons\u00e1vel pelos conte\u00fados de qualquer site indicado atrav\u00e9s de uma liga\u00e7\u00e3o. As liga\u00e7\u00f5es de hipertexto aqui apresentadas destinam-se apenas a ser \u00fateis e a inclus\u00e3o de qualquer liga\u00e7\u00e3o n\u00e3o implica o aval do site referido. <\/p>\n<p>A prote\u00e7\u00e3o dos direitos de autor dos conte\u00fados da Nonius Software estende-se a todas as reprodu\u00e7\u00f5es ou c\u00f3pias obtidas a partir do conte\u00fado deste site. O design e o conceito do site \u00e9 tamb\u00e9m propriedade da Nonius Software. <\/p>\n<p>O utilizador est\u00e1 autorizado a fazer uso dos conte\u00fados apenas para fins estritamente pessoais, sendo-lhe expressamente proibido, publicar, reproduzir, difundir, distribuir ou, por qualquer outra forma, tornar os conte\u00fados acess\u00edveis a terceiros, para fins de comunica\u00e7\u00e3o p\u00fablica ou de comercializa\u00e7\u00e3o, nomeadamente colocando-o dispon\u00edvel em qualquer outro servi\u00e7o online ou em c\u00f3pias de papel. O utilizador n\u00e3o est\u00e1 autorizado a proceder a qualquer transforma\u00e7\u00e3o dos conte\u00fados.<br \/>Excetuam-se a esta interdi\u00e7\u00e3o os usos livres autorizados por lei, nomeadamente o direito de cita\u00e7\u00e3o, desde que claramente identificada a origem.  <\/p>\n<p>A usurpa\u00e7\u00e3o, contrafa\u00e7\u00e3o, aproveitamento do conte\u00fado usurpado ou contrafeito, a identifica\u00e7\u00e3o ileg\u00edtima e a concorr\u00eancia desleal s\u00e3o criminalmente pun\u00edveis.<br \/>\u00c9 tamb\u00e9m expressamente proibido ao utilizador criar ou introduzir neste site quaisquer tipos de v\u00edrus ou programas que o danifiquem ou contaminem ou aconselhar terceiros a faz\u00ea-lo. <\/p>\n<p>O nosso site pode conter links para sites de terceiros. A Nonius Software n\u00e3o ser\u00e1 respons\u00e1vel pela coleta, uso, manuten\u00e7\u00e3o, compartilhamento nem divulga\u00e7\u00e3o de dados e informa\u00e7\u00f5es por esses terceiros.<br \/>Se fornecer informa\u00e7\u00f5es em sites de terceiros, a pol\u00edtica de privacidade e os termos de servi\u00e7o desses sites ser\u00e3o aplic\u00e1veis. Recomenda-se ler as pol\u00edticas de privacidade dos sites visitados antes de enviar informa\u00e7\u00f5es pessoais.  <\/p>\n<p>O conte\u00fado deste site tem apenas fins informativos. O conte\u00fado deste site n\u00e3o estabelece qualquer rela\u00e7\u00e3o contratual.<br \/>A Nonius Software n\u00e3o \u00e9 respons\u00e1vel por quaisquer perdas ou danos, diretos ou indiretos, sofridos por qualquer utilizador, relativamente \u00e0 informa\u00e7\u00e3o contida neste site.<br \/>A Nonius Software n\u00e3o garante que os servi\u00e7os prestados por este site funcionem ininterruptamente ou que se encontrem livres de erros, v\u00edrus ou outros elementos prejudiciais.   <\/p>\n<p>Ao continuar a utilizar este site, o utilizador est\u00e1 a aceitar expressamente os termos e condi\u00e7\u00f5es acima descritas.[\/vc_column_text][\/vc_column][\/vc_row]\n","protected":false},"excerpt":{"rendered":"<p>[vc_row type=&#8221;in_container&#8221; full_screen_row_position=&#8221;middle&#8221; column_margin=&#8221;default&#8221; column_direction=&#8221;default&#8221; column_direction_tablet=&#8221;default&#8221; column_direction_phone=&#8221;default&#8221; scene_position=&#8221;center&#8221; text_color=&#8221;dark&#8221; text_align=&#8221;left&#8221; row_border_radius=&#8221;none&#8221; row_border_radius_applies=&#8221;bg&#8221; overflow=&#8221;visible&#8221; overlay_strength=&#8221;0.3&#8243; gradient_direction=&#8221;left_to_right&#8221; shape_divider_position=&#8221;bottom&#8221; bg_image_animation=&#8221;none&#8221;][vc_column column_padding=&#8221;no-extra-padding&#8221; column_padding_tablet=&#8221;inherit&#8221; column_padding_phone=&#8221;inherit&#8221; column_padding_position=&#8221;all&#8221; column_element_direction_desktop=&#8221;default&#8221; column_element_spacing=&#8221;default&#8221; desktop_text_alignment=&#8221;default&#8221; tablet_text_alignment=&#8221;default&#8221; phone_text_alignment=&#8221;default&#8221; background_color_opacity=&#8221;1&#8243; background_hover_color_opacity=&#8221;1&#8243; column_backdrop_filter=&#8221;none&#8221; column_shadow=&#8221;none&#8221;&#8230;<\/p>\n","protected":false},"author":1,"featured_media":0,"parent":0,"menu_order":0,"comment_status":"closed","ping_status":"closed","template":"","meta":{"footnotes":"","_wp_rev_ctl_limit":""},"class_list":["post-62856","page","type-page","status-publish"],"yoast_head":"<!-- This site is optimized with the Yoast SEO plugin v27.3 - https:\/\/yoast.com\/product\/yoast-seo-wordpress\/ -->\n<title>Termo de Responsabilidade &#8211; Nonius<\/title>\n<meta name=\"robots\" content=\"index, follow, max-snippet:-1, max-image-preview:large, max-video-preview:-1\" \/>\n<link rel=\"canonical\" href=\"https:\/\/noniussolutions.com\/pt-pt\/termo-de-responsabilidade\/\" \/>\n<meta property=\"og:locale\" content=\"pt_PT\" \/>\n<meta property=\"og:type\" content=\"article\" \/>\n<meta property=\"og:title\" content=\"Termo de Responsabilidade &#8211; Nonius\" \/>\n<meta property=\"og:description\" content=\"[vc_row type=&#8221;in_container&#8221; full_screen_row_position=&#8221;middle&#8221; column_margin=&#8221;default&#8221; column_direction=&#8221;default&#8221; column_direction_tablet=&#8221;default&#8221; column_direction_phone=&#8221;default&#8221; scene_position=&#8221;center&#8221; text_color=&#8221;dark&#8221; text_align=&#8221;left&#8221; row_border_radius=&#8221;none&#8221; row_border_radius_applies=&#8221;bg&#8221; overflow=&#8221;visible&#8221; overlay_strength=&#8221;0.3&#8243; gradient_direction=&#8221;left_to_right&#8221; shape_divider_position=&#8221;bottom&#8221; bg_image_animation=&#8221;none&#8221;][vc_column column_padding=&#8221;no-extra-padding&#8221; column_padding_tablet=&#8221;inherit&#8221; column_padding_phone=&#8221;inherit&#8221; column_padding_position=&#8221;all&#8221; column_element_direction_desktop=&#8221;default&#8221; column_element_spacing=&#8221;default&#8221; desktop_text_alignment=&#8221;default&#8221; tablet_text_alignment=&#8221;default&#8221; phone_text_alignment=&#8221;default&#8221; background_color_opacity=&#8221;1&#8243; background_hover_color_opacity=&#8221;1&#8243; column_backdrop_filter=&#8221;none&#8221; column_shadow=&#8221;none&#8221;...\" \/>\n<meta property=\"og:url\" content=\"https:\/\/noniussolutions.com\/pt-pt\/termo-de-responsabilidade\/\" \/>\n<meta property=\"og:site_name\" content=\"Nonius\" \/>\n<meta property=\"article:publisher\" content=\"https:\/\/www.facebook.com\/noniussoftware\/\" \/>\n<meta property=\"article:modified_time\" content=\"2026-03-16T16:53:35+00:00\" \/>\n<meta name=\"twitter:card\" content=\"summary_large_image\" \/>\n<meta name=\"twitter:label1\" content=\"Tempo estimado de leitura\" \/>\n\t<meta name=\"twitter:data1\" content=\"3 minutos\" \/>\n<script type=\"application\/ld+json\" class=\"yoast-schema-graph\">{\"@context\":\"https:\\\/\\\/schema.org\",\"@graph\":[{\"@type\":\"WebPage\",\"@id\":\"https:\\\/\\\/noniussolutions.com\\\/pt-pt\\\/termo-de-responsabilidade\\\/\",\"url\":\"https:\\\/\\\/noniussolutions.com\\\/pt-pt\\\/termo-de-responsabilidade\\\/\",\"name\":\"Termo de Responsabilidade &#8211; Nonius\",\"isPartOf\":{\"@id\":\"https:\\\/\\\/noniussolutions.com\\\/pt-pt\\\/#website\"},\"datePublished\":\"2025-09-24T10:27:02+00:00\",\"dateModified\":\"2026-03-16T16:53:35+00:00\",\"breadcrumb\":{\"@id\":\"https:\\\/\\\/noniussolutions.com\\\/pt-pt\\\/termo-de-responsabilidade\\\/#breadcrumb\"},\"inLanguage\":\"pt-PT\",\"potentialAction\":[{\"@type\":\"ReadAction\",\"target\":[\"https:\\\/\\\/noniussolutions.com\\\/pt-pt\\\/termo-de-responsabilidade\\\/\"]}]},{\"@type\":\"BreadcrumbList\",\"@id\":\"https:\\\/\\\/noniussolutions.com\\\/pt-pt\\\/termo-de-responsabilidade\\\/#breadcrumb\",\"itemListElement\":[{\"@type\":\"ListItem\",\"position\":1,\"name\":\"Home\",\"item\":\"https:\\\/\\\/noniussolutions.com\\\/pt-pt\\\/\"},{\"@type\":\"ListItem\",\"position\":2,\"name\":\"Termo de Responsabilidade\"}]},{\"@type\":\"WebSite\",\"@id\":\"https:\\\/\\\/noniussolutions.com\\\/pt-pt\\\/#website\",\"url\":\"https:\\\/\\\/noniussolutions.com\\\/pt-pt\\\/\",\"name\":\"Nonius\",\"description\":\"Hospitality Technology\",\"publisher\":{\"@id\":\"https:\\\/\\\/noniussolutions.com\\\/pt-pt\\\/#organization\"},\"potentialAction\":[{\"@type\":\"SearchAction\",\"target\":{\"@type\":\"EntryPoint\",\"urlTemplate\":\"https:\\\/\\\/noniussolutions.com\\\/pt-pt\\\/?s={search_term_string}\"},\"query-input\":{\"@type\":\"PropertyValueSpecification\",\"valueRequired\":true,\"valueName\":\"search_term_string\"}}],\"inLanguage\":\"pt-PT\"},{\"@type\":\"Organization\",\"@id\":\"https:\\\/\\\/noniussolutions.com\\\/pt-pt\\\/#organization\",\"name\":\"Nonius\",\"url\":\"https:\\\/\\\/noniussolutions.com\\\/pt-pt\\\/\",\"logo\":{\"@type\":\"ImageObject\",\"inLanguage\":\"pt-PT\",\"@id\":\"https:\\\/\\\/noniussolutions.com\\\/pt-pt\\\/#\\\/schema\\\/logo\\\/image\\\/\",\"url\":\"https:\\\/\\\/noniussolutions.com\\\/wp-content\\\/uploads\\\/2025\\\/11\\\/logo-N.png\",\"contentUrl\":\"https:\\\/\\\/noniussolutions.com\\\/wp-content\\\/uploads\\\/2025\\\/11\\\/logo-N.png\",\"width\":500,\"height\":500,\"caption\":\"Nonius\"},\"image\":{\"@id\":\"https:\\\/\\\/noniussolutions.com\\\/pt-pt\\\/#\\\/schema\\\/logo\\\/image\\\/\"},\"sameAs\":[\"https:\\\/\\\/www.facebook.com\\\/noniussoftware\\\/\",\"https:\\\/\\\/www.linkedin.com\\\/company\\\/nonius\\\/\",\"https:\\\/\\\/www.youtube.com\\\/user\\\/NoniusSoft\",\"https:\\\/\\\/www.instagram.com\\\/noniussolutions\\\/\"]}]}<\/script>\n<!-- \/ Yoast SEO plugin. -->","yoast_head_json":{"title":"Termo de Responsabilidade &#8211; Nonius","robots":{"index":"index","follow":"follow","max-snippet":"max-snippet:-1","max-image-preview":"max-image-preview:large","max-video-preview":"max-video-preview:-1"},"canonical":"https:\/\/noniussolutions.com\/pt-pt\/termo-de-responsabilidade\/","og_locale":"pt_PT","og_type":"article","og_title":"Termo de Responsabilidade &#8211; Nonius","og_description":"[vc_row type=&#8221;in_container&#8221; full_screen_row_position=&#8221;middle&#8221; column_margin=&#8221;default&#8221; column_direction=&#8221;default&#8221; column_direction_tablet=&#8221;default&#8221; column_direction_phone=&#8221;default&#8221; scene_position=&#8221;center&#8221; text_color=&#8221;dark&#8221; text_align=&#8221;left&#8221; row_border_radius=&#8221;none&#8221; row_border_radius_applies=&#8221;bg&#8221; overflow=&#8221;visible&#8221; overlay_strength=&#8221;0.3&#8243; gradient_direction=&#8221;left_to_right&#8221; shape_divider_position=&#8221;bottom&#8221; bg_image_animation=&#8221;none&#8221;][vc_column column_padding=&#8221;no-extra-padding&#8221; column_padding_tablet=&#8221;inherit&#8221; column_padding_phone=&#8221;inherit&#8221; column_padding_position=&#8221;all&#8221; column_element_direction_desktop=&#8221;default&#8221; column_element_spacing=&#8221;default&#8221; desktop_text_alignment=&#8221;default&#8221; tablet_text_alignment=&#8221;default&#8221; phone_text_alignment=&#8221;default&#8221; background_color_opacity=&#8221;1&#8243; background_hover_color_opacity=&#8221;1&#8243; column_backdrop_filter=&#8221;none&#8221; column_shadow=&#8221;none&#8221;...","og_url":"https:\/\/noniussolutions.com\/pt-pt\/termo-de-responsabilidade\/","og_site_name":"Nonius","article_publisher":"https:\/\/www.facebook.com\/noniussoftware\/","article_modified_time":"2026-03-16T16:53:35+00:00","twitter_card":"summary_large_image","twitter_misc":{"Tempo estimado de leitura":"3 minutos"},"schema":{"@context":"https:\/\/schema.org","@graph":[{"@type":"WebPage","@id":"https:\/\/noniussolutions.com\/pt-pt\/termo-de-responsabilidade\/","url":"https:\/\/noniussolutions.com\/pt-pt\/termo-de-responsabilidade\/","name":"Termo de Responsabilidade &#8211; Nonius","isPartOf":{"@id":"https:\/\/noniussolutions.com\/pt-pt\/#website"},"datePublished":"2025-09-24T10:27:02+00:00","dateModified":"2026-03-16T16:53:35+00:00","breadcrumb":{"@id":"https:\/\/noniussolutions.com\/pt-pt\/termo-de-responsabilidade\/#breadcrumb"},"inLanguage":"pt-PT","potentialAction":[{"@type":"ReadAction","target":["https:\/\/noniussolutions.com\/pt-pt\/termo-de-responsabilidade\/"]}]},{"@type":"BreadcrumbList","@id":"https:\/\/noniussolutions.com\/pt-pt\/termo-de-responsabilidade\/#breadcrumb","itemListElement":[{"@type":"ListItem","position":1,"name":"Home","item":"https:\/\/noniussolutions.com\/pt-pt\/"},{"@type":"ListItem","position":2,"name":"Termo de Responsabilidade"}]},{"@type":"WebSite","@id":"https:\/\/noniussolutions.com\/pt-pt\/#website","url":"https:\/\/noniussolutions.com\/pt-pt\/","name":"Nonius","description":"Hospitality Technology","publisher":{"@id":"https:\/\/noniussolutions.com\/pt-pt\/#organization"},"potentialAction":[{"@type":"SearchAction","target":{"@type":"EntryPoint","urlTemplate":"https:\/\/noniussolutions.com\/pt-pt\/?s={search_term_string}"},"query-input":{"@type":"PropertyValueSpecification","valueRequired":true,"valueName":"search_term_string"}}],"inLanguage":"pt-PT"},{"@type":"Organization","@id":"https:\/\/noniussolutions.com\/pt-pt\/#organization","name":"Nonius","url":"https:\/\/noniussolutions.com\/pt-pt\/","logo":{"@type":"ImageObject","inLanguage":"pt-PT","@id":"https:\/\/noniussolutions.com\/pt-pt\/#\/schema\/logo\/image\/","url":"https:\/\/noniussolutions.com\/wp-content\/uploads\/2025\/11\/logo-N.png","contentUrl":"https:\/\/noniussolutions.com\/wp-content\/uploads\/2025\/11\/logo-N.png","width":500,"height":500,"caption":"Nonius"},"image":{"@id":"https:\/\/noniussolutions.com\/pt-pt\/#\/schema\/logo\/image\/"},"sameAs":["https:\/\/www.facebook.com\/noniussoftware\/","https:\/\/www.linkedin.com\/company\/nonius\/","https:\/\/www.youtube.com\/user\/NoniusSoft","https:\/\/www.instagram.com\/noniussolutions\/"]}]}},"_links":{"self":[{"href":"https:\/\/noniussolutions.com\/pt-pt\/wp-json\/wp\/v2\/pages\/62856","targetHints":{"allow":["GET"]}}],"collection":[{"href":"https:\/\/noniussolutions.com\/pt-pt\/wp-json\/wp\/v2\/pages"}],"about":[{"href":"https:\/\/noniussolutions.com\/pt-pt\/wp-json\/wp\/v2\/types\/page"}],"author":[{"embeddable":true,"href":"https:\/\/noniussolutions.com\/pt-pt\/wp-json\/wp\/v2\/users\/1"}],"replies":[{"embeddable":true,"href":"https:\/\/noniussolutions.com\/pt-pt\/wp-json\/wp\/v2\/comments?post=62856"}],"version-history":[{"count":0,"href":"https:\/\/noniussolutions.com\/pt-pt\/wp-json\/wp\/v2\/pages\/62856\/revisions"}],"wp:attachment":[{"href":"https:\/\/noniussolutions.com\/pt-pt\/wp-json\/wp\/v2\/media?parent=62856"}],"curies":[{"name":"wp","href":"https:\/\/api.w.org\/{rel}","templated":true}]}}